{"id":21167,"date":"2021-11-26T14:28:19","date_gmt":"2021-11-26T13:28:19","guid":{"rendered":"https:\/\/mgvpublications.com\/produkt\/islam-ilmihali-buyuk-boy\/"},"modified":"2022-04-29T19:59:42","modified_gmt":"2022-04-29T17:59:42","slug":"islam-ilmihali-buyuk-boy","status":"publish","type":"product","link":"https:\/\/mgvpublications.com\/de\/islam-ilmihali-buyuk-boy\/","title":{"rendered":"\u0130slam \u0130lmihali (B\u00fcy\u00fck Boy)"},"content":{"rendered":"<p>Yay\u0131n Tarihi: 01.01.2018<br \/>ISBN: 9789751967695<br \/>Dil: T\u00dcRK\u00c7E<br \/>Sayfa Say\u0131s\u0131: 584<br \/>Cilt Tipi: Karton Kapak<br \/>Ka\u011f\u0131t Cinsi: Kitap Ka\u011f\u0131d\u0131<br \/>Boyut: 16.5 x 24.5 cm<\/p>","protected":false},"excerpt":{"rendered":"<p>\u0130sl\u00e2m \u0130lmihali kitab\u0131nda itikat, ibadet, helaller ve haramlar, yap\u0131lmas\u0131 g\u00fcnah olan \u015feyler, ahl\u00e2k ve Peygamberimiz Hz. Muhammed b\u00f6l\u00fcmleri yer almaktad\u0131r. Kitab\u0131n b\u00f6l\u00fcmlerinde, M\u00fcsl\u00fcmanlar\u0131n g\u00fcndelik hayat\u0131nda kar\u015f\u0131la\u015fabilece\u011fi dini sorulara cevaplar yer almaktad\u0131r.<\/p>","protected":false},"featured_media":21166,"template":"","meta":{"spay_email":""},"product_cat":[174],"product_tag":[],"item":[960],"acf":[],"_links":{"self":[{"href":"https:\/\/mgvpublications.com\/de\/wp-json\/wp\/v2\/product\/21167"}],"collection":[{"href":"https:\/\/mgvpublications.com\/de\/wp-json\/wp\/v2\/product"}],"about":[{"href":"https:\/\/mgvpublications.com\/de\/wp-json\/wp\/v2\/types\/product"}],"wp:featuredmedia":[{"embeddable":true,"href":"https:\/\/mgvpublications.com\/de\/wp-json\/wp\/v2\/media\/21166"}],"wp:attachment":[{"href":"https:\/\/mgvpublications.com\/de\/wp-json\/wp\/v2\/media?parent=21167"}],"wp:term":[{"taxonomy":"product_cat","embeddable":true,"href":"https:\/\/mgvpublications.com\/de\/wp-json\/wp\/v2\/product_cat?post=21167"},{"taxonomy":"product_tag","embeddable":true,"href":"https:\/\/mgvpublications.com\/de\/wp-json\/wp\/v2\/product_tag?post=21167"},{"taxonomy":"item","embeddable":true,"href":"https:\/\/mgvpublications.com\/de\/wp-json\/wp\/v2\/item?post=21167"}],"curies":[{"name":"wp","href":"https:\/\/api.w.org\/{rel}","templated":true}]}}