{"id":21157,"date":"2021-11-26T14:28:07","date_gmt":"2021-11-26T13:28:07","guid":{"rendered":"https:\/\/mgvpublications.com\/produkt\/mutlu-evlilik-okulu\/"},"modified":"2022-03-08T22:56:15","modified_gmt":"2022-03-08T21:56:15","slug":"mutlu-evlilik-okulu","status":"publish","type":"product","link":"https:\/\/mgvpublications.com\/de\/mutlu-evlilik-okulu\/","title":{"rendered":"Mutlu Evlilik Okulu"},"content":{"rendered":"<p>Yay\u0131n Tarihi: 05.08.2020<br \/>ISBN: 9786257111324<br \/>Dil: T\u00dcRK\u00c7E<br \/>Sayfa Say\u0131s\u0131: 376<br \/>Cilt Tipi: Karton Kapak<br \/>Ka\u011f\u0131t Cinsi: Kitap Ka\u011f\u0131d\u0131<br \/>Boyut: 13.5 x 21 cm<\/p>","protected":false},"excerpt":{"rendered":"<p>Bek\u00e2rlar ve Evlenmeye Haz\u0131rlananlar! Ve Evliler! Muhabbetli bir hayat isteyenler&#8230; Birbirimizi seviyoruz fakat sevginin tad\u0131n\u0131 kaybettik diyenler, kavgalardan yorulduk diye \u015fikayet edenler, e\u015fimle mutlu olmak istiyorum fakat ne yapaca\u011f\u0131m\u0131 bilmiyorum diyenler&#8230; \u0130\u015fte bu kitap tam size g\u00f6re! Sema Mara\u015fl\u0131&#8217;n\u0131n sade ve samimi anlat\u0131m\u0131yla, \u00e7ok i\u015finize yarayacak bilgilerle birlikte, &#8220;evlilik okulu dersleri&#8221; aile hayat\u0131 \u00fczerine size bamba\u015fka bir pencere a\u00e7acak. Bir yak\u0131n\u0131n\u0131zla sohbet eder gibi, sizi \u00e7ok iyi tan\u0131yan biri yazm\u0131\u015f gibi &#8220;Beni anlatm\u0131\u015f, bizi anlatm\u0131\u015f&#8221; diye okuyacaks\u0131n\u0131z. Hatalar\u0131n\u0131z\u0131 g\u00f6recek yer yer sars\u0131lacak, bazen belki de k\u0131zacaks\u0131n\u0131z. Baz\u0131 dersleri g\u00fcl\u00fcmseyerek okuyacaks\u0131n\u0131z. Derslerden sonra evlili\u011fe bak\u0131\u015f a\u00e7\u0131n\u0131z de\u011fi\u015fecek. E\u011fer ister ve emek verirseniz hayat\u0131n\u0131z da de\u011fi\u015fecek&#8230; Evlilik kitaplar\u0131yla binlerce aileye yol g\u00f6steren Sema Mara\u015fl\u0131 yeni kitab\u0131 ile sizlerle! \u00d6\u011frenmenin ve \u00f6\u011frencili\u011fin ya\u015f\u0131 yok.<\/p>","protected":false},"featured_media":21156,"template":"","meta":{"spay_email":""},"product_cat":[169],"product_tag":[],"item":[354],"acf":[],"_links":{"self":[{"href":"https:\/\/mgvpublications.com\/de\/wp-json\/wp\/v2\/product\/21157"}],"collection":[{"href":"https:\/\/mgvpublications.com\/de\/wp-json\/wp\/v2\/product"}],"about":[{"href":"https:\/\/mgvpublications.com\/de\/wp-json\/wp\/v2\/types\/product"}],"wp:featuredmedia":[{"embeddable":true,"href":"https:\/\/mgvpublications.com\/de\/wp-json\/wp\/v2\/media\/21156"}],"wp:attachment":[{"href":"https:\/\/mgvpublications.com\/de\/wp-json\/wp\/v2\/media?parent=21157"}],"wp:term":[{"taxonomy":"product_cat","embeddable":true,"href":"https:\/\/mgvpublications.com\/de\/wp-json\/wp\/v2\/product_cat?post=21157"},{"taxonomy":"product_tag","embeddable":true,"href":"https:\/\/mgvpublications.com\/de\/wp-json\/wp\/v2\/product_tag?post=21157"},{"taxonomy":"item","embeddable":true,"href":"https:\/\/mgvpublications.com\/de\/wp-json\/wp\/v2\/item?post=21157"}],"curies":[{"name":"wp","href":"https:\/\/api.w.org\/{rel}","templated":true}]}}