{"id":21153,"date":"2021-11-26T14:28:01","date_gmt":"2021-11-26T13:28:01","guid":{"rendered":"https:\/\/mgvpublications.com\/produkt\/ozgurlugun-fecri\/"},"modified":"2022-08-15T21:24:33","modified_gmt":"2022-08-15T19:24:33","slug":"ozgurlugun-fecri","status":"publish","type":"product","link":"https:\/\/mgvpublications.com\/de\/ozgurlugun-fecri\/","title":{"rendered":"\u00d6zg\u00fcrl\u00fc\u011f\u00fcn Fecri"},"content":{"rendered":"<p>Yay\u0131n Tarihi: 30.04.2021<br \/>ISBN: 9786055146696<br \/>Dil: T\u00dcRK\u00c7E<br \/>Sayfa Say\u0131s\u0131: 136<br \/>Cilt Tipi: Karton Kapak<br \/>Ka\u011f\u0131t Cinsi: Kitap Ka\u011f\u0131d\u0131<br \/>Boyut: 13.5 x 21 cm<\/p>","protected":false},"excerpt":{"rendered":"<p>Abdullah Galib Bergusi. T\u00fcrkiyeli okur onu \u201cYoldaki M\u00fchendis\u201d kitab\u0131yla tan\u0131d\u0131. Filistin&#8217;in ya\u015fayan efsanevi komutanlar\u0131ndan birisi olan Bergusi \u0130srail tarihinde 67 m\u00fcebbet ve 5200 y\u0131l hapisle en \u00e7ok ceza verilen ki\u015fi. Bergusi \u00d6zg\u00fcrl\u00fc\u011f\u00fcn Fecri ismiyle T\u00fcrk\u00e7e&#8217;ye \u00e7evirdi\u011fimiz bu yeni kitab\u0131nda Filistinli bir direni\u015f\u00e7i gen\u00e7 k\u0131z\u0131n hikayesini anlat\u0131yor. \u201c\u00d6zg\u00fcrl\u00fc\u011f\u00fcn Fecri\u2026 F\u0131rt\u0131nal\u0131 bir havada, dalgal\u0131 denizin ortas\u0131nda kalan bir gen\u00e7 k\u0131z\u0131n hik\u00e2yesi\u2026 Allah&#8217;a olan iman\u0131 ve davas\u0131na sadakati sayesinde sahili selamete ula\u015ft\u0131; yoksa \u00e7oktan bo\u011fulmu\u015ftu. Macide; daha gen\u00e7 ya\u015fta Siyonist i\u015fgalin kasvetine ve merhametsizli\u011fine, dalgal\u0131 denizlerin karanl\u0131\u011f\u0131na maruz kalm\u0131\u015ft\u0131. \u00d6yle bir sava\u015fa girmi\u015fti ki en g\u00fc\u00e7l\u00fc adamlar\u0131n bile girmeye cesaret edemedi\u011fi bir sava\u015f&#8230; Bu \u00e7etin sava\u015fa her ne kadar ilk ba\u015flarda istemeden girmi\u015f olsa da sonradan Filistin direni\u015fin en g\u00fc\u00e7l\u00fc neferlerinden birisi oldu. En karanl\u0131k anda bile asla yeise d\u00fc\u015fmedi. Ayd\u0131nl\u0131k sabahlar\u0131n bir g\u00fcn gelece\u011fine hep inand\u0131. Macide; \u015fehit k\u0131z\u0131n annesi, direni\u015f\u00e7i kocan\u0131n e\u015fi ve kendisi de bir direni\u015f\u00e7i&#8230; En karanl\u0131k anda bile asla yeise d\u00fc\u015fmedi. Ayd\u0131nl\u0131k sabahlar\u0131n bir g\u00fcn gelece\u011fine hep inand\u0131. Bu hikayeyi 2003 y\u0131l\u0131ndan beridir tutsak oldu\u011fum h\u00fccremde kaleme ald\u0131m.\u201d Abdullah Galib Bergusi Ramle Hapishanesi &#8211; Filistin<\/p>","protected":false},"featured_media":21152,"template":"","meta":{"spay_email":""},"product_cat":[168],"product_tag":[],"item":[867],"acf":[],"_links":{"self":[{"href":"https:\/\/mgvpublications.com\/de\/wp-json\/wp\/v2\/product\/21153"}],"collection":[{"href":"https:\/\/mgvpublications.com\/de\/wp-json\/wp\/v2\/product"}],"about":[{"href":"https:\/\/mgvpublications.com\/de\/wp-json\/wp\/v2\/types\/product"}],"wp:featuredmedia":[{"embeddable":true,"href":"https:\/\/mgvpublications.com\/de\/wp-json\/wp\/v2\/media\/21152"}],"wp:attachment":[{"href":"https:\/\/mgvpublications.com\/de\/wp-json\/wp\/v2\/media?parent=21153"}],"wp:term":[{"taxonomy":"product_cat","embeddable":true,"href":"https:\/\/mgvpublications.com\/de\/wp-json\/wp\/v2\/product_cat?post=21153"},{"taxonomy":"product_tag","embeddable":true,"href":"https:\/\/mgvpublications.com\/de\/wp-json\/wp\/v2\/product_tag?post=21153"},{"taxonomy":"item","embeddable":true,"href":"https:\/\/mgvpublications.com\/de\/wp-json\/wp\/v2\/item?post=21153"}],"curies":[{"name":"wp","href":"https:\/\/api.w.org\/{rel}","templated":true}]}}