{"id":21145,"date":"2021-11-26T14:27:50","date_gmt":"2021-11-26T13:27:50","guid":{"rendered":"https:\/\/mgvpublications.com\/produkt\/baglacli-yazilar-bir-dava-usulu-denemesi\/"},"modified":"2022-03-08T22:56:14","modified_gmt":"2022-03-08T21:56:14","slug":"baglacli-yazilar-bir-dava-usulu-denemesi","status":"publish","type":"product","link":"https:\/\/mgvpublications.com\/de\/baglacli-yazilar-bir-dava-usulu-denemesi\/","title":{"rendered":"Ba\u011fla\u00e7l\u0131 Yaz\u0131lar: Bir Dava Us\u00fbl\u00fc Denemesi"},"content":{"rendered":"<p>Yay\u0131n Tarihi: 25.10.2021<br \/>ISBN: 9786052008737<br \/>Dil: T\u00dcRK\u00c7E<br \/>Sayfa Say\u0131s\u0131: 126<br \/>Cilt Tipi: Karton Kapak<br \/>Ka\u011f\u0131t Cinsi: Kitap Ka\u011f\u0131d\u0131<br \/>Boyut: 13.5 x 21 cm<\/p>","protected":false},"excerpt":{"rendered":"<p>M\u00fccadele mecralar\u0131n\u0131n en \u00f6nemlilerinden biri fikir mecras\u0131d\u0131r. Zira insano\u011flu akledip fikretmekle ger\u00e7ekli\u011fi \u00e7\u00f6z\u00fcmleyebilmekte ve kendi fark\u0131ndal\u0131\u011f\u0131n\u0131 olu\u015fturabilmektedir. Bu \u00e7er\u00e7evede fikir, hayatta en k\u0131ymetli olan husustur. \u0130mana g\u00f6t\u00fcren \u015fey de kalp ile akletmek\/fikretmektir. Ayr\u0131ca insana en fazla de\u011fer katan ve haz veren \u015feyler; anlamak, tan\u0131mlamak ve yorumlamakt\u0131r. Ge\u00e7mi\u015f m\u00fcktesebat\u0131n ve &#8220;yeni\u201dnin fark\u0131nda olan bir d\u00fc\u015f\u00fcnce gayretiyle, fikir s\u00fcz\u00fcl\u00fcp akmaya ve d\u00fcnya g\u00f6r\u00fc\u015f\u00fc \u015fekillenmeye ba\u015flayacakt\u0131r. Hedef, m\u00fctek\u00e2mil bir d\u00fcnya g\u00f6r\u00fc\u015f\u00fcne fikir gayretiyle eri\u015fmektir. \u0130lim ve fikirle birlikte dava derdinde olmak ise daha \u00fcst bir hedeftir. Bir \u00fcst hedef olarak bu \u00fc\u00e7l\u00fc, bir b\u00fct\u00fcn olu\u015fturmaktad\u0131r: \u0130lim, fikir ve dava.<\/p>","protected":false},"featured_media":21144,"template":"","meta":{"spay_email":""},"product_cat":[168],"product_tag":[],"item":[335],"acf":[],"_links":{"self":[{"href":"https:\/\/mgvpublications.com\/de\/wp-json\/wp\/v2\/product\/21145"}],"collection":[{"href":"https:\/\/mgvpublications.com\/de\/wp-json\/wp\/v2\/product"}],"about":[{"href":"https:\/\/mgvpublications.com\/de\/wp-json\/wp\/v2\/types\/product"}],"wp:featuredmedia":[{"embeddable":true,"href":"https:\/\/mgvpublications.com\/de\/wp-json\/wp\/v2\/media\/21144"}],"wp:attachment":[{"href":"https:\/\/mgvpublications.com\/de\/wp-json\/wp\/v2\/media?parent=21145"}],"wp:term":[{"taxonomy":"product_cat","embeddable":true,"href":"https:\/\/mgvpublications.com\/de\/wp-json\/wp\/v2\/product_cat?post=21145"},{"taxonomy":"product_tag","embeddable":true,"href":"https:\/\/mgvpublications.com\/de\/wp-json\/wp\/v2\/product_tag?post=21145"},{"taxonomy":"item","embeddable":true,"href":"https:\/\/mgvpublications.com\/de\/wp-json\/wp\/v2\/item?post=21145"}],"curies":[{"name":"wp","href":"https:\/\/api.w.org\/{rel}","templated":true}]}}