{"id":21141,"date":"2021-11-26T14:27:45","date_gmt":"2021-11-26T13:27:45","guid":{"rendered":"https:\/\/mgvpublications.com\/produkt\/avucundaki-opucuk\/"},"modified":"2022-03-08T22:56:14","modified_gmt":"2022-03-08T21:56:14","slug":"avucundaki-opucuk","status":"publish","type":"product","link":"https:\/\/mgvpublications.com\/de\/avucundaki-opucuk\/","title":{"rendered":"Avucundaki \u00d6p\u00fcc\u00fck"},"content":{"rendered":"<p>ISBN: 9786055524524<br \/>Dil: T\u00dcRK\u00c7E<br \/>Sayfa Say\u0131s\u0131: 32<br \/>Cilt Tipi: Karton Kapak<br \/>Ka\u011f\u0131t Cinsi: Kitap Ka\u011f\u0131d\u0131<br \/>Boyut: 20 x 25.5 cm<\/p>","protected":false},"excerpt":{"rendered":"<p>Ormanda okul ba\u015fl\u0131yordu ama Minik Rakun okula gitmek istemiyordu. Onun korkular\u0131n\u0131 yat\u0131\u015ft\u0131rmak isteyen Anne Rakun, \u201cAvucundaki \u00d6pu\u00a8cu\u00a8k\u201d ad\u0131n\u0131 verdi\u011fi aile s\u0131rr\u0131n\u0131 yavrusuyla payla\u015ft\u0131. Amac\u0131 du\u00a8nyas\u0131 ne zaman birazc\u0131k korkutucu hale gelse, onu \u00e7ok sevdi\u011fini hat\u0131rlamas\u0131n\u0131 sa\u011flamakt\u0131. 1993 y\u0131l\u0131ndaki ilk bas\u0131m\u0131ndan beri insan\u0131n i\u00e7ini \u0131s\u0131tan bu kitap, \u00e7ocuk klasikleri aras\u0131ndaki yerini alarak, \u00f6zellikle de okula, yuvaya ba\u015flamak ya da bir kampa gitmek gibi ayr\u0131l\u0131k anlar\u0131nda, milyonlarca \u00e7ocu\u011fun ve velinin ya\u015fam\u0131na dokunmu\u015ftur. \u00c7ok say\u0131da yuva \u00f6\u011fretmeni bu \u00f6yku\u00a8yu\u00a8 ilk gu\u00a8nde okumay\u0131 sever.<\/p>","protected":false},"featured_media":21140,"template":"","meta":{"spay_email":""},"product_cat":[172],"product_tag":[],"item":[1749],"acf":[],"_links":{"self":[{"href":"https:\/\/mgvpublications.com\/de\/wp-json\/wp\/v2\/product\/21141"}],"collection":[{"href":"https:\/\/mgvpublications.com\/de\/wp-json\/wp\/v2\/product"}],"about":[{"href":"https:\/\/mgvpublications.com\/de\/wp-json\/wp\/v2\/types\/product"}],"wp:featuredmedia":[{"embeddable":true,"href":"https:\/\/mgvpublications.com\/de\/wp-json\/wp\/v2\/media\/21140"}],"wp:attachment":[{"href":"https:\/\/mgvpublications.com\/de\/wp-json\/wp\/v2\/media?parent=21141"}],"wp:term":[{"taxonomy":"product_cat","embeddable":true,"href":"https:\/\/mgvpublications.com\/de\/wp-json\/wp\/v2\/product_cat?post=21141"},{"taxonomy":"product_tag","embeddable":true,"href":"https:\/\/mgvpublications.com\/de\/wp-json\/wp\/v2\/product_tag?post=21141"},{"taxonomy":"item","embeddable":true,"href":"https:\/\/mgvpublications.com\/de\/wp-json\/wp\/v2\/item?post=21141"}],"curies":[{"name":"wp","href":"https:\/\/api.w.org\/{rel}","templated":true}]}}