{"id":21139,"date":"2021-11-26T14:27:40","date_gmt":"2021-11-26T13:27:40","guid":{"rendered":"https:\/\/mgvpublications.com\/produkt\/hihicik\/"},"modified":"2022-03-08T22:56:14","modified_gmt":"2022-03-08T21:56:14","slug":"hihicik","status":"publish","type":"product","link":"https:\/\/mgvpublications.com\/de\/hihicik\/","title":{"rendered":"H\u0131h\u0131c\u0131k"},"content":{"rendered":"<p>Yay\u0131n Tarihi: 23.11.2021<br \/>ISBN: 9786254160547<br \/>Dil: T\u00dcRK\u00c7E<br \/>Sayfa Say\u0131s\u0131: 40<br \/>Cilt Tipi: Karton Kapak<br \/>Ka\u011f\u0131t Cinsi: Kitap Ka\u011f\u0131d\u0131<br \/>Boyut: 13.5 x 19.5 cm<br \/>\u00c7izer: G\u00fcl Sar\u0131<br \/>Di\u011fer \u00d6zellik: 6-8 Ya\u015f<\/p>","protected":false},"excerpt":{"rendered":"<p>\u201cH\u0131h\u0131.\u201d \u201cI\u0131 \u0131h.\u201d \u201cIh\u0131h\u0131h\u0131h\u0131\u2026.\u201d \u201cH\u0131?\u201d Ah, zavall\u0131 H\u0131h\u0131c\u0131k! Onun evinde i\u015fte sadece bu sesleri duyabilirsiniz. \u00c7\u00fcnk\u00fc anne babas\u0131 konu\u015fmay\u0131 hi\u00e7 sevmiyor. H\u0131h\u0131c\u0131k da yaln\u0131zca bu iki harfi kullanarak b\u00fcy\u00fcd\u00fc. Ta ki okula ba\u015flayana dek&#8230; Sonra okulda \u00f6yle \u00e7ok kelimeyle kar\u015f\u0131la\u015ft\u0131 ki: g\u00fczel kelimelerle, yeni kelimelerle ve bazen k\u00f6t\u00fc kelimelerle de. O art\u0131k kelimelerin zengin d\u00fcnyas\u0131nda ya\u015fayan mutlu bir \u00e7ocuktu. Peki ya evdeki sessizli\u011fe ne olacakt\u0131? Sizce? Edebiyat\u0131m\u0131z\u0131n \u00e7ok sevilen yazar\u0131 \u015eermin Ya\u015far i\u00e7ten anlat\u0131m\u0131, \u00e7ocuk d\u00fcnyas\u0131n\u0131 \u00f6zg\u00fcn ve derin kavray\u0131\u015f\u0131yla \u00e7ocuk edebiyat\u0131n\u0131 \u00f6zg\u00fcrle\u015ftirmeye devam ediyor. H\u0131h\u0131c\u0131k\u2019\u0131 okudu\u011funuzda onu hemen tan\u0131yacak; \u00e7ok ama \u00e7ok seveceksiniz!<\/p>","protected":false},"featured_media":22518,"template":"","meta":{"spay_email":""},"product_cat":[172],"product_tag":[],"item":[1105],"acf":[],"_links":{"self":[{"href":"https:\/\/mgvpublications.com\/de\/wp-json\/wp\/v2\/product\/21139"}],"collection":[{"href":"https:\/\/mgvpublications.com\/de\/wp-json\/wp\/v2\/product"}],"about":[{"href":"https:\/\/mgvpublications.com\/de\/wp-json\/wp\/v2\/types\/product"}],"wp:featuredmedia":[{"embeddable":true,"href":"https:\/\/mgvpublications.com\/de\/wp-json\/wp\/v2\/media\/22518"}],"wp:attachment":[{"href":"https:\/\/mgvpublications.com\/de\/wp-json\/wp\/v2\/media?parent=21139"}],"wp:term":[{"taxonomy":"product_cat","embeddable":true,"href":"https:\/\/mgvpublications.com\/de\/wp-json\/wp\/v2\/product_cat?post=21139"},{"taxonomy":"product_tag","embeddable":true,"href":"https:\/\/mgvpublications.com\/de\/wp-json\/wp\/v2\/product_tag?post=21139"},{"taxonomy":"item","embeddable":true,"href":"https:\/\/mgvpublications.com\/de\/wp-json\/wp\/v2\/item?post=21139"}],"curies":[{"name":"wp","href":"https:\/\/api.w.org\/{rel}","templated":true}]}}