{"id":21137,"date":"2021-11-26T14:27:40","date_gmt":"2021-11-26T13:27:40","guid":{"rendered":"https:\/\/mgvpublications.com\/produkt\/dahacik\/"},"modified":"2022-03-08T22:56:14","modified_gmt":"2022-03-08T21:56:14","slug":"dahacik","status":"publish","type":"product","link":"https:\/\/mgvpublications.com\/de\/dahacik\/","title":{"rendered":"Dahac\u0131k"},"content":{"rendered":"<p>Yay\u0131n Tarihi: 23.11.2021<br \/>ISBN: 9786254160530<br \/>Dil: T\u00dcRK\u00c7E<br \/>Sayfa Say\u0131s\u0131: 40<br \/>Cilt Tipi: Karton Kapak<br \/>Ka\u011f\u0131t Cinsi: Kitap Ka\u011f\u0131d\u0131<br \/>Boyut: 13.5 x 19.5 cm<br \/>\u00c7izer: G\u00fcl Sar\u0131<\/p>","protected":false},"excerpt":{"rendered":"<p>\u201cDaha h\u0131zl\u0131 ko\u015fabilirdin Dahac\u0131k.\u201d \u201cDaha ba\u015far\u0131l\u0131 olabilirdin Dahac\u0131k.\u201d \u201cDaha g\u00fczel \u00e7izebilirdin Dahac\u0131k.\u201d \u201cDaha m\u00fckemmel olmal\u0131s\u0131n Dahac\u0131k.\u201d \u201cDaha daha daha Dahac\u0131k!\u201d Ah, zavall\u0131 Dahac\u0131k! Babas\u0131 onun d\u00fcnyan\u0131n en m\u00fckemmel \u00e7ocu\u011fu olmas\u0131n\u0131 istiyor. Ad\u0131n\u0131 neden Dahac\u0131k koydu san\u0131yorsunuz! Her \u015feyi \u201cdaha\u201d iyi yapmas\u0131n\u0131 istedi\u011fi i\u00e7in. Oysa Dahac\u0131k kendini m\u00fckemmel olmaya zorlamal\u0131 m\u0131? M\u00fckemmel \u00e7ocuk ya da m\u00fckemmel anne baba var m\u0131d\u0131r? Sevdiklerimizle ge\u00e7irdi\u011fimiz g\u00fczel anlar yeterince m\u00fckemmel de\u011fil midir? Sizce? Edebiyat\u0131m\u0131z\u0131n \u00e7ok sevilen yazar\u0131 \u015eermin Ya\u015far i\u00e7ten anlat\u0131m\u0131, \u00e7ocuk d\u00fcnyas\u0131n\u0131 \u00f6zg\u00fcn ve derin kavray\u0131\u015f\u0131yla \u00e7ocuk edebiyat\u0131n\u0131 \u00f6zg\u00fcrle\u015ftirmeye devam ediyor. Dahac\u0131k\u2019\u0131 okudu\u011funuzda onu hemen tan\u0131yacak; \u00e7ok ama \u00e7ok seveceksiniz!<\/p>","protected":false},"featured_media":22517,"template":"","meta":{"spay_email":""},"product_cat":[172],"product_tag":[],"item":[1105],"acf":[],"_links":{"self":[{"href":"https:\/\/mgvpublications.com\/de\/wp-json\/wp\/v2\/product\/21137"}],"collection":[{"href":"https:\/\/mgvpublications.com\/de\/wp-json\/wp\/v2\/product"}],"about":[{"href":"https:\/\/mgvpublications.com\/de\/wp-json\/wp\/v2\/types\/product"}],"wp:featuredmedia":[{"embeddable":true,"href":"https:\/\/mgvpublications.com\/de\/wp-json\/wp\/v2\/media\/22517"}],"wp:attachment":[{"href":"https:\/\/mgvpublications.com\/de\/wp-json\/wp\/v2\/media?parent=21137"}],"wp:term":[{"taxonomy":"product_cat","embeddable":true,"href":"https:\/\/mgvpublications.com\/de\/wp-json\/wp\/v2\/product_cat?post=21137"},{"taxonomy":"product_tag","embeddable":true,"href":"https:\/\/mgvpublications.com\/de\/wp-json\/wp\/v2\/product_tag?post=21137"},{"taxonomy":"item","embeddable":true,"href":"https:\/\/mgvpublications.com\/de\/wp-json\/wp\/v2\/item?post=21137"}],"curies":[{"name":"wp","href":"https:\/\/api.w.org\/{rel}","templated":true}]}}