{"id":21135,"date":"2021-11-26T14:27:35","date_gmt":"2021-11-26T13:27:35","guid":{"rendered":"https:\/\/mgvpublications.com\/produkt\/dava-2\/"},"modified":"2022-03-13T14:44:29","modified_gmt":"2022-03-13T13:44:29","slug":"dava-2","status":"publish","type":"product","link":"https:\/\/mgvpublications.com\/de\/dava-2\/","title":{"rendered":"Dava"},"content":{"rendered":"<p>\u00c7evirmen: Yavuz Haznedaro\u011flu<br \/>Yay\u0131n Tarihi: 21.04.2021<br \/>ISBN: 9786257361729<br \/>Dil: T\u00dcRK\u00c7E<br \/>Sayfa Say\u0131s\u0131: 232<br \/>Cilt Tipi: Karton Kapak<br \/>Ka\u011f\u0131t Cinsi: Kitap Ka\u011f\u0131d\u0131<br \/>Boyut: 12.5 x 19.5 cm<\/p>","protected":false},"excerpt":{"rendered":"<p>Franz Kafka, Dava\u2019da bir sabah hi\u00e7 bilmedi\u011fi bir su\u00e7 y\u00fcz\u00fcnden tutuklanan Josef K.\u2019n\u0131n \u00f6yk\u00fcs\u00fcn\u00fc anlat\u0131r. Kitap, Josef K.\u2019n\u0131n belirsizlikler i\u00e7erisinde seyreden davas\u0131yla ilgili verdi\u011fi m\u00fccadeleyi ve masumiyetini ispatlama \u00e7abas\u0131n\u0131 takip ederken hukuk d\u00fczeni ve adaletle \u00e7evrelendi\u011fini d\u00fc\u015f\u00fcnen \u00e7a\u011f\u0131m\u0131z insan\u0131n\u0131 korkunun egemen oldu\u011fu ve hukukun ters y\u00fcz edildi\u011fi bir evrene sokar. Bu distopik evrende, yazar\u0131n\u0131n deyimiyle asla ger\u00e7ek bir aklanm\u0131\u015fl\u0131ktan s\u00f6z edilemez. Kafka, bu zamans\u0131z distopyayla \u00f6zg\u00fcrl\u00fck ve hukuk kavram\u0131 \u00fczerine d\u00fc\u015f\u00fcncelerimizi sorgulat\u0131yor. Kafka\u2019n\u0131n abs\u00fcrt bir hik\u00e2yeyi anlatt\u0131\u011f\u0131 roman\u0131 Almanca asl\u0131ndan T\u00fcrk\u00e7eye \u00e7evrildi.<\/p>","protected":false},"featured_media":21134,"template":"","meta":{"spay_email":""},"product_cat":[168],"product_tag":[],"item":[1439],"acf":[],"_links":{"self":[{"href":"https:\/\/mgvpublications.com\/de\/wp-json\/wp\/v2\/product\/21135"}],"collection":[{"href":"https:\/\/mgvpublications.com\/de\/wp-json\/wp\/v2\/product"}],"about":[{"href":"https:\/\/mgvpublications.com\/de\/wp-json\/wp\/v2\/types\/product"}],"wp:featuredmedia":[{"embeddable":true,"href":"https:\/\/mgvpublications.com\/de\/wp-json\/wp\/v2\/media\/21134"}],"wp:attachment":[{"href":"https:\/\/mgvpublications.com\/de\/wp-json\/wp\/v2\/media?parent=21135"}],"wp:term":[{"taxonomy":"product_cat","embeddable":true,"href":"https:\/\/mgvpublications.com\/de\/wp-json\/wp\/v2\/product_cat?post=21135"},{"taxonomy":"product_tag","embeddable":true,"href":"https:\/\/mgvpublications.com\/de\/wp-json\/wp\/v2\/product_tag?post=21135"},{"taxonomy":"item","embeddable":true,"href":"https:\/\/mgvpublications.com\/de\/wp-json\/wp\/v2\/item?post=21135"}],"curies":[{"name":"wp","href":"https:\/\/api.w.org\/{rel}","templated":true}]}}