{"id":21131,"date":"2021-11-26T14:27:29","date_gmt":"2021-11-26T13:27:29","guid":{"rendered":"https:\/\/mgvpublications.com\/produkt\/babaya-mektup-2\/"},"modified":"2022-03-08T22:56:12","modified_gmt":"2022-03-08T21:56:12","slug":"babaya-mektup-2","status":"publish","type":"product","link":"https:\/\/mgvpublications.com\/de\/babaya-mektup-2\/","title":{"rendered":"Babaya Mektup"},"content":{"rendered":"<p>\u00c7evirmen: Cemre Selvi<br \/>Yay\u0131n Tarihi: 21.12.2020<br \/>ISBN: 9786257784597<br \/>Dil: T\u00dcRK\u00c7E<br \/>Sayfa Say\u0131s\u0131: 52<br \/>Cilt Tipi: Karton Kapak<br \/>Ka\u011f\u0131t Cinsi: Kitap Ka\u011f\u0131d\u0131<br \/>Boyut: 12.5 x 19.5 cm<\/p>","protected":false},"excerpt":{"rendered":"<p>Kafka\u2019n\u0131n 1919\u2019da babas\u0131 Hermann Kafka\u2019ya yazd\u0131\u011f\u0131 ama yerine ula\u015fmayan bir metin bu. Dolay\u0131s\u0131yla ele\u015ftirmenler aras\u0131nda Babaya Mektup\u2019un ger\u00e7ekten bir mektup mu yoksa kurgu mu oldu\u011fu konusu \u00e7ok tart\u0131\u015f\u0131ld\u0131. Almanca asl\u0131ndan T\u00fcrk\u00e7eye \u00e7evrilen Babaya Mektup, d\u00fcnya edebiyat\u0131n\u0131n en \u00f6nemli isimlerinden Franz Kafka\u2019n\u0131n en mahrem ve duygu dolu d\u00fc\u015f\u00fcncelerini yans\u0131t\u0131yor.<\/p>","protected":false},"featured_media":21130,"template":"","meta":{"spay_email":""},"product_cat":[168],"product_tag":[],"item":[1439],"acf":[],"_links":{"self":[{"href":"https:\/\/mgvpublications.com\/de\/wp-json\/wp\/v2\/product\/21131"}],"collection":[{"href":"https:\/\/mgvpublications.com\/de\/wp-json\/wp\/v2\/product"}],"about":[{"href":"https:\/\/mgvpublications.com\/de\/wp-json\/wp\/v2\/types\/product"}],"wp:featuredmedia":[{"embeddable":true,"href":"https:\/\/mgvpublications.com\/de\/wp-json\/wp\/v2\/media\/21130"}],"wp:attachment":[{"href":"https:\/\/mgvpublications.com\/de\/wp-json\/wp\/v2\/media?parent=21131"}],"wp:term":[{"taxonomy":"product_cat","embeddable":true,"href":"https:\/\/mgvpublications.com\/de\/wp-json\/wp\/v2\/product_cat?post=21131"},{"taxonomy":"product_tag","embeddable":true,"href":"https:\/\/mgvpublications.com\/de\/wp-json\/wp\/v2\/product_tag?post=21131"},{"taxonomy":"item","embeddable":true,"href":"https:\/\/mgvpublications.com\/de\/wp-json\/wp\/v2\/item?post=21131"}],"curies":[{"name":"wp","href":"https:\/\/api.w.org\/{rel}","templated":true}]}}