{"id":21129,"date":"2021-11-26T14:27:29","date_gmt":"2021-11-26T13:27:29","guid":{"rendered":"https:\/\/mgvpublications.com\/produkt\/gencler-icin-safahattan-secmeler\/"},"modified":"2022-04-07T14:50:20","modified_gmt":"2022-04-07T12:50:20","slug":"gencler-icin-safahattan-secmeler","status":"publish","type":"product","link":"https:\/\/mgvpublications.com\/de\/gencler-icin-safahattan-secmeler\/","title":{"rendered":"Gen\u00e7ler i\u00e7in Safahat\u2019tan Se\u00e7meler"},"content":{"rendered":"<p>Yay\u0131n Tarihi: 13.01.2021<br \/>ISBN: 9786257751629<br \/>Dil: T\u00dcRK\u00c7E<br \/>Sayfa Say\u0131s\u0131: 221<br \/>Cilt Tipi: Karton Kapak<br \/>Ka\u011f\u0131t Cinsi: Kitap Ka\u011f\u0131d\u0131<br \/>Boyut: 12.5 x 19.5 cm<\/p>","protected":false},"excerpt":{"rendered":"<p>Bu kitap, Safahat\u2019\u0131n yedi kitab\u0131ndan se\u00e7ti\u011fimiz \u015fiirlerden olu\u015fmaktad\u0131r. Se\u00e7ti\u011fimiz \u015fiirlerin, kolay anla\u015f\u0131l\u0131r ve \u00c2kif\u2019in d\u00fc\u015f\u00fcnce d\u00fcnyas\u0131n\u0131n \u00f6zeti mahiyetindeki \u015fiirler olmas\u0131na \u00f6zen g\u00f6sterilmi\u015ftir. \u015eiirlerin anla\u015f\u0131lmas\u0131n\u0131n \u00f6n\u00fcnde engel te\u015fkil edebilece\u011fini d\u00fc\u015f\u00fcnd\u00fc\u011f\u00fcm\u00fcz kelimelerin anlamlar\u0131 da sayfa altlar\u0131na eklenmi\u015ftir. Bu se\u00e7ki, \u00c2kif\u2019in daha iyi anla\u015f\u0131lmas\u0131 i\u00e7in k\u00fc\u00e7\u00fck de olsa bir hizmet g\u00f6r\u00fcrse amac\u0131na ula\u015fm\u0131\u015f say\u0131lacakt\u0131r.<\/p>","protected":false},"featured_media":21128,"template":"","meta":{"spay_email":""},"product_cat":[172],"product_tag":[],"item":[1439],"acf":[],"_links":{"self":[{"href":"https:\/\/mgvpublications.com\/de\/wp-json\/wp\/v2\/product\/21129"}],"collection":[{"href":"https:\/\/mgvpublications.com\/de\/wp-json\/wp\/v2\/product"}],"about":[{"href":"https:\/\/mgvpublications.com\/de\/wp-json\/wp\/v2\/types\/product"}],"wp:featuredmedia":[{"embeddable":true,"href":"https:\/\/mgvpublications.com\/de\/wp-json\/wp\/v2\/media\/21128"}],"wp:attachment":[{"href":"https:\/\/mgvpublications.com\/de\/wp-json\/wp\/v2\/media?parent=21129"}],"wp:term":[{"taxonomy":"product_cat","embeddable":true,"href":"https:\/\/mgvpublications.com\/de\/wp-json\/wp\/v2\/product_cat?post=21129"},{"taxonomy":"product_tag","embeddable":true,"href":"https:\/\/mgvpublications.com\/de\/wp-json\/wp\/v2\/product_tag?post=21129"},{"taxonomy":"item","embeddable":true,"href":"https:\/\/mgvpublications.com\/de\/wp-json\/wp\/v2\/item?post=21129"}],"curies":[{"name":"wp","href":"https:\/\/api.w.org\/{rel}","templated":true}]}}