{"id":21125,"date":"2021-11-26T14:27:23","date_gmt":"2021-11-26T13:27:23","guid":{"rendered":"https:\/\/mgvpublications.com\/produkt\/satranc-2\/"},"modified":"2022-03-08T22:56:12","modified_gmt":"2022-03-08T21:56:12","slug":"satranc-2","status":"publish","type":"product","link":"https:\/\/mgvpublications.com\/de\/satranc-2\/","title":{"rendered":"Satran\u00e7"},"content":{"rendered":"<p>\u00c7evirmen: Per\u00e7em Din\u00e7er<br \/>Yay\u0131n Tarihi: 21.12.2020<br \/>ISBN: 9786257751230<br \/>Dil: T\u00dcRK\u00c7E<br \/>Sayfa Say\u0131s\u0131: 64<br \/>Cilt Tipi: Karton Kapak<br \/>Ka\u011f\u0131t Cinsi: Kitap Ka\u011f\u0131d\u0131<br \/>Boyut: 12.5 x 19.5 cm<\/p>","protected":false},"excerpt":{"rendered":"<p>Stefan Zweig, en \u00e7ok okunan eserlerinden olan Satran\u00e7\u2019ta, bir geminin se\u00e7kin yolcular\u0131 \u00fczerinden toplumsal d\u00fczenin karma\u015fas\u0131n\u0131, bug\u00fcn\u00fcn ge\u00e7mi\u015fin izlerini nas\u0131l silinemez \u015fekilde i\u00e7inde saklad\u0131\u011f\u0131n\u0131 ve ac\u0131mas\u0131z siyasi otoritenin yaratt\u0131\u011f\u0131 travmalar\u0131n beklenmedik sonu\u00e7lar\u0131n\u0131, akl\u0131n s\u0131n\u0131rlar\u0131n\u0131 zorlayan bir d\u00f6nemin ger\u00e7ekli\u011fi i\u00e7inde anlat\u0131yor. Satran\u00e7 \u015fampiyonu Czentovic&#8217;te, cehaletin i\u00e7indeki gizli dehay\u0131; Doktor B.&#8217;nin akl\u0131n\u0131n soyut d\u00fczleminde oynad\u0131\u011f\u0131 satranc\u0131nda ise sessizce katlan\u0131lan bir acizli\u011fi g\u00f6r\u00fcyoruz.<\/p>","protected":false},"featured_media":21124,"template":"","meta":{"spay_email":""},"product_cat":[168],"product_tag":[],"item":[1439],"acf":[],"_links":{"self":[{"href":"https:\/\/mgvpublications.com\/de\/wp-json\/wp\/v2\/product\/21125"}],"collection":[{"href":"https:\/\/mgvpublications.com\/de\/wp-json\/wp\/v2\/product"}],"about":[{"href":"https:\/\/mgvpublications.com\/de\/wp-json\/wp\/v2\/types\/product"}],"wp:featuredmedia":[{"embeddable":true,"href":"https:\/\/mgvpublications.com\/de\/wp-json\/wp\/v2\/media\/21124"}],"wp:attachment":[{"href":"https:\/\/mgvpublications.com\/de\/wp-json\/wp\/v2\/media?parent=21125"}],"wp:term":[{"taxonomy":"product_cat","embeddable":true,"href":"https:\/\/mgvpublications.com\/de\/wp-json\/wp\/v2\/product_cat?post=21125"},{"taxonomy":"product_tag","embeddable":true,"href":"https:\/\/mgvpublications.com\/de\/wp-json\/wp\/v2\/product_tag?post=21125"},{"taxonomy":"item","embeddable":true,"href":"https:\/\/mgvpublications.com\/de\/wp-json\/wp\/v2\/item?post=21125"}],"curies":[{"name":"wp","href":"https:\/\/api.w.org\/{rel}","templated":true}]}}