{"id":21117,"date":"2021-11-26T14:27:13","date_gmt":"2021-11-26T13:27:13","guid":{"rendered":"https:\/\/mgvpublications.com\/produkt\/beyaz-dis-2\/"},"modified":"2022-03-08T22:56:11","modified_gmt":"2022-03-08T21:56:11","slug":"beyaz-dis-2","status":"publish","type":"product","link":"https:\/\/mgvpublications.com\/de\/beyaz-dis-2\/","title":{"rendered":"Beyaz Di\u015f"},"content":{"rendered":"<p>\u00c7evirmen: Eyl\u00fcl Erten<br \/>Yay\u0131n Tarihi: 28.11.2020<br \/>ISBN: 9786257784627<br \/>Dil: T\u00dcRK\u00c7E<br \/>Sayfa Say\u0131s\u0131: 224<br \/>Cilt Tipi: Karton Kapak<br \/>Ka\u011f\u0131t Cinsi: Kitap Ka\u011f\u0131d\u0131<br \/>Boyut: 12.5 x 19.5 cm<\/p>","protected":false},"excerpt":{"rendered":"<p>Beyaz Di\u015f, soylu ve onurlu bir vah\u015fi kurt-k\u00f6pek k\u0131rmas\u0131n\u0131n zihninden bak\u0131larak hayat\u0131n ac\u0131mas\u0131zl\u0131\u011f\u0131n\u0131, sevgi ve \u015fefkat eksikli\u011finin yol a\u00e7t\u0131\u011f\u0131 dramatik olaylar\u0131 konu edinir. En vah\u015fi canl\u0131n\u0131n bile bu y\u00fcce duygulara duydu\u011fu ihtiyac\u0131 b\u00fct\u00fcn ger\u00e7ek\u00e7ili\u011fiyle dile getiren roman, tematik \u00f6zellikleri ve Alaska, Kanada gibi karl\u0131 co\u011frafyalar\u0131n zorlu ya\u015fam ko\u015fullar\u0131n\u0131 g\u00f6zler \u00f6n\u00fcne sermesi bak\u0131m\u0131ndan d\u00fcnya klasiklerinden biri olma \u00f6zelli\u011fini fazlas\u0131yla hak eder<\/p>","protected":false},"featured_media":21116,"template":"","meta":{"spay_email":""},"product_cat":[168],"product_tag":[],"item":[1439],"acf":[],"_links":{"self":[{"href":"https:\/\/mgvpublications.com\/de\/wp-json\/wp\/v2\/product\/21117"}],"collection":[{"href":"https:\/\/mgvpublications.com\/de\/wp-json\/wp\/v2\/product"}],"about":[{"href":"https:\/\/mgvpublications.com\/de\/wp-json\/wp\/v2\/types\/product"}],"wp:featuredmedia":[{"embeddable":true,"href":"https:\/\/mgvpublications.com\/de\/wp-json\/wp\/v2\/media\/21116"}],"wp:attachment":[{"href":"https:\/\/mgvpublications.com\/de\/wp-json\/wp\/v2\/media?parent=21117"}],"wp:term":[{"taxonomy":"product_cat","embeddable":true,"href":"https:\/\/mgvpublications.com\/de\/wp-json\/wp\/v2\/product_cat?post=21117"},{"taxonomy":"product_tag","embeddable":true,"href":"https:\/\/mgvpublications.com\/de\/wp-json\/wp\/v2\/product_tag?post=21117"},{"taxonomy":"item","embeddable":true,"href":"https:\/\/mgvpublications.com\/de\/wp-json\/wp\/v2\/item?post=21117"}],"curies":[{"name":"wp","href":"https:\/\/api.w.org\/{rel}","templated":true}]}}