{"id":21115,"date":"2021-11-26T14:27:08","date_gmt":"2021-11-26T13:27:08","guid":{"rendered":"https:\/\/mgvpublications.com\/produkt\/itiraflarim-2\/"},"modified":"2022-03-08T22:56:11","modified_gmt":"2022-03-08T21:56:11","slug":"itiraflarim-2","status":"publish","type":"product","link":"https:\/\/mgvpublications.com\/de\/itiraflarim-2\/","title":{"rendered":"\u0130tiraflar\u0131m"},"content":{"rendered":"<p>\u00c7evirmen: \u0130pek S\u00f6ylemez<br \/>Yay\u0131n Tarihi: 28.11.2020<br \/>ISBN: 9786257784955<br \/>Dil: T\u00dcRK\u00c7E<br \/>Sayfa Say\u0131s\u0131: 88<br \/>Cilt Tipi: Karton Kapak<br \/>Ka\u011f\u0131t Cinsi: Kitap Ka\u011f\u0131d\u0131<br \/>Boyut: 12.5 x 19.5 cm<\/p>","protected":false},"excerpt":{"rendered":"<p>Tolstoy\u2019un bili\u015fsel ser\u00fcvenini \u00f6zetledi\u011fi \u0130tiraflar\u0131m, yazar\u0131n, hayat\u0131n anlam\u0131n\u0131 kavramaya y\u00f6nelik sorular\u0131yla bi\u00e7imleniyor. Kitab\u0131 okudu\u011funuzda kesin ve ger\u00e7ek bilginin Descartes\u2019\u0131n tavr\u0131yla, ger\u00e7ekten de her \u015feye duyulan mutlak bir \u015f\u00fcpheyle ba\u015flad\u0131\u011f\u0131n\u0131 fark edeceksiniz: \u201cKesin bir ger\u00e7ek bilgi, inanca dayal\u0131 b\u00fct\u00fcn bilgileri bir kenara b\u0131rak\u0131yor, her \u015feyi mant\u0131\u011f\u0131n, deneyin yasalar\u0131na g\u00f6re yeniden yap\u0131land\u0131r\u0131yordu. Buna ra\u011fmen hayata dair sorulara h\u00e2lihaz\u0131rda sahip oldu\u011fum belirsiz cevaptan ba\u015fka bir yan\u0131t vermiyordu.\u201d<\/p>","protected":false},"featured_media":21114,"template":"","meta":{"spay_email":""},"product_cat":[168],"product_tag":[],"item":[1439],"acf":[],"_links":{"self":[{"href":"https:\/\/mgvpublications.com\/de\/wp-json\/wp\/v2\/product\/21115"}],"collection":[{"href":"https:\/\/mgvpublications.com\/de\/wp-json\/wp\/v2\/product"}],"about":[{"href":"https:\/\/mgvpublications.com\/de\/wp-json\/wp\/v2\/types\/product"}],"wp:featuredmedia":[{"embeddable":true,"href":"https:\/\/mgvpublications.com\/de\/wp-json\/wp\/v2\/media\/21114"}],"wp:attachment":[{"href":"https:\/\/mgvpublications.com\/de\/wp-json\/wp\/v2\/media?parent=21115"}],"wp:term":[{"taxonomy":"product_cat","embeddable":true,"href":"https:\/\/mgvpublications.com\/de\/wp-json\/wp\/v2\/product_cat?post=21115"},{"taxonomy":"product_tag","embeddable":true,"href":"https:\/\/mgvpublications.com\/de\/wp-json\/wp\/v2\/product_tag?post=21115"},{"taxonomy":"item","embeddable":true,"href":"https:\/\/mgvpublications.com\/de\/wp-json\/wp\/v2\/item?post=21115"}],"curies":[{"name":"wp","href":"https:\/\/api.w.org\/{rel}","templated":true}]}}