{"id":21113,"date":"2021-11-26T14:27:07","date_gmt":"2021-11-26T13:27:07","guid":{"rendered":"https:\/\/mgvpublications.com\/produkt\/boyle-buyurdu-zerdust\/"},"modified":"2022-03-08T22:56:11","modified_gmt":"2022-03-08T21:56:11","slug":"boyle-buyurdu-zerdust","status":"publish","type":"product","link":"https:\/\/mgvpublications.com\/de\/boyle-buyurdu-zerdust\/","title":{"rendered":"B\u00f6yle Buyurdu Zerd\u00fc\u015ft"},"content":{"rendered":"<p>\u00c7evirmen: Meral Harzem<br \/>Yay\u0131n Tarihi: 28.11.2020<br \/>Orijinal Ad\u0131: Also Sprach Zarathustra<br \/>ISBN: 9786257784634<br \/>Dil: T\u00dcRK\u00c7E<br \/>Sayfa Say\u0131s\u0131: 300<br \/>Cilt Tipi: Karton Kapak<br \/>Ka\u011f\u0131t Cinsi: Kitap Ka\u011f\u0131d\u0131<br \/>Boyut: 12.5 x 19.5 cm<\/p>","protected":false},"excerpt":{"rendered":"<p>Nietzsche\u2019nin, fikir d\u00fcnyas\u0131n\u0131n zirvesine yerle\u015ftirdi\u011fi eseri B\u00f6yle Buyurdu Zerd\u00fc\u015ft, d\u00fc\u015f\u00fcn\u00fcr\u00fcn olgunluk \u00e7a\u011f\u0131n\u0131 temsil eder. Anlatmak istedi\u011fi her \u015feyi, son kitab\u0131 olan bu eserde \u00f6zetledi\u011fini s\u00f6yler: &#8220;\u2018\u0130yi olan nedir?\u2019 diye soruyorsunuz. Cesur olmak iyidir. \u0130zin verin k\u00fc\u00e7\u00fck k\u0131zlar\u0131n konu\u015fmas\u0131na. \u0130yi olmak, ayn\u0131 zamanda g\u00fczel ve dokunakl\u0131 olmak demektir. Size kalpsiz diyorlar. Ama ger\u00e7ek, sizin kalbiniz; seviyorum sizin samimi utanc\u0131n\u0131z\u0131. Sizler kendi selinizden utan\u0131yorsunuz, di\u011ferleriyse sular\u0131n\u0131n \u00e7ekilmesinden.&#8221; Nietzsche\u2019nin &#8220;herkes ve hi\u00e7 kimse i\u00e7in&#8221; yazd\u0131\u011f\u0131n\u0131 s\u00f6yledi\u011fi bu ba\u015fyap\u0131t, Almanca asl\u0131ndan T\u00fcrk\u00e7eye \u00e7evrildi.<\/p>","protected":false},"featured_media":21112,"template":"","meta":{"spay_email":""},"product_cat":[168],"product_tag":[],"item":[1439],"acf":[],"_links":{"self":[{"href":"https:\/\/mgvpublications.com\/de\/wp-json\/wp\/v2\/product\/21113"}],"collection":[{"href":"https:\/\/mgvpublications.com\/de\/wp-json\/wp\/v2\/product"}],"about":[{"href":"https:\/\/mgvpublications.com\/de\/wp-json\/wp\/v2\/types\/product"}],"wp:featuredmedia":[{"embeddable":true,"href":"https:\/\/mgvpublications.com\/de\/wp-json\/wp\/v2\/media\/21112"}],"wp:attachment":[{"href":"https:\/\/mgvpublications.com\/de\/wp-json\/wp\/v2\/media?parent=21113"}],"wp:term":[{"taxonomy":"product_cat","embeddable":true,"href":"https:\/\/mgvpublications.com\/de\/wp-json\/wp\/v2\/product_cat?post=21113"},{"taxonomy":"product_tag","embeddable":true,"href":"https:\/\/mgvpublications.com\/de\/wp-json\/wp\/v2\/product_tag?post=21113"},{"taxonomy":"item","embeddable":true,"href":"https:\/\/mgvpublications.com\/de\/wp-json\/wp\/v2\/item?post=21113"}],"curies":[{"name":"wp","href":"https:\/\/api.w.org\/{rel}","templated":true}]}}