{"id":21105,"date":"2021-11-26T14:26:57","date_gmt":"2021-11-26T13:26:57","guid":{"rendered":"https:\/\/mgvpublications.com\/produkt\/matematik-kral-sakir-zihin-becerileri-aktivite-kitabi\/"},"modified":"2022-04-08T21:16:40","modified_gmt":"2022-04-08T19:16:40","slug":"matematik-kral-sakir-zihin-becerileri-aktivite-kitabi","status":"publish","type":"product","link":"https:\/\/mgvpublications.com\/de\/matematik-kral-sakir-zihin-becerileri-aktivite-kitabi\/","title":{"rendered":"Matematik \/ Kral \u015eakir Zihin Becerileri Aktivite Kitab\u0131"},"content":{"rendered":"<p>Yay\u0131n Tarihi: 10.06.2021<br \/>ISBN: 9786257371247<br \/>Dil: T\u00dcRK\u00c7E<br \/>Sayfa Say\u0131s\u0131: 64<br \/>Cilt Tipi: Karton Kapak<br \/>Ka\u011f\u0131t Cinsi: 1. Hm. Ka\u011f\u0131t<br \/>Boyut: 21 x 29.7 cm<br \/>\u00c7izer: Varol Ya\u015faro\u011flu<\/p>","protected":false},"excerpt":{"rendered":"<p>Yay\u0131n Tarihi: 10.06.2021ISBN: 9786257371247Dil: T\u00dcRK\u00c7ESayfa Say\u0131s\u0131: 64Cilt Tipi: Karton KapakKa\u011f\u0131t Cinsi: 1. Hm. Ka\u011f\u0131tBoyut: 21 x 29.7 cm\u00c7izer: Varol Ya\u015faro\u011flu<\/p>","protected":false},"featured_media":21104,"template":"","meta":{"spay_email":""},"product_cat":[172],"product_tag":[],"item":[1268],"acf":[],"_links":{"self":[{"href":"https:\/\/mgvpublications.com\/de\/wp-json\/wp\/v2\/product\/21105"}],"collection":[{"href":"https:\/\/mgvpublications.com\/de\/wp-json\/wp\/v2\/product"}],"about":[{"href":"https:\/\/mgvpublications.com\/de\/wp-json\/wp\/v2\/types\/product"}],"wp:featuredmedia":[{"embeddable":true,"href":"https:\/\/mgvpublications.com\/de\/wp-json\/wp\/v2\/media\/21104"}],"wp:attachment":[{"href":"https:\/\/mgvpublications.com\/de\/wp-json\/wp\/v2\/media?parent=21105"}],"wp:term":[{"taxonomy":"product_cat","embeddable":true,"href":"https:\/\/mgvpublications.com\/de\/wp-json\/wp\/v2\/product_cat?post=21105"},{"taxonomy":"product_tag","embeddable":true,"href":"https:\/\/mgvpublications.com\/de\/wp-json\/wp\/v2\/product_tag?post=21105"},{"taxonomy":"item","embeddable":true,"href":"https:\/\/mgvpublications.com\/de\/wp-json\/wp\/v2\/item?post=21105"}],"curies":[{"name":"wp","href":"https:\/\/api.w.org\/{rel}","templated":true}]}}