{"id":21095,"date":"2021-11-26T14:26:42","date_gmt":"2021-11-26T13:26:42","guid":{"rendered":"https:\/\/mgvpublications.com\/produkt\/kral-sakir-mikrop-avcilari-2-cumburlop\/"},"modified":"2022-03-08T22:56:09","modified_gmt":"2022-03-08T21:56:09","slug":"kral-sakir-mikrop-avcilari-2-cumburlop","status":"publish","type":"product","link":"https:\/\/mgvpublications.com\/de\/kral-sakir-mikrop-avcilari-2-cumburlop\/","title":{"rendered":"Kral \u015eakir Mikrop Avc\u0131lar\u0131 2 \/ Cumburlop"},"content":{"rendered":"<p>Yay\u0131n Tarihi: 15.10.2021<br \/>ISBN: 9786257371681<br \/>Dil: T\u00dcRK\u00c7E<br \/>Sayfa Say\u0131s\u0131: 192<br \/>Cilt Tipi: Ciltli<br \/>Ka\u011f\u0131t Cinsi: Kitap Ka\u011f\u0131d\u0131<br \/>Boyut: 13.5 x 21.5 cm<\/p>","protected":false},"excerpt":{"rendered":"<p>Merhaba arkada\u015flar ben \u015eakir. Herkesin bildi\u011fi nam-\u0131 di\u011fer Kral \u015eakir! Yepyeni kitaplarla ve maceralarla t\u00fcm mahalle yine sizlerleyiz\u2026 \u00d6yle garip garip bakmay\u0131n bana. Evet biliyorum, kollar\u0131m ve bacaklar\u0131m yerine y\u00fczge\u00e7lerim var. Canan da ayn\u0131 durumda. Hatta babam bir yengece d\u00f6n\u00fc\u015ft\u00fc. Necati A\u011fabey\u2019se\u2026 Hadi onu da siz tahmin edin. \u00dc\u00e7 kalbi, dokuz beyni ve sekiz tane kolu var. Cevab\u0131 s\u00f6yledi\u011finizi duyar gibiyim\u2026<\/p>","protected":false},"featured_media":21094,"template":"","meta":{"spay_email":""},"product_cat":[172],"product_tag":[],"item":[1268],"acf":[],"_links":{"self":[{"href":"https:\/\/mgvpublications.com\/de\/wp-json\/wp\/v2\/product\/21095"}],"collection":[{"href":"https:\/\/mgvpublications.com\/de\/wp-json\/wp\/v2\/product"}],"about":[{"href":"https:\/\/mgvpublications.com\/de\/wp-json\/wp\/v2\/types\/product"}],"wp:featuredmedia":[{"embeddable":true,"href":"https:\/\/mgvpublications.com\/de\/wp-json\/wp\/v2\/media\/21094"}],"wp:attachment":[{"href":"https:\/\/mgvpublications.com\/de\/wp-json\/wp\/v2\/media?parent=21095"}],"wp:term":[{"taxonomy":"product_cat","embeddable":true,"href":"https:\/\/mgvpublications.com\/de\/wp-json\/wp\/v2\/product_cat?post=21095"},{"taxonomy":"product_tag","embeddable":true,"href":"https:\/\/mgvpublications.com\/de\/wp-json\/wp\/v2\/product_tag?post=21095"},{"taxonomy":"item","embeddable":true,"href":"https:\/\/mgvpublications.com\/de\/wp-json\/wp\/v2\/item?post=21095"}],"curies":[{"name":"wp","href":"https:\/\/api.w.org\/{rel}","templated":true}]}}