{"id":21091,"date":"2021-11-26T14:26:37","date_gmt":"2021-11-26T13:26:37","guid":{"rendered":"https:\/\/mgvpublications.com\/produkt\/kopekcik-ve-muhabbet-kusu\/"},"modified":"2022-03-08T22:56:08","modified_gmt":"2022-03-08T21:56:08","slug":"kopekcik-ve-muhabbet-kusu","status":"publish","type":"product","link":"https:\/\/mgvpublications.com\/de\/kopekcik-ve-muhabbet-kusu\/","title":{"rendered":"K\u00f6pek\u00e7ik ve Muhabbet Ku\u015fu"},"content":{"rendered":"<p>Yay\u0131n Tarihi: 06.08.2021<br \/>ISBN: 9786054952212<br \/>Dil: T\u00dcRK\u00c7E<br \/>Sayfa Say\u0131s\u0131: 32<br \/>Cilt Tipi: Karton Kapak<br \/>Ka\u011f\u0131t Cinsi: 1. Hm. Ka\u011f\u0131t<br \/>Boyut: 16.5 x 24 cm<\/p>","protected":false},"excerpt":{"rendered":"<p>Bu kitap, 5 ya\u015f \u00fczeri \u00e7ocuklar\u0131m\u0131za \u00e7evre bilinci a\u015f\u0131lamak, do\u011fa ve hayvan sevgisinin yan\u0131nda sporu k\u00fc\u00e7\u00fck ya\u015fta sevdirmek i\u00e7in kaleme al\u0131nm\u0131\u015ft\u0131r. Bu kitab\u0131 farkl\u0131 k\u0131lan ise k\u00fc\u00e7\u00fcklerimize okurken siz de\u011ferli b\u00fcy\u00fcklerimizin kitaptaki karakterleri spor yaparak canland\u0131rmas\u0131na imk\u00e2n tan\u0131mas\u0131d\u0131r.<\/p>","protected":false},"featured_media":21090,"template":"","meta":{"spay_email":""},"product_cat":[172],"product_tag":[],"item":[335],"acf":[],"_links":{"self":[{"href":"https:\/\/mgvpublications.com\/de\/wp-json\/wp\/v2\/product\/21091"}],"collection":[{"href":"https:\/\/mgvpublications.com\/de\/wp-json\/wp\/v2\/product"}],"about":[{"href":"https:\/\/mgvpublications.com\/de\/wp-json\/wp\/v2\/types\/product"}],"wp:featuredmedia":[{"embeddable":true,"href":"https:\/\/mgvpublications.com\/de\/wp-json\/wp\/v2\/media\/21090"}],"wp:attachment":[{"href":"https:\/\/mgvpublications.com\/de\/wp-json\/wp\/v2\/media?parent=21091"}],"wp:term":[{"taxonomy":"product_cat","embeddable":true,"href":"https:\/\/mgvpublications.com\/de\/wp-json\/wp\/v2\/product_cat?post=21091"},{"taxonomy":"product_tag","embeddable":true,"href":"https:\/\/mgvpublications.com\/de\/wp-json\/wp\/v2\/product_tag?post=21091"},{"taxonomy":"item","embeddable":true,"href":"https:\/\/mgvpublications.com\/de\/wp-json\/wp\/v2\/item?post=21091"}],"curies":[{"name":"wp","href":"https:\/\/api.w.org\/{rel}","templated":true}]}}