{"id":21085,"date":"2021-11-26T14:26:31","date_gmt":"2021-11-26T13:26:31","guid":{"rendered":"https:\/\/mgvpublications.com\/produkt\/caminin-kaybolan-mahiyeti\/"},"modified":"2022-03-08T22:56:07","modified_gmt":"2022-03-08T21:56:07","slug":"caminin-kaybolan-mahiyeti","status":"publish","type":"product","link":"https:\/\/mgvpublications.com\/de\/caminin-kaybolan-mahiyeti\/","title":{"rendered":"Caminin Kaybolan Mahiyeti"},"content":{"rendered":"<p>Yay\u0131n Tarihi: 26.07.2021<br \/>ISBN: 9786059494588<br \/>Dil: T\u00dcRK\u00c7E<br \/>Sayfa Say\u0131s\u0131: 336<br \/>Cilt Tipi: Karton Kapak<br \/>Ka\u011f\u0131t Cinsi: Kitap Ka\u011f\u0131d\u0131<br \/>Boyut: 13.5 x 21 cm<\/p>","protected":false},"excerpt":{"rendered":"<p>\u0130\u00e7inde belirli zamanlarda namaz k\u0131l\u0131nan, hayat\u0131n geri kalan\u0131yla ilgisiz bir &#8216;cami\u2019yi yad\u0131rgamaya ba\u015flad\u0131\u011f\u0131m\u0131z zamanlarda, ilk g\u00fcn\u00fcnden yak\u0131n zamana kadar caminin yerini anlatan bir eser. Mehmet \u015eahin Musannifo\u011flu, i\u00e7indeki ibadet hayat\u0131na dair h\u00fck\u00fcmlerden, etraf\u0131ndaki hayata ve \u00fcstlendi\u011fi fonksiyonlara kadar &#8216;cami &#8216;yi bir\u00e7ok ba\u015fl\u0131k alt\u0131nda inceleniyor. \u0130lmihal bilgilerini ve tarihi tecr\u00fcbeyi zengin kaynak eser listesi \u0131\u015f\u0131\u011f\u0131nda de\u011ferlendirirken de pergelin bir ucunu S\u00fcrekli asr-\u0131 saadet \u00fczerine tutmay\u0131 s\u00fcrd\u00fcr\u00fcyor.<\/p>","protected":false},"featured_media":21084,"template":"","meta":{"spay_email":""},"product_cat":[171],"product_tag":[],"item":[363],"acf":[],"_links":{"self":[{"href":"https:\/\/mgvpublications.com\/de\/wp-json\/wp\/v2\/product\/21085"}],"collection":[{"href":"https:\/\/mgvpublications.com\/de\/wp-json\/wp\/v2\/product"}],"about":[{"href":"https:\/\/mgvpublications.com\/de\/wp-json\/wp\/v2\/types\/product"}],"wp:featuredmedia":[{"embeddable":true,"href":"https:\/\/mgvpublications.com\/de\/wp-json\/wp\/v2\/media\/21084"}],"wp:attachment":[{"href":"https:\/\/mgvpublications.com\/de\/wp-json\/wp\/v2\/media?parent=21085"}],"wp:term":[{"taxonomy":"product_cat","embeddable":true,"href":"https:\/\/mgvpublications.com\/de\/wp-json\/wp\/v2\/product_cat?post=21085"},{"taxonomy":"product_tag","embeddable":true,"href":"https:\/\/mgvpublications.com\/de\/wp-json\/wp\/v2\/product_tag?post=21085"},{"taxonomy":"item","embeddable":true,"href":"https:\/\/mgvpublications.com\/de\/wp-json\/wp\/v2\/item?post=21085"}],"curies":[{"name":"wp","href":"https:\/\/api.w.org\/{rel}","templated":true}]}}