{"id":21067,"date":"2021-11-26T14:26:05","date_gmt":"2021-11-26T13:26:05","guid":{"rendered":"https:\/\/mgvpublications.com\/produkt\/dinmeyen-gozyaslari\/"},"modified":"2022-03-08T22:56:04","modified_gmt":"2022-03-08T21:56:04","slug":"dinmeyen-gozyaslari","status":"publish","type":"product","link":"https:\/\/mgvpublications.com\/de\/dinmeyen-gozyaslari\/","title":{"rendered":"Dinmeyen G\u00f6zya\u015flar\u0131"},"content":{"rendered":"<p>Yay\u0131n Tarihi: 24.01.2019<br \/>ISBN: 9786059494656<br \/>Dil: T\u00dcRK\u00c7E<br \/>Sayfa Say\u0131s\u0131: 64<br \/>Cilt Tipi: Karton Kapak<br \/>Ka\u011f\u0131t Cinsi: Kitap Ka\u011f\u0131d\u0131<br \/>Boyut: 13.5 x 19.5 cm<\/p>","protected":false},"excerpt":{"rendered":"<p>Yay\u0131n Tarihi: 24.01.2019ISBN: 9786059494656Dil: T\u00dcRK\u00c7ESayfa Say\u0131s\u0131: 64Cilt Tipi: Karton KapakKa\u011f\u0131t Cinsi: Kitap Ka\u011f\u0131d\u0131Boyut: 13.5 x 19.5 cm<\/p>","protected":false},"featured_media":21066,"template":"","meta":{"spay_email":""},"product_cat":[172],"product_tag":[],"item":[363],"acf":[],"_links":{"self":[{"href":"https:\/\/mgvpublications.com\/de\/wp-json\/wp\/v2\/product\/21067"}],"collection":[{"href":"https:\/\/mgvpublications.com\/de\/wp-json\/wp\/v2\/product"}],"about":[{"href":"https:\/\/mgvpublications.com\/de\/wp-json\/wp\/v2\/types\/product"}],"wp:featuredmedia":[{"embeddable":true,"href":"https:\/\/mgvpublications.com\/de\/wp-json\/wp\/v2\/media\/21066"}],"wp:attachment":[{"href":"https:\/\/mgvpublications.com\/de\/wp-json\/wp\/v2\/media?parent=21067"}],"wp:term":[{"taxonomy":"product_cat","embeddable":true,"href":"https:\/\/mgvpublications.com\/de\/wp-json\/wp\/v2\/product_cat?post=21067"},{"taxonomy":"product_tag","embeddable":true,"href":"https:\/\/mgvpublications.com\/de\/wp-json\/wp\/v2\/product_tag?post=21067"},{"taxonomy":"item","embeddable":true,"href":"https:\/\/mgvpublications.com\/de\/wp-json\/wp\/v2\/item?post=21067"}],"curies":[{"name":"wp","href":"https:\/\/api.w.org\/{rel}","templated":true}]}}