{"id":21061,"date":"2021-11-26T14:26:00","date_gmt":"2021-11-26T13:26:00","guid":{"rendered":"https:\/\/mgvpublications.com\/produkt\/anne-ben-nereden-geldim-cocuklar-icin-cinsel-egitim\/"},"modified":"2022-03-08T22:56:04","modified_gmt":"2022-03-08T21:56:04","slug":"anne-ben-nereden-geldim-cocuklar-icin-cinsel-egitim","status":"publish","type":"product","link":"https:\/\/mgvpublications.com\/de\/anne-ben-nereden-geldim-cocuklar-icin-cinsel-egitim\/","title":{"rendered":"Anne Ben Nereden Geldim \u00c7ocuklar \u0130\u00e7in Cinsel E\u011fitim"},"content":{"rendered":"<p>Yay\u0131n Tarihi: 01.02.2012<br \/>ISBN: 9789758781843<br \/>Dil: T\u00dcRK\u00c7E<br \/>Sayfa Say\u0131s\u0131: 136<br \/>Cilt Tipi: Karton Kapak<br \/>Ka\u011f\u0131t Cinsi: Kitap Ka\u011f\u0131d\u0131<br \/>Boyut: 16.5 x 23.5 cm<\/p>","protected":false},"excerpt":{"rendered":"<p>\u201cYOKSA S\u0130Z HALA DAHA LEYLEK H\u0130KAYES\u0130 M\u0130 ANLATIYOR SUNUZ? Onun sorular\u0131na cevap vermek hi\u00e7 bu kadar kolay olmam\u0131\u015ft\u0131\u2026. \u00c7OCUKLAR cinsiyete ve cinsiyet fark\u0131na ait sorular\u0131 3-4 ya\u015flar\u0131ndan itibaren sormaya ba\u015fl\u0131yor. Sorulara muhatap olan \u00e7o\u011fu anne baba, beklemedikleri bu sorular kar\u015f\u0131s\u0131nda pani\u011fe kap\u0131l\u0131yor. Asl\u0131nda sorunun cevab\u0131n\u0131 bilmediklerinden de\u011fil; nas\u0131l cevap vereceklerini bilmediklerinden pani\u011fe kap\u0131l\u0131yorlar. Bunun sebebi de, konuya yeti\u015fkin g\u00f6z\u00fcyle bakmalar\u0131. Yeti\u015fkin g\u00f6z\u00fcyle bakt\u0131klar\u0131 i\u00e7in cinsellikle ilgili sorular\u0131n anne baba aras\u0131nda ge\u00e7en mahrem ili\u015fkileri kapsad\u0131\u011f\u0131n\u0131, bu y\u00fczden cevap vermenin zor oldu\u011funu d\u00fc\u015f\u00fcn\u00fcyorlar. Peygamberimiz bir hadisinde: \u201c\u00c7ocu\u011fu olan onunla \u00e7ocukla\u015fs\u0131n\u0131 buyuruyor. Biz bu hadisi: \u201c\u00c7ocukla konu\u015furken empati yap\u0131n, onun seviyesine inin, anlayaca\u011f\u0131 bir dil kullan\u0131n\u0131 \u015feklinde anl\u0131yoruz. Kendimizi \u00e7ocu\u011fun yerine koyup d\u00fc\u015f\u00fcnd\u00fc\u011f\u00fcm\u00fczde, onda hen\u00fcz cinsel tecess\u00fcs uyand\u0131ran hormonlar aktif olmad\u0131\u011f\u0131 i\u00e7in sorular\u0131n\u0131n cinsellikle ilgili olmay\u0131p \u00f6\u011frenme ama\u00e7l\u0131 oldu\u011funu g\u00f6r\u00fcr\u00fcz. Konuya \u00e7ocuk g\u00f6z\u00fcyle bak\u0131nca, i\u015fimiz kolayla\u015f\u0131r. Pani\u011fe kap\u0131lmadan, s\u0131radan bir soruya cevap veriyormu\u015f gibi, \u00e7ocu\u011fun anlayaca\u011f\u0131 basit bir dil kullanarak sorusunu cevapland\u0131rmal\u0131y\u0131z. Verdi\u011fimiz bilgi basit, k\u0131sa ve do\u011fru olmal\u0131d\u0131r. Bu kitab\u0131 \u00e7ocuklar i\u00e7in yazd\u0131k, ama hen\u00fcz okuma bilmeyen \u00e7ocuklara anne babalar okuyacaklar. Kitab\u0131n iki kahraman\u0131 her ne kadar 3-4 ya\u015flar\u0131nda bir k\u0131z \u00e7ocu\u011fu ve onun sorular\u0131na cevap veren bir anne ise de; kahramanlar de\u011fi\u015febilir. Cinsiyete ait sorular\u0131, genellikle, k\u0131z \u00e7ocuklar\u0131 annelerine, erkek \u00e7ocuklar\u0131 babalar\u0131na sorsalar da; bu bir kural de\u011fildir. Bir k\u0131z \u00e7ocu\u011fu, cinsiyete ait sorular\u0131 kendisine yak\u0131n buldu\u011fu babas\u0131na veya dedesine de sorabilir. Bunda yad\u0131rganacak bir\u015fey yoktur. Kitab\u0131n kurgusunu yaparken literat\u00fcrde ge\u00e7en b\u00fct\u00fcn sorulara cevap vermeye \u00e7al\u0131\u015ft\u0131k. Bununla beraber \u00e7ocu\u011funuzun sorabilece\u011fi her soruya cevap verdi\u011fimizi iddia edemeyiz. Zira her \u00e7ocuk kendine \u00f6zeldir. Her \u00e7ocu\u011fun ilgi alan\u0131 ve merak etti\u011fi konular farkl\u0131 oldu\u011fu gibi, sorular\u0131 da farkl\u0131 olacakt\u0131r. Din\u00ee ve ahlak\u00ee de\u011ferlere dikkat edilmesi gereken b\u00f6ylesine zor bir konuda kitap yazman\u0131n kolay olmad\u0131\u011f\u0131n\u0131 sizler de taktir edersiniz. Hatalar\u0131m\u0131z varsa, iyi niyetimize ba\u011f\u0131\u015flaman\u0131z\u0131 umuyoruz.<\/p>","protected":false},"featured_media":21060,"template":"","meta":{"spay_email":""},"product_cat":[171],"product_tag":[],"item":[692],"acf":[],"_links":{"self":[{"href":"https:\/\/mgvpublications.com\/de\/wp-json\/wp\/v2\/product\/21061"}],"collection":[{"href":"https:\/\/mgvpublications.com\/de\/wp-json\/wp\/v2\/product"}],"about":[{"href":"https:\/\/mgvpublications.com\/de\/wp-json\/wp\/v2\/types\/product"}],"wp:featuredmedia":[{"embeddable":true,"href":"https:\/\/mgvpublications.com\/de\/wp-json\/wp\/v2\/media\/21060"}],"wp:attachment":[{"href":"https:\/\/mgvpublications.com\/de\/wp-json\/wp\/v2\/media?parent=21061"}],"wp:term":[{"taxonomy":"product_cat","embeddable":true,"href":"https:\/\/mgvpublications.com\/de\/wp-json\/wp\/v2\/product_cat?post=21061"},{"taxonomy":"product_tag","embeddable":true,"href":"https:\/\/mgvpublications.com\/de\/wp-json\/wp\/v2\/product_tag?post=21061"},{"taxonomy":"item","embeddable":true,"href":"https:\/\/mgvpublications.com\/de\/wp-json\/wp\/v2\/item?post=21061"}],"curies":[{"name":"wp","href":"https:\/\/api.w.org\/{rel}","templated":true}]}}