{"id":21059,"date":"2021-11-26T14:25:55","date_gmt":"2021-11-26T13:25:55","guid":{"rendered":"https:\/\/mgvpublications.com\/produkt\/yoldaki-izler\/"},"modified":"2022-03-08T22:56:03","modified_gmt":"2022-03-08T21:56:03","slug":"yoldaki-izler","status":"publish","type":"product","link":"https:\/\/mgvpublications.com\/de\/yoldaki-izler\/","title":{"rendered":"Yoldaki \u0130zler"},"content":{"rendered":"<p>Yay\u0131n Tarihi: 03.03.2017<br \/>ISBN: 9786055000905<br \/>Dil: T\u00dcRK\u00c7E<br \/>Sayfa Say\u0131s\u0131: 178<br \/>Cilt Tipi: Karton Kapak<br \/>Ka\u011f\u0131t Cinsi: Kitap Ka\u011f\u0131d\u0131<br \/>Boyut: 13.5 x 21 cm<\/p>","protected":false},"excerpt":{"rendered":"<p>Benim siyaset kervan\u0131na kat\u0131l\u0131\u015f\u0131m ve Erbakan Hocam\u0131zla ilk defa kar\u015f\u0131la\u015fmam Milli Selamet d\u00f6neminde oldu, diyerek bu kutlu yola \u00e7\u0131k\u0131\u015f\u0131n\u0131 anlat\u0131yor \u015eevket Kazan. Zaman i\u00e7inde yollar\u0131na \u00e7\u0131kan engelleri, bu engellemeleri kimlerin yapt\u0131\u011f\u0131n\u0131, bu engelleri nas\u0131l a\u015ft\u0131klar\u0131n\u0131 tarih tarih anlat\u0131yor. Bu kitab\u0131 okudu\u011funuzda ya\u015fad\u0131\u011f\u0131n\u0131z olaylar\u0131n sadece g\u00f6r\u00fcnenlerden ibaret olmad\u0131\u011f\u0131n\u0131, maneviyat\u0131n da bir o kadar \u00f6nemli oldu\u011funu fark edeceksiniz. Ve yine yr\u00fcnen bu kutlu yolda &#8220;Yoldaki \u0130zler&#8221;i takip etti\u011finizde Allah&#8217;\u0131n yard\u0131m ve inayetinin Milli G\u00f6r\u00fc\u015f\u00e7\u00fc&#8217;lere nas\u0131l ula\u015ft\u0131\u011f\u0131n\u0131 da..<\/p>","protected":false},"featured_media":22588,"template":"","meta":{"spay_email":""},"product_cat":[173],"product_tag":[],"item":[335],"acf":[],"_links":{"self":[{"href":"https:\/\/mgvpublications.com\/de\/wp-json\/wp\/v2\/product\/21059"}],"collection":[{"href":"https:\/\/mgvpublications.com\/de\/wp-json\/wp\/v2\/product"}],"about":[{"href":"https:\/\/mgvpublications.com\/de\/wp-json\/wp\/v2\/types\/product"}],"wp:featuredmedia":[{"embeddable":true,"href":"https:\/\/mgvpublications.com\/de\/wp-json\/wp\/v2\/media\/22588"}],"wp:attachment":[{"href":"https:\/\/mgvpublications.com\/de\/wp-json\/wp\/v2\/media?parent=21059"}],"wp:term":[{"taxonomy":"product_cat","embeddable":true,"href":"https:\/\/mgvpublications.com\/de\/wp-json\/wp\/v2\/product_cat?post=21059"},{"taxonomy":"product_tag","embeddable":true,"href":"https:\/\/mgvpublications.com\/de\/wp-json\/wp\/v2\/product_tag?post=21059"},{"taxonomy":"item","embeddable":true,"href":"https:\/\/mgvpublications.com\/de\/wp-json\/wp\/v2\/item?post=21059"}],"curies":[{"name":"wp","href":"https:\/\/api.w.org\/{rel}","templated":true}]}}