{"id":21039,"date":"2021-11-26T14:25:28","date_gmt":"2021-11-26T13:25:28","guid":{"rendered":"https:\/\/mgvpublications.com\/produkt\/milli-gorus-hareketin-onculeri\/"},"modified":"2022-03-08T22:56:01","modified_gmt":"2022-03-08T21:56:01","slug":"milli-gorus-hareketin-onculeri","status":"publish","type":"product","link":"https:\/\/mgvpublications.com\/de\/milli-gorus-hareketin-onculeri\/","title":{"rendered":"Milli G\u00f6r\u00fc\u015f &#8211; Hareketin \u00d6nc\u00fcleri"},"content":{"rendered":"<p>Yay\u0131n Tarihi: 27.09.2021<br \/>ISBN: 9786254396519<br \/>Dil: T\u00dcRK\u00c7E<br \/>Sayfa Say\u0131s\u0131: 356<br \/>Cilt Tipi: Karton Kapak<br \/>Ka\u011f\u0131t Cinsi: Kitap Ka\u011f\u0131d\u0131<br \/>Boyut: 13.5 x 21 cm<\/p>","protected":false},"excerpt":{"rendered":"<p>Milli G\u00f6r\u00fc\u015f Hareketi, insanl\u0131\u011f\u0131n tarihin en buhranl\u0131 d\u00f6nemlerine \u015fahit oldu\u011fu 20. as\u0131rda \u201cYeni Bir D\u00fcnya\u201d kurma ideali ile ortaya \u00e7\u0131km\u0131\u015ft\u0131r. Prof. Dr. Necmettin Erbakan ve bir grup, arkada\u015f\u0131 ilk ad\u0131m\u0131n at\u0131ld\u0131\u011f\u0131 1969 y\u0131l\u0131ndan bug\u00fcne kadar T\u00fcrkiye\u2019de me\u015fru zeminde siyasi m\u00fccadele ile iktidara gelme ve \u0130slam d\u00fcnyas\u0131na \u00f6nderlik edebilecek Yeniden B\u00fcy\u00fck T\u00fcrkiye\u2019yi kurabilmenin m\u00fccadelesini vermi\u015flerdir. Milli G\u00f6r\u00fc\u015f Hareketi\u2019nin \u00f6nc\u00fc kadrosu olarak ifade edebilece\u011fimiz Prof. Dr. Necmettin Erbakan ve yol arkada\u015flar\u0131, siyasi m\u00fccadeleleri boyunca engellemelere, tehditlere, kendilerine yap\u0131lan cazip tekliflere ra\u011fmen inand\u0131klar\u0131 yoldan ve ideallerinden asla vazge\u00e7memi\u015flerdir. Bu kitap; her biri T\u00fcrkiye siyasi hayat\u0131nda 50 y\u0131ll\u0131k bir s\u00fcrece damga vurmu\u015f, siyasete kazand\u0131rm\u0131\u015f olduklar\u0131 duru\u015f ve ilkeleri ile tarafl\u0131 tarafs\u0131z ekseriyetin takdirini toplam\u0131\u015f olan Milli G\u00f6r\u00fc\u015f Hareketi\u2019nin \u00f6nc\u00fc kadrolar\u0131n\u0131n biyografilerini konu edinmi\u015ftir. Bu \u00e7al\u0131\u015fma ile okuyucular\u0131n, her biri farkl\u0131 niteliklere sahip olan Milli G\u00f6r\u00fc\u015f Hareketi\u2019nin \u00f6nc\u00fc kadrolar\u0131n\u0131n hayatlar\u0131n\u0131 ve m\u00fccadelelerini derli toplu bir \u015fekilde bulabilecekleri bir eser ortaya konulmas\u0131 hedeflenmi\u015ftir. Bu \u00e7al\u0131\u015fma; Milli G\u00f6r\u00fc\u015f lideri Prof. Dr. Necmettin Erbakan, S\u00fcleyman Arif Emre, R\u0131za Ulucak, Mehmet Recai Kutan, L\u00fctf\u00fc Do\u011fan, Fehim Adak, Ahmet Tekdal, \u015eevket Kazan, O\u011fuzhan Asilt\u00fcrk, Yasin Hatipo\u011flu, Cevat Ayhan, Temel Karamollao\u011flu ve Bahri Zengin olmak \u00fczere \u00f6nc\u00fc kadrodan 13 ismin hayatlar\u0131na ili\u015fkin b\u00f6l\u00fcmlerden olu\u015fmaktad\u0131r.<\/p>","protected":false},"featured_media":21038,"template":"","meta":{"spay_email":""},"product_cat":[170],"product_tag":[],"item":[769],"acf":[],"_links":{"self":[{"href":"https:\/\/mgvpublications.com\/de\/wp-json\/wp\/v2\/product\/21039"}],"collection":[{"href":"https:\/\/mgvpublications.com\/de\/wp-json\/wp\/v2\/product"}],"about":[{"href":"https:\/\/mgvpublications.com\/de\/wp-json\/wp\/v2\/types\/product"}],"wp:featuredmedia":[{"embeddable":true,"href":"https:\/\/mgvpublications.com\/de\/wp-json\/wp\/v2\/media\/21038"}],"wp:attachment":[{"href":"https:\/\/mgvpublications.com\/de\/wp-json\/wp\/v2\/media?parent=21039"}],"wp:term":[{"taxonomy":"product_cat","embeddable":true,"href":"https:\/\/mgvpublications.com\/de\/wp-json\/wp\/v2\/product_cat?post=21039"},{"taxonomy":"product_tag","embeddable":true,"href":"https:\/\/mgvpublications.com\/de\/wp-json\/wp\/v2\/product_tag?post=21039"},{"taxonomy":"item","embeddable":true,"href":"https:\/\/mgvpublications.com\/de\/wp-json\/wp\/v2\/item?post=21039"}],"curies":[{"name":"wp","href":"https:\/\/api.w.org\/{rel}","templated":true}]}}