{"id":21033,"date":"2021-11-26T14:25:21","date_gmt":"2021-11-26T13:25:21","guid":{"rendered":"https:\/\/mgvpublications.com\/produkt\/zemberek\/"},"modified":"2022-03-08T22:56:00","modified_gmt":"2022-03-08T21:56:00","slug":"zemberek","status":"publish","type":"product","link":"https:\/\/mgvpublications.com\/de\/zemberek\/","title":{"rendered":"Zemberek"},"content":{"rendered":"<p>Yay\u0131n Tarihi: 29.03.2017<br \/>ISBN: 9789751417510<br \/>Dil: T\u00dcRK\u00c7E<br \/>Sayfa Say\u0131s\u0131: 160<br \/>Cilt Tipi: Karton Kapak<br \/>Ka\u011f\u0131t Cinsi: Kitap Ka\u011f\u0131d\u0131<br \/>Boyut: 13.4 x 19.8 cm<\/p>","protected":false},"excerpt":{"rendered":"<p>Sahne \u00f6n\u00fcndekiler o kadar g\u00fczel, yumu\u015fak, iyicil maskelerle ortal\u0131ktalar ki, arkadaki kan i\u00e7icileri g\u00f6rmek zorla\u015f\u0131yor. Her kanaldan d\u00fcnyaya akan yalan r\u00fczg\u00e2r\u0131n\u0131n sonucunda, toplumlar sahnedeki oyunu g\u00f6remedikleri gibi, onlar\u0131 aldatan maskeli akt\u00f6rlerin savunucular\u0131na d\u00f6n\u00fc\u015f\u00fcyorlar. Hani, \u201cNe yapmal\u0131?\u201d diye soranlar var ya&#8230; Bize g\u00f6re bu konuda yap\u0131lacak en temel g\u00f6rev, \u00f6nce sahne arkas\u0131n\u0131 g\u00f6rmeyi \u00f6\u011frenmek, sonra da g\u00f6rmeyenlere g\u00f6stermektir.<\/p>","protected":false},"featured_media":21032,"template":"","meta":{"spay_email":""},"product_cat":[170],"product_tag":[],"item":[437],"acf":[],"_links":{"self":[{"href":"https:\/\/mgvpublications.com\/de\/wp-json\/wp\/v2\/product\/21033"}],"collection":[{"href":"https:\/\/mgvpublications.com\/de\/wp-json\/wp\/v2\/product"}],"about":[{"href":"https:\/\/mgvpublications.com\/de\/wp-json\/wp\/v2\/types\/product"}],"wp:featuredmedia":[{"embeddable":true,"href":"https:\/\/mgvpublications.com\/de\/wp-json\/wp\/v2\/media\/21032"}],"wp:attachment":[{"href":"https:\/\/mgvpublications.com\/de\/wp-json\/wp\/v2\/media?parent=21033"}],"wp:term":[{"taxonomy":"product_cat","embeddable":true,"href":"https:\/\/mgvpublications.com\/de\/wp-json\/wp\/v2\/product_cat?post=21033"},{"taxonomy":"product_tag","embeddable":true,"href":"https:\/\/mgvpublications.com\/de\/wp-json\/wp\/v2\/product_tag?post=21033"},{"taxonomy":"item","embeddable":true,"href":"https:\/\/mgvpublications.com\/de\/wp-json\/wp\/v2\/item?post=21033"}],"curies":[{"name":"wp","href":"https:\/\/api.w.org\/{rel}","templated":true}]}}