{"id":20676,"date":"2021-10-08T22:50:10","date_gmt":"2021-10-08T20:50:10","guid":{"rendered":"https:\/\/mgvpublications.com\/produkt\/allahin-guzel-isimleri-99-esma-i-husna-ciltli\/"},"modified":"2022-03-12T18:18:38","modified_gmt":"2022-03-12T17:18:38","slug":"allahin-guzel-isimleri-99-esma-i-husna-ciltli","status":"publish","type":"product","link":"https:\/\/mgvpublications.com\/de\/allahin-guzel-isimleri-99-esma-i-husna-ciltli\/","title":{"rendered":"Allah&#8217;\u0131n G\u00fczel \u0130simleri 99 Esma-i H\u00fcsna (Ciltli)"},"content":{"rendered":"<p>Yay\u0131n Tarihi: 13.08.2021<br \/>ISBN: 9786257151535<br \/>Dil: T\u00dcRK\u00c7E<br \/>Sayfa Say\u0131s\u0131: 144<br \/>Cilt Tipi: Ciltli<br \/>Ka\u011f\u0131t Cinsi: Ku\u015fe Ka\u011f\u0131t<br \/>Boyut: 16.5 x 22 cm<br \/>\u00c7izer: Sevgi \u0130\u00e7igen<br \/>Di\u011fer \u00d6zellik: 4  Ya\u015f<\/p>","protected":false},"excerpt":{"rendered":"<p>\u015eimdi ben sana bu kitapta Allah\u2019\u0131n, Peygamber Efendimiz\u2019in (selamlar\u0131n en g\u00fczeli ona olsun) bize \u00f6\u011fretti\u011fi 99 isminin ne anlama geldi\u011fini anlatmaya \u00e7al\u0131\u015faca\u011f\u0131m. Bunu yaparken, yery\u00fcz\u00fcnde g\u00f6z\u00fcm\u00fcz\u00fcn g\u00f6rd\u00fc\u011f\u00fc pek \u00e7ok \u015feyden mesela kelebeklerden, ar\u0131lardan, a\u011fa\u00e7lardan, da\u011flardan, y\u0131ld\u0131zlardan, serin, tatl\u0131 sular\u0131 ne\u015fe ile akan derelerden, u\u00e7suz bucaks\u0131z okyanuslardan ve o okyanuslarda \u00f6zg\u00fcrce y\u00fczen bal\u0131klardan, ormanlarda ko\u015fu\u015fan g\u00fczel g\u00f6zl\u00fc ceylanlardan, kanatlar\u0131n\u0131 a\u00e7a kapata u\u00e7an ku\u015flardan, s\u00fcz\u00fcl\u00fcp ge\u00e7en bulutlardan, kar ve ya\u011fmur tanelerinden misaller verece\u011fim. B\u00f6ylece biz, seninle beraber ikimiz, bu kitab\u0131n sonuna geldi\u011fimizde, Rabbimizi \u00e7ok daha iyi tan\u0131yor olaca\u011f\u0131z. Ve birg\u00fcn bize, \u201cRabbin kim?\u201d diye sorduklar\u0131nda, melekleri bile \u015fa\u015f\u0131rtacak ve mutlu edecek muhte\u015fem cevaplar verece\u011fiz. \u201cBenim Rabbim!\u201d diyece\u011fiz mesela&#8230; \u201cYaratt\u0131\u011f\u0131 her \u015feylere g\u00fczel \u015fekiller veren, \u00e7i\u00e7ekleri, ku\u015flar\u0131, ar\u0131 ve kelebekleri hi\u00e7bir mecburiyeti olmad\u0131\u011f\u0131 halde, b\u00f6yle g\u00fczel yaratan MUSAVV\u0130R\u2019dir!\u201d<\/p>","protected":false},"featured_media":22537,"template":"","meta":{"spay_email":""},"product_cat":[174],"product_tag":[],"item":[692],"acf":[],"_links":{"self":[{"href":"https:\/\/mgvpublications.com\/de\/wp-json\/wp\/v2\/product\/20676"}],"collection":[{"href":"https:\/\/mgvpublications.com\/de\/wp-json\/wp\/v2\/product"}],"about":[{"href":"https:\/\/mgvpublications.com\/de\/wp-json\/wp\/v2\/types\/product"}],"wp:featuredmedia":[{"embeddable":true,"href":"https:\/\/mgvpublications.com\/de\/wp-json\/wp\/v2\/media\/22537"}],"wp:attachment":[{"href":"https:\/\/mgvpublications.com\/de\/wp-json\/wp\/v2\/media?parent=20676"}],"wp:term":[{"taxonomy":"product_cat","embeddable":true,"href":"https:\/\/mgvpublications.com\/de\/wp-json\/wp\/v2\/product_cat?post=20676"},{"taxonomy":"product_tag","embeddable":true,"href":"https:\/\/mgvpublications.com\/de\/wp-json\/wp\/v2\/product_tag?post=20676"},{"taxonomy":"item","embeddable":true,"href":"https:\/\/mgvpublications.com\/de\/wp-json\/wp\/v2\/item?post=20676"}],"curies":[{"name":"wp","href":"https:\/\/api.w.org\/{rel}","templated":true}]}}