{"id":20672,"date":"2021-10-08T22:50:10","date_gmt":"2021-10-08T20:50:10","guid":{"rendered":"https:\/\/mgvpublications.com\/produkt\/omer-muhtar\/"},"modified":"2022-03-08T22:56:00","modified_gmt":"2022-03-08T21:56:00","slug":"omer-muhtar","status":"publish","type":"product","link":"https:\/\/mgvpublications.com\/de\/omer-muhtar\/","title":{"rendered":"\u00d6mer Muhtar"},"content":{"rendered":"<p>Yay\u0131n Tarihi: 06.11.2017<br \/>ISBN: 9789752613997<br \/>Dil: T\u00dcRK\u00c7E<br \/>Sayfa Say\u0131s\u0131: 128<br \/>Cilt Tipi: Karton Kapak<br \/>Ka\u011f\u0131t Cinsi: Kitap Ka\u011f\u0131d\u0131<br \/>Boyut: 13.5 x 21 cm<\/p>","protected":false},"excerpt":{"rendered":"<p>1900\u2019l\u00fc y\u0131llar\u0131n ba\u015flar\u0131nda \u0130talyanlar g\u00f6zlerini Libya topraklar\u0131na dikmi\u015fti. B\u00f6lgede Osmanl\u0131 egemenli\u011finin zay\u0131flamas\u0131 onlar i\u00e7in b\u00fcy\u00fck f\u0131rsatt\u0131. Derhal Afrika\u2019da bir s\u00f6m\u00fcrgecilik hareketi ba\u015flatmal\u0131yd\u0131lar. Hedef Libya\u2019y\u0131 bir an \u00f6nce ele ge\u00e7irmekti. Bu u\u011furda her t\u00fcrl\u00fc k\u00f6t\u00fcl\u00fc\u011f\u00fc yapmaya haz\u0131rd\u0131lar. \u0130mk\u00e2n desen zaten vard\u0131: Tanklar, silahlar, sava\u015f u\u00e7aklar\u0131 ve gemileri, hadsiz say\u0131da asker, erzak, para&#8230; ve dahas\u0131. B\u00f6ylesine g\u00fc\u00e7l\u00fc bir \u0130talya, Libya\u2019y\u0131 m\u0131 i\u015fgal edemeyecekti? Edecekti ama Y-\u0130-R-M-\u0130 y\u0131l\u0131n\u0131 Libya \u00e7\u00f6llerinde tek bir adam\u0131 kovalamakla ge\u00e7irece\u011fini bilemeyecekti. \u0130talyanlar\u0131n bir Afrika topra\u011f\u0131 olan Libya\u2019y\u0131 s\u00f6m\u00fcrmek i\u00e7in \u00e7\u0131kt\u0131klar\u0131 bu sefer \u00e7ok pahal\u0131ya mal oldu. Yirmi y\u0131l s\u00fcren bu kanl\u0131 sava\u015ftan geriye \u0130talyanlar\u0131n zulm\u00fc ile Libya halk\u0131n\u0131 \u00f6zg\u00fcrl\u00fck i\u00e7in direni\u015fe davet eden b\u00fcy\u00fck lider \u00d6mer Muhtar\u2019\u0131n ibret veren hik\u00e2yesi kald\u0131.<\/p>","protected":false},"featured_media":22565,"template":"","meta":{"spay_email":""},"product_cat":[173],"product_tag":[],"item":[692],"acf":[],"_links":{"self":[{"href":"https:\/\/mgvpublications.com\/de\/wp-json\/wp\/v2\/product\/20672"}],"collection":[{"href":"https:\/\/mgvpublications.com\/de\/wp-json\/wp\/v2\/product"}],"about":[{"href":"https:\/\/mgvpublications.com\/de\/wp-json\/wp\/v2\/types\/product"}],"wp:featuredmedia":[{"embeddable":true,"href":"https:\/\/mgvpublications.com\/de\/wp-json\/wp\/v2\/media\/22565"}],"wp:attachment":[{"href":"https:\/\/mgvpublications.com\/de\/wp-json\/wp\/v2\/media?parent=20672"}],"wp:term":[{"taxonomy":"product_cat","embeddable":true,"href":"https:\/\/mgvpublications.com\/de\/wp-json\/wp\/v2\/product_cat?post=20672"},{"taxonomy":"product_tag","embeddable":true,"href":"https:\/\/mgvpublications.com\/de\/wp-json\/wp\/v2\/product_tag?post=20672"},{"taxonomy":"item","embeddable":true,"href":"https:\/\/mgvpublications.com\/de\/wp-json\/wp\/v2\/item?post=20672"}],"curies":[{"name":"wp","href":"https:\/\/api.w.org\/{rel}","templated":true}]}}