{"id":20670,"date":"2021-10-08T22:50:10","date_gmt":"2021-10-08T20:50:10","guid":{"rendered":"https:\/\/mgvpublications.com\/produkt\/dua-evrad-i-serife-cep-boy-arapcaturkce-yumusak-kapak\/"},"modified":"2022-06-10T13:19:46","modified_gmt":"2022-06-10T11:19:46","slug":"dua-evrad-i-serife-cep-boy-arapcaturkce-yumusak-kapak","status":"publish","type":"product","link":"https:\/\/mgvpublications.com\/de\/dua-evrad-i-serife-cep-boy-arapcaturkce-yumusak-kapak\/","title":{"rendered":"Dua (Evr\u00e2d-\u0131 \u015eer\u00eefe) Cep Boy Arap\u00e7a+T\u00fcrk\u00e7e &#8211; Yumu\u015fak Kapak"},"content":{"rendered":"<p>Yay\u0131n Tarihi: 01.01.2019<br \/>ISBN: 9789752420816<br \/>Dil: ARAP\u00c7A,T\u00dcRK\u00c7E<br \/>Sayfa Say\u0131s\u0131: 272<br \/>Cilt Tipi: Ciltli<br \/>Ka\u011f\u0131t Cinsi: Kitap Ka\u011f\u0131d\u0131<br \/>Boyut: 10.5 x 17 cm<\/p>","protected":false},"excerpt":{"rendered":"<p>Yay\u0131n Tarihi: 01.01.2019ISBN: 9789752420816Dil: ARAP\u00c7A,T\u00dcRK\u00c7ESayfa Say\u0131s\u0131: 272Cilt Tipi: CiltliKa\u011f\u0131t Cinsi: Kitap Ka\u011f\u0131d\u0131Boyut: 10.5 x 17 cm<\/p>","protected":false},"featured_media":20669,"template":"","meta":{"spay_email":""},"product_cat":[169],"product_tag":[],"item":[699],"acf":[],"_links":{"self":[{"href":"https:\/\/mgvpublications.com\/de\/wp-json\/wp\/v2\/product\/20670"}],"collection":[{"href":"https:\/\/mgvpublications.com\/de\/wp-json\/wp\/v2\/product"}],"about":[{"href":"https:\/\/mgvpublications.com\/de\/wp-json\/wp\/v2\/types\/product"}],"wp:featuredmedia":[{"embeddable":true,"href":"https:\/\/mgvpublications.com\/de\/wp-json\/wp\/v2\/media\/20669"}],"wp:attachment":[{"href":"https:\/\/mgvpublications.com\/de\/wp-json\/wp\/v2\/media?parent=20670"}],"wp:term":[{"taxonomy":"product_cat","embeddable":true,"href":"https:\/\/mgvpublications.com\/de\/wp-json\/wp\/v2\/product_cat?post=20670"},{"taxonomy":"product_tag","embeddable":true,"href":"https:\/\/mgvpublications.com\/de\/wp-json\/wp\/v2\/product_tag?post=20670"},{"taxonomy":"item","embeddable":true,"href":"https:\/\/mgvpublications.com\/de\/wp-json\/wp\/v2\/item?post=20670"}],"curies":[{"name":"wp","href":"https:\/\/api.w.org\/{rel}","templated":true}]}}