{"id":20664,"date":"2021-10-08T22:50:09","date_gmt":"2021-10-08T20:50:09","guid":{"rendered":"https:\/\/mgvpublications.com\/produkt\/cinaralti-kitap-sohbetleri\/"},"modified":"2022-03-08T22:56:00","modified_gmt":"2022-03-08T21:56:00","slug":"cinaralti-kitap-sohbetleri","status":"publish","type":"product","link":"https:\/\/mgvpublications.com\/de\/cinaralti-kitap-sohbetleri\/","title":{"rendered":"\u00c7\u0131naralt\u0131 Kitap Sohbetleri"},"content":{"rendered":"<p>Yay\u0131n Tarihi: 25.06.2018<br \/>ISBN: 9789753626668<br \/>Dil: T\u00dcRK\u00c7E<br \/>Sayfa Say\u0131s\u0131: 288<br \/>Cilt Tipi: Karton Kapak<br \/>Ka\u011f\u0131t Cinsi: Kitap Ka\u011f\u0131d\u0131<br \/>Boyut: 13.5 x 21 cm<\/p>","protected":false},"excerpt":{"rendered":"<p>&#8220;Felaketimizin kayna\u011f\u0131 k\u00fclt\u00fcr yoklu\u011fu. Hayat\u0131 anlamadan ge\u00e7ip gidiyoruz. Olgunla\u015fmak, kalbin daha hassas, kan\u0131n daha s\u0131cak, zekan\u0131n daha i\u015flek, ruhun daha huzurlu olmas\u0131 demek. Harami ma\u011faralar\u0131n\u0131n kap\u0131lar\u0131n\u0131 de\u011fil, h\u00fck\u00fcmdar hazinelerinin kap\u0131lar\u0131n\u0131 a\u00e7an b\u00fcy\u00fc, kitap!..&#8221; G\u00f6zlerinin \u0131\u015f\u0131\u011f\u0131 t\u00fckenene kadar g\u00f6z\u00fcn\u00fc kitaptan ay\u0131rmayan \u00dcstad Cemil Meri\u00e7 b\u00f6yle s\u00f6yl\u00fcyor kitap hakk\u0131nda&#8230; Bir ba\u015fka kitap a\u015f\u0131\u011f\u0131 da &#8220;Benim sevgilim kitap ve kalemdir. Geride kalanlar\u0131n hepsi mihnet, endi\u015fe ve gamd\u0131r.&#8221; diyerek muhabbetini dile getiriyor. Matbaan\u0131n bulunmad\u0131\u011f\u0131 ve kitaplar\u0131n b\u00fcy\u00fck zorluklar i\u00e7inde \u00e7o\u011falt\u0131ld\u0131\u011f\u0131 \u00e7a\u011flarda kitab\u0131n, ilmin ve ilim adam\u0131n\u0131n g\u00f6rd\u00fc\u011f\u00fc itibar aran\u0131r hale gelmi\u015fse; kitaplar \u00e7o\u011fald\u0131k\u00e7a, matbaalar artt\u0131k\u00e7a okuma oran\u0131 d\u00fc\u015f\u00fcyorsa; ve art\u0131k &#8220;medeniyet&#8221; sahnesinde bize bir rol verilmiyorsa, kitaba yeniden d\u00f6nmenin vakti gelmi\u015ftir. Dursun G\u00fcrlek, medeniyet tarilimizdeki yolculu\u011fu esnas\u0131nda derledi\u011fi k\u00fclt\u00fcr hazinesini bir bardak demli \u00e7ay e\u015fli\u011finde payla\u015fmak \u00fczere sizi \u00c7\u0131naralt\u0131&#8217;na davet ediyor.<\/p>","protected":false},"featured_media":21848,"template":"","meta":{"spay_email":""},"product_cat":[1588],"product_tag":[],"item":[360],"acf":[],"_links":{"self":[{"href":"https:\/\/mgvpublications.com\/de\/wp-json\/wp\/v2\/product\/20664"}],"collection":[{"href":"https:\/\/mgvpublications.com\/de\/wp-json\/wp\/v2\/product"}],"about":[{"href":"https:\/\/mgvpublications.com\/de\/wp-json\/wp\/v2\/types\/product"}],"wp:featuredmedia":[{"embeddable":true,"href":"https:\/\/mgvpublications.com\/de\/wp-json\/wp\/v2\/media\/21848"}],"wp:attachment":[{"href":"https:\/\/mgvpublications.com\/de\/wp-json\/wp\/v2\/media?parent=20664"}],"wp:term":[{"taxonomy":"product_cat","embeddable":true,"href":"https:\/\/mgvpublications.com\/de\/wp-json\/wp\/v2\/product_cat?post=20664"},{"taxonomy":"product_tag","embeddable":true,"href":"https:\/\/mgvpublications.com\/de\/wp-json\/wp\/v2\/product_tag?post=20664"},{"taxonomy":"item","embeddable":true,"href":"https:\/\/mgvpublications.com\/de\/wp-json\/wp\/v2\/item?post=20664"}],"curies":[{"name":"wp","href":"https:\/\/api.w.org\/{rel}","templated":true}]}}