{"id":20662,"date":"2021-10-08T22:50:09","date_gmt":"2021-10-08T20:50:09","guid":{"rendered":"https:\/\/mgvpublications.com\/produkt\/karinca-huzura-varinca\/"},"modified":"2022-03-08T22:55:58","modified_gmt":"2022-03-08T21:55:58","slug":"karinca-huzura-varinca","status":"publish","type":"product","link":"https:\/\/mgvpublications.com\/de\/karinca-huzura-varinca\/","title":{"rendered":"Kar\u0131nca Huzura Var\u0131nca"},"content":{"rendered":"<p>Yay\u0131n Tarihi: 23.06.2020<br \/>ISBN: 9789753627474<br \/>Dil: T\u00dcRK\u00c7E<br \/>Sayfa Say\u0131s\u0131: 320<br \/>Cilt Tipi: Karton Kapak<br \/>Ka\u011f\u0131t Cinsi: Kitap Ka\u011f\u0131d\u0131<br \/>Boyut: 13.5 x 21 cm<\/p>","protected":false},"excerpt":{"rendered":"<p>Karalar\u0131n ve denizlerin h\u00e2kimi Kanuni Sultan S\u00fcleyman, ayn\u0131 zamanda &#8220;Muhibbi&#8221; mahlas\u0131n\u0131 kullanan b\u00fcy\u00fck bir \u015fairdi. \u00d6nemsedi\u011fi, fakat kar\u0131ncalar\u0131n b\u00fcr\u00fcd\u00fc\u011f\u00fc bir a\u011fac\u0131 kesmek i\u00e7in \u015eeyh\u00fclislam Ebussuud Efendi&#8217;ye bir tezkire yazar ve konuyu sorar: D\u0131rahta ger ziyan etse kar\u0131nca ziyan\u0131 var m\u0131d\u0131r an\u0131 k\u0131r\u0131nca \u015eeyh\u00fclislam ayn\u0131 yolda cevap verir: Yar\u0131n Hakk&#8217;\u0131n divan\u0131na var\u0131nca S\u00fcleyman&#8217;dan hakk\u0131n al\u0131r kar\u0131nca!<\/p>","protected":false},"featured_media":21850,"template":"","meta":{"spay_email":""},"product_cat":[168],"product_tag":[],"item":[360],"acf":[],"_links":{"self":[{"href":"https:\/\/mgvpublications.com\/de\/wp-json\/wp\/v2\/product\/20662"}],"collection":[{"href":"https:\/\/mgvpublications.com\/de\/wp-json\/wp\/v2\/product"}],"about":[{"href":"https:\/\/mgvpublications.com\/de\/wp-json\/wp\/v2\/types\/product"}],"wp:featuredmedia":[{"embeddable":true,"href":"https:\/\/mgvpublications.com\/de\/wp-json\/wp\/v2\/media\/21850"}],"wp:attachment":[{"href":"https:\/\/mgvpublications.com\/de\/wp-json\/wp\/v2\/media?parent=20662"}],"wp:term":[{"taxonomy":"product_cat","embeddable":true,"href":"https:\/\/mgvpublications.com\/de\/wp-json\/wp\/v2\/product_cat?post=20662"},{"taxonomy":"product_tag","embeddable":true,"href":"https:\/\/mgvpublications.com\/de\/wp-json\/wp\/v2\/product_tag?post=20662"},{"taxonomy":"item","embeddable":true,"href":"https:\/\/mgvpublications.com\/de\/wp-json\/wp\/v2\/item?post=20662"}],"curies":[{"name":"wp","href":"https:\/\/api.w.org\/{rel}","templated":true}]}}