{"id":20660,"date":"2021-10-08T22:50:08","date_gmt":"2021-10-08T20:50:08","guid":{"rendered":"https:\/\/mgvpublications.com\/produkt\/daha-adil-bir-dunya-mumkun\/"},"modified":"2022-03-08T22:55:58","modified_gmt":"2022-03-08T21:55:58","slug":"daha-adil-bir-dunya-mumkun","status":"publish","type":"product","link":"https:\/\/mgvpublications.com\/de\/daha-adil-bir-dunya-mumkun\/","title":{"rendered":"Daha Adil Bir D\u00fcnya M\u00fcmk\u00fcn"},"content":{"rendered":"<p>Yay\u0131n Tarihi: 06.09.2021<br \/>ISBN: 9786257548083<br \/>Dil: T\u00dcRK\u00c7E<br \/>Sayfa Say\u0131s\u0131: 216<br \/>Cilt Tipi: Karton Kapak<br \/>Ka\u011f\u0131t Cinsi: Kitap Ka\u011f\u0131d\u0131<br \/>Boyut: 14 x 21 cm<\/p>","protected":false},"excerpt":{"rendered":"<p>\u201cSadece be\u015f \u00fclkenin b\u00fct\u00fcn d\u00fcnyan\u0131n kaderini etkileyecek konularda karar vermesi ne ahlaki ne adildir. D\u00fcnya be\u015f \u00fclkeden b\u00fcy\u00fckt\u00fcr.\u201d \u201cAdil ve daha s\u00fcrd\u00fcr\u00fclebilir bir k\u00fcresel bar\u0131\u015f\u0131n temini i\u00e7in \u00e7ok k\u00fclt\u00fcrl\u00fcl\u00fc\u011f\u00fc ve \u00e7ok kutuplulu\u011fu yans\u0131tan bir BM\u2019ye ihtiya\u00e7 vard\u0131r. D\u00fcnya ne tek kutuplu ne de iki kutupludur, ne h\u00e2kim bir k\u00fclt\u00fcr\u00fcn ne de birka\u00e7 imtiyaz sahibi akt\u00f6r\u00fcn k\u00fclt\u00fcrel hegemonyas\u0131 alt\u0131ndad\u0131r. \u00c7ok kutuplu, \u00e7ok merkezli, \u00e7ok k\u00fclt\u00fcrl\u00fc, daha kapsay\u0131c\u0131 ve adil bir d\u00fcnya in\u015fa etmek m\u00fcmk\u00fcnd\u00fcr. B\u00f6ylesi bir d\u00fcnya i\u00e7in ilk adres BM\u2019dir. Bar\u0131\u015f\u0131n, istikrar\u0131n, adaletin ve etkin k\u00fcresel y\u00f6neti\u015fimin yolu, BM\u2019nin reforma tabi tutulmas\u0131ndan ge\u00e7mektedir. BM reformu ve \u00f6zellikle G\u00fcvenlik Konseyi\u2019nin yap\u0131s\u0131n\u0131n yeniden olu\u015fturulmas\u0131, elbette t\u00fcm d\u00fcnya \u00fclkelerinin uzla\u015fmas\u0131yla hayata ge\u00e7ecektir. Biz T\u00fcrkiye olarak, bu \u00e7er\u00e7evedeki teklifimizi uzun zamand\u0131r ifade ediyor ve t\u00fcm \u00fclkelerin tart\u0131\u015fmas\u0131na a\u00e7\u0131yoruz. \u00e7\u00f6z\u00fcm \u00f6nerimiz ise \u2018D\u00fcnya be\u015ften b\u00fcy\u00fckt\u00fcr\u2019 ifadesinde kendini bulan, BM G\u00fcvenlik Konseyi\u2019nin yap\u0131s\u0131n\u0131n de\u011fi\u015ftirilmesini merkeze alan bir perspektifin h\u00e2kim k\u0131l\u0131nmas\u0131d\u0131r. Konsey\u2019in k\u0131talar\u0131, inan\u00e7lar\u0131, k\u00f6kenleri ve k\u00fclt\u00fcrleri m\u00fcmk\u00fcn olan en adil \u015fekilde temsil edecek bir yap\u0131ya kavu\u015fturulacak \u015fekilde yeniden yap\u0131land\u0131r\u0131lmas\u0131 \u00e7\u00f6z\u00fcm ve k\u00fcresel bar\u0131\u015f\u0131n tesisi i\u00e7in devrimsel bir ad\u0131m olacakt\u0131r.\u201d Recep Tayyip Erdo\u011fan<\/p>","protected":false},"featured_media":20659,"template":"","meta":{"spay_email":""},"product_cat":[173],"product_tag":[],"item":[716],"acf":[],"_links":{"self":[{"href":"https:\/\/mgvpublications.com\/de\/wp-json\/wp\/v2\/product\/20660"}],"collection":[{"href":"https:\/\/mgvpublications.com\/de\/wp-json\/wp\/v2\/product"}],"about":[{"href":"https:\/\/mgvpublications.com\/de\/wp-json\/wp\/v2\/types\/product"}],"wp:featuredmedia":[{"embeddable":true,"href":"https:\/\/mgvpublications.com\/de\/wp-json\/wp\/v2\/media\/20659"}],"wp:attachment":[{"href":"https:\/\/mgvpublications.com\/de\/wp-json\/wp\/v2\/media?parent=20660"}],"wp:term":[{"taxonomy":"product_cat","embeddable":true,"href":"https:\/\/mgvpublications.com\/de\/wp-json\/wp\/v2\/product_cat?post=20660"},{"taxonomy":"product_tag","embeddable":true,"href":"https:\/\/mgvpublications.com\/de\/wp-json\/wp\/v2\/product_tag?post=20660"},{"taxonomy":"item","embeddable":true,"href":"https:\/\/mgvpublications.com\/de\/wp-json\/wp\/v2\/item?post=20660"}],"curies":[{"name":"wp","href":"https:\/\/api.w.org\/{rel}","templated":true}]}}