{"id":20640,"date":"2021-10-08T22:50:04","date_gmt":"2021-10-08T20:50:04","guid":{"rendered":"https:\/\/mgvpublications.com\/produkt\/siyasetname-karton-kapak\/"},"modified":"2022-03-08T22:55:57","modified_gmt":"2022-03-08T21:55:57","slug":"siyasetname-karton-kapak","status":"publish","type":"product","link":"https:\/\/mgvpublications.com\/de\/siyasetname-karton-kapak\/","title":{"rendered":"Siyasetname (Karton Kapak)"},"content":{"rendered":"<p>\u00c7evirmen: Mehmet Taha Ayar<br \/>Yay\u0131n Tarihi: 02.05.2018<br \/>ISBN: 9789944887427<br \/>Dil: T\u00dcRK\u00c7E<br \/>Sayfa Say\u0131s\u0131: 365<br \/>Cilt Tipi: Karton Kapak<br \/>Ka\u011f\u0131t Cinsi: Kitap Ka\u011f\u0131d\u0131<br \/>Boyut: 12.5 x 20.5 cm<\/p>","protected":false},"excerpt":{"rendered":"<p>Sel\u00e7uklu sultanlar\u0131 Alparslan ve Melik\u015fah\u2019\u0131n veziri olarak otuz y\u0131l boyunca devlet y\u00f6netiminde s\u00f6z sahibi oldu, g\u00f6r\u00fc\u015fleriyle sultanlar\u0131n kararlar\u0131n\u0131 etkiledi. Siyasi bir suikasta kurban gitmesinden k\u0131sa bir s\u00fcre \u00f6nce h\u00fck\u00fcmdarl\u0131k sanat\u0131 konusunda d\u00fc\u015f\u00fcncelerini kaleme ald\u0131. Melik\u015fah\u2019\u0131n devlet y\u00f6netimi hakk\u0131nda kapsaml\u0131 bir rapor istemesi \u00fczerine yaz\u0131lan Siyasetname, Nizam\u00fc\u2019l-M\u00fclk\u2019\u00fcn devlet adam\u0131 olarak deneyimlerini aktard\u0131\u011f\u0131 bir el kitab\u0131 olmas\u0131n\u0131n yan\u0131 s\u0131ra, edebi de\u011feriyle de y\u00fczy\u0131llard\u0131r dikkati \u00e7eken bir eserdir.<\/p>","protected":false},"featured_media":20639,"template":"","meta":{"spay_email":""},"product_cat":[173],"product_tag":[],"item":[336],"acf":[],"_links":{"self":[{"href":"https:\/\/mgvpublications.com\/de\/wp-json\/wp\/v2\/product\/20640"}],"collection":[{"href":"https:\/\/mgvpublications.com\/de\/wp-json\/wp\/v2\/product"}],"about":[{"href":"https:\/\/mgvpublications.com\/de\/wp-json\/wp\/v2\/types\/product"}],"wp:featuredmedia":[{"embeddable":true,"href":"https:\/\/mgvpublications.com\/de\/wp-json\/wp\/v2\/media\/20639"}],"wp:attachment":[{"href":"https:\/\/mgvpublications.com\/de\/wp-json\/wp\/v2\/media?parent=20640"}],"wp:term":[{"taxonomy":"product_cat","embeddable":true,"href":"https:\/\/mgvpublications.com\/de\/wp-json\/wp\/v2\/product_cat?post=20640"},{"taxonomy":"product_tag","embeddable":true,"href":"https:\/\/mgvpublications.com\/de\/wp-json\/wp\/v2\/product_tag?post=20640"},{"taxonomy":"item","embeddable":true,"href":"https:\/\/mgvpublications.com\/de\/wp-json\/wp\/v2\/item?post=20640"}],"curies":[{"name":"wp","href":"https:\/\/api.w.org\/{rel}","templated":true}]}}