{"id":20638,"date":"2021-10-08T22:50:04","date_gmt":"2021-10-08T20:50:04","guid":{"rendered":"https:\/\/mgvpublications.com\/produkt\/kudusun-istilasindan-urfanin-fethine-muslumanlarin-haclilarla-mucadelesi\/"},"modified":"2022-03-08T22:55:55","modified_gmt":"2022-03-08T21:55:55","slug":"kudusun-istilasindan-urfanin-fethine-muslumanlarin-haclilarla-mucadelesi","status":"publish","type":"product","link":"https:\/\/mgvpublications.com\/de\/kudusun-istilasindan-urfanin-fethine-muslumanlarin-haclilarla-mucadelesi\/","title":{"rendered":"Kud\u00fcs\u2019\u00fcn \u0130stilas\u0131ndan Urfa\u2019n\u0131n Fethine M\u00fcsl\u00fcmanlar\u0131n Ha\u00e7l\u0131larla M\u00fccadelesi"},"content":{"rendered":"<p>Yay\u0131n Tarihi: 15.09.2021<br \/>ISBN: 9786257274807<br \/>Dil: T\u00dcRK\u00c7E<br \/>Sayfa Say\u0131s\u0131: 317<br \/>Cilt Tipi: Karton Kapak<br \/>Ka\u011f\u0131t Cinsi: Kitap Ka\u011f\u0131d\u0131<br \/>Boyut: 13.5 x 21 cm<\/p>","protected":false},"excerpt":{"rendered":"<p>Kud\u00fcs\u2019\u00fcn 1099\u2019da Ha\u00e7l\u0131larca istilas\u0131, \u0130sl\u00e2m d\u00fcnyas\u0131n\u0131 deh\u015fete d\u00fc\u015f\u00fcren bir s\u00fcrecin d\u00f6n\u00fcm noktas\u0131d\u0131r. Urfa\u2019n\u0131n 1146\u2019da Ha\u00e7l\u0131lardan kurtar\u0131larak yeniden fethi ise o deh\u015fet verici s\u00fcrecin son bulaca\u011f\u0131n\u0131 haber veren ilk b\u00fcy\u00fck tarihsel geli\u015fmedir. Bu iki tarihi olay aras\u0131ndaki k\u0131rk yedi y\u0131ll\u0131k zaman dilimi, M\u00fcsl\u00fcmanlar\u0131n Ha\u00e7l\u0131lara kar\u015f\u0131 m\u00fccadelesinin olu\u015fup ray\u0131na oturmas\u0131 a\u00e7\u0131s\u0131ndan tarihi bir \u00f6neme haizdir. Ancak Bat\u0131l\u0131 ara\u015ft\u0131rmalar\u0131n aksine M\u00fcsl\u00fcman d\u00fcnyada o d\u00f6nemin \u00f6nemine denk gelen \u00e7al\u0131\u015fmalar yap\u0131lmam\u0131\u015ft\u0131r. Ayr\u0131ca Ha\u00e7l\u0131lara kar\u015f\u0131 M\u00fcsl\u00fcman m\u00fccadelesi, daha \u00e7ok Bat\u0131l\u0131 ara\u015ft\u0131rmac\u0131lar\u0131n g\u00f6z\u00fcyle ve Ha\u00e7l\u0131 Seferleri oda\u011fa al\u0131narak i\u015flenmi\u015ftir. Bu, asl\u0131nda M\u00fcsl\u00fcman m\u00fccadelesinin \u0130sl\u00e2m kar\u015f\u0131tlar\u0131n\u0131n g\u00f6z\u00fcyle i\u015flenmesidir. \u0130stilaya istilac\u0131lar\u0131n mant\u0131\u011f\u0131yla yakla\u015fmakt\u0131r. Bu kitap, s\u00f6z\u00fc edilen d\u00f6nemi Ha\u00e7l\u0131lara kar\u015f\u0131 M\u00fcsl\u00fcman m\u00fccadelesini oda\u011f\u0131 alarak ve Bat\u0131l\u0131 ara\u015ft\u0131rmalar\u0131 da g\u00f6z ard\u0131 etmeden ele almakta; I. K\u0131l\u0131\u00e7arslan, Tu\u011ftegin, \u0130bn Amm\u00e2r, Muhammed Tapar, \u0130lgazi, Belek Han, Mevd\u00fbd, Aksungur el-Porsuk\u00ee, \u0130m\u00e2d\u00fcddin Zeng\u00ee gibi kahramanlar\u0131n Ha\u00e7l\u0131lara kar\u015f\u0131 m\u00fccadelesini bir arada i\u015fleyerek Ha\u00e7l\u0131lara kar\u015f\u0131 M\u00fcsl\u00fcman m\u00fccadelesi ara\u015ft\u0131rmalar\u0131na \u00f6zg\u00fcn bir katk\u0131 sa\u011flamaktad\u0131r. Kitab\u0131n Ha\u00e7l\u0131lara kar\u015f\u0131 o devirdeki M\u00fcsl\u00fcman m\u00fccadelesini de\u011ferlendiren sonu\u00e7 b\u00f6l\u00fcm\u00fc de ayr\u0131ca dikkate de\u011ferdir ve kitaba farkl\u0131 bir \u00f6nem kazand\u0131rmaktad\u0131r.<\/p>","protected":false},"featured_media":20637,"template":"","meta":{"spay_email":""},"product_cat":[174],"product_tag":[],"item":[426],"acf":[],"_links":{"self":[{"href":"https:\/\/mgvpublications.com\/de\/wp-json\/wp\/v2\/product\/20638"}],"collection":[{"href":"https:\/\/mgvpublications.com\/de\/wp-json\/wp\/v2\/product"}],"about":[{"href":"https:\/\/mgvpublications.com\/de\/wp-json\/wp\/v2\/types\/product"}],"wp:featuredmedia":[{"embeddable":true,"href":"https:\/\/mgvpublications.com\/de\/wp-json\/wp\/v2\/media\/20637"}],"wp:attachment":[{"href":"https:\/\/mgvpublications.com\/de\/wp-json\/wp\/v2\/media?parent=20638"}],"wp:term":[{"taxonomy":"product_cat","embeddable":true,"href":"https:\/\/mgvpublications.com\/de\/wp-json\/wp\/v2\/product_cat?post=20638"},{"taxonomy":"product_tag","embeddable":true,"href":"https:\/\/mgvpublications.com\/de\/wp-json\/wp\/v2\/product_tag?post=20638"},{"taxonomy":"item","embeddable":true,"href":"https:\/\/mgvpublications.com\/de\/wp-json\/wp\/v2\/item?post=20638"}],"curies":[{"name":"wp","href":"https:\/\/api.w.org\/{rel}","templated":true}]}}