{"id":20634,"date":"2021-10-08T22:50:02","date_gmt":"2021-10-08T20:50:02","guid":{"rendered":"https:\/\/mgvpublications.com\/produkt\/topkapidan-topkapiya-istanbul-gezi-yazilari-1-1986\/"},"modified":"2022-03-08T22:55:55","modified_gmt":"2022-03-08T21:55:55","slug":"topkapidan-topkapiya-istanbul-gezi-yazilari-1-1986","status":"publish","type":"product","link":"https:\/\/mgvpublications.com\/de\/topkapidan-topkapiya-istanbul-gezi-yazilari-1-1986\/","title":{"rendered":"Topkap\u0131\u2019dan Topkap\u0131\u2019ya \u0130stanbul Gezi Yaz\u0131lar\u0131 1 (1986)"},"content":{"rendered":"<p>Yay\u0131n Tarihi: 22.09.2021<br \/>ISBN: 9786257660556<br \/>Dil: T\u00dcRK\u00c7E<br \/>Sayfa Say\u0131s\u0131: 128<br \/>Cilt Tipi: Karton Kapak<br \/>Ka\u011f\u0131t Cinsi: Kitap Ka\u011f\u0131d\u0131<br \/>Boyut: 13.5 x 21 cm<\/p>","protected":false},"excerpt":{"rendered":"<p>Mustafa Kutlu&#8217;dan \u0130stanbul gezi yaz\u0131lar\u0131! Bizleri al\u0131p \u0130stanbul\u2019un 35 y\u0131l \u00f6nceki ara sokaklar\u0131na, caddelerine, d\u00fckk\u00e2nlar\u0131na, ara\u00e7lar\u0131na g\u00f6t\u00fcrecek; kendi g\u00f6z\u00fcnden yorumlar\u0131 ile kimi zaman duyguland\u0131racak, kimi zaman ise g\u00fcl\u00fcmsetecek bir kitap&#8230; \u00dc\u00e7 kitapl\u0131k seri h\u00e2linde yay\u0131mlanacak olan \u0130stanbul gezi yaz\u0131lar\u0131 Kutlu\u2019nun \u00f6nceden yaz\u0131p bir kenara kald\u0131rd\u0131\u011f\u0131, \u015fimdi tekrar g\u00f6zden ge\u00e7irip okurlara sundu\u011fu gezi yaz\u0131lar\u0131ndan olu\u015fuyor. \u0130lk kitab\u0131n\u0131 okuduktan sonra di\u011fer kitaplar\u0131n\u0131 da heyecanla bekleyece\u011fimiz bir seri&#8230;<\/p>","protected":false},"featured_media":20633,"template":"","meta":{"spay_email":""},"product_cat":[168],"product_tag":[],"item":[356],"acf":[],"_links":{"self":[{"href":"https:\/\/mgvpublications.com\/de\/wp-json\/wp\/v2\/product\/20634"}],"collection":[{"href":"https:\/\/mgvpublications.com\/de\/wp-json\/wp\/v2\/product"}],"about":[{"href":"https:\/\/mgvpublications.com\/de\/wp-json\/wp\/v2\/types\/product"}],"wp:featuredmedia":[{"embeddable":true,"href":"https:\/\/mgvpublications.com\/de\/wp-json\/wp\/v2\/media\/20633"}],"wp:attachment":[{"href":"https:\/\/mgvpublications.com\/de\/wp-json\/wp\/v2\/media?parent=20634"}],"wp:term":[{"taxonomy":"product_cat","embeddable":true,"href":"https:\/\/mgvpublications.com\/de\/wp-json\/wp\/v2\/product_cat?post=20634"},{"taxonomy":"product_tag","embeddable":true,"href":"https:\/\/mgvpublications.com\/de\/wp-json\/wp\/v2\/product_tag?post=20634"},{"taxonomy":"item","embeddable":true,"href":"https:\/\/mgvpublications.com\/de\/wp-json\/wp\/v2\/item?post=20634"}],"curies":[{"name":"wp","href":"https:\/\/api.w.org\/{rel}","templated":true}]}}