{"id":20622,"date":"2021-10-08T22:50:00","date_gmt":"2021-10-08T20:50:00","guid":{"rendered":"https:\/\/mgvpublications.com\/produkt\/yagmurlu-bir-gun\/"},"modified":"2022-03-08T22:55:54","modified_gmt":"2022-03-08T21:55:54","slug":"yagmurlu-bir-gun","status":"publish","type":"product","link":"https:\/\/mgvpublications.com\/de\/yagmurlu-bir-gun\/","title":{"rendered":"Ya\u011fmurlu Bir G\u00fcn"},"content":{"rendered":"<p>Yay\u0131n Tarihi: 21.10.2019<br \/>ISBN: 9789750830662<br \/>Dil: T\u00dcRK\u00c7E<br \/>Sayfa Say\u0131s\u0131: 28<br \/>Cilt Tipi: Ciltli<br \/>Ka\u011f\u0131t Cinsi: Ku\u015fe Ka\u011f\u0131t<br \/>Boyut: 27 x 27 cm<br \/>Di\u011fer \u00d6zellik: 3-8 Ya\u015f<\/p>","protected":false},"excerpt":{"rendered":"<p>Feridun Oral\u2019dan yeni bir \u015faheser: Ya\u011fmurlu Bir G\u00fcn, Feridun Oral\u2019dan, \u00e7ocuklar\u0131n hayal g\u00fc\u00e7lerinin zenginli\u011fi \u00fczerine bir g\u00fczelleme. Bardaktan bo\u015fal\u0131rcas\u0131na ya\u011fmur ya\u011fd\u0131\u011f\u0131 bir g\u00fcn, bah\u00e7eye \u00e7\u0131kamayan Cem pencereden ya\u011fmuru seyrederken hayaller kurmaya ba\u015flar. Feridun Oral bizi Cem\u2019in hayal d\u00fcnyas\u0131nda gezdirir. Ar\u0131lar gibi u\u00e7up bulutlar\u0131 kovalayabilen, timsahlarla y\u00fcz\u00fcp papa\u011fanlarla \u015fark\u0131 s\u00f6yleyebilen Cem\u2019in renkli d\u00fcnyas\u0131na kim misafir olmak istemez ki!<\/p>","protected":false},"featured_media":20621,"template":"","meta":{"spay_email":""},"product_cat":[172],"product_tag":[],"item":[448],"acf":[],"_links":{"self":[{"href":"https:\/\/mgvpublications.com\/de\/wp-json\/wp\/v2\/product\/20622"}],"collection":[{"href":"https:\/\/mgvpublications.com\/de\/wp-json\/wp\/v2\/product"}],"about":[{"href":"https:\/\/mgvpublications.com\/de\/wp-json\/wp\/v2\/types\/product"}],"wp:featuredmedia":[{"embeddable":true,"href":"https:\/\/mgvpublications.com\/de\/wp-json\/wp\/v2\/media\/20621"}],"wp:attachment":[{"href":"https:\/\/mgvpublications.com\/de\/wp-json\/wp\/v2\/media?parent=20622"}],"wp:term":[{"taxonomy":"product_cat","embeddable":true,"href":"https:\/\/mgvpublications.com\/de\/wp-json\/wp\/v2\/product_cat?post=20622"},{"taxonomy":"product_tag","embeddable":true,"href":"https:\/\/mgvpublications.com\/de\/wp-json\/wp\/v2\/product_tag?post=20622"},{"taxonomy":"item","embeddable":true,"href":"https:\/\/mgvpublications.com\/de\/wp-json\/wp\/v2\/item?post=20622"}],"curies":[{"name":"wp","href":"https:\/\/api.w.org\/{rel}","templated":true}]}}