{"id":20620,"date":"2021-10-08T22:50:00","date_gmt":"2021-10-08T20:50:00","guid":{"rendered":"https:\/\/mgvpublications.com\/produkt\/bu-kis-kimse-usumeyecek\/"},"modified":"2022-03-08T22:55:54","modified_gmt":"2022-03-08T21:55:54","slug":"bu-kis-kimse-usumeyecek","status":"publish","type":"product","link":"https:\/\/mgvpublications.com\/de\/bu-kis-kimse-usumeyecek\/","title":{"rendered":"Bu K\u0131\u015f Kimse \u00dc\u015f\u00fcmeyecek"},"content":{"rendered":"<p>Yay\u0131n Tarihi: 24.01.2019<br \/>ISBN: 9789750834042<br \/>Dil: T\u00dcRK\u00c7E<br \/>Sayfa Say\u0131s\u0131: 28<br \/>Cilt Tipi: Karton Kapak<br \/>Ka\u011f\u0131t Cinsi: Ku\u015fe Ka\u011f\u0131t<br \/>Boyut: 24 x 29.3 cm<br \/>Editor: Hazel Bilgen<br \/>Di\u011fer \u00d6zellik: 3-8 Ya\u015f<\/p>","protected":false},"excerpt":{"rendered":"<p>K\u00fc\u00e7\u00fck k\u0131r faresi \u0131s\u0131nmak istiyor! So\u011fuk bir k\u0131\u015f sabah\u0131 \u00fc\u015f\u00fcyerek uyanan k\u00fc\u00e7\u00fck k\u0131r faresi, yakacak \u00e7al\u0131 \u00e7\u0131rp\u0131 bulmak i\u00e7in yola koyulur. Ama karlarla kapl\u0131 u\u00e7suz bucaks\u0131z ormanda beklenmedik bir \u015fey olur. Bakal\u0131m k\u00fc\u00e7\u00fck k\u0131r faresi \u0131s\u0131nman\u0131n bir yolunu bulabilecek mi? Tav\u015fan dev y\u0131\u011f\u0131n\u0131 g\u00f6r\u00fcnce g\u00f6zlerine inanamad\u0131. \u201cBu y\u00fck\u00fc \u00e7ekmeye g\u00fcc\u00fcm yetmez!\u201d dedi. \u201cG\u00fc\u00e7lerimizi birle\u015ftirirsek \u00e7ekebiliriz\u201d dedi k\u00fc\u00e7\u00fck fare. Feridun Oral\u2019\u0131n yaz\u0131p resimledi\u011fi s\u0131cac\u0131k bir hik\u00e2ye.<\/p>","protected":false},"featured_media":20619,"template":"","meta":{"spay_email":""},"product_cat":[172],"product_tag":[],"item":[448],"acf":[],"_links":{"self":[{"href":"https:\/\/mgvpublications.com\/de\/wp-json\/wp\/v2\/product\/20620"}],"collection":[{"href":"https:\/\/mgvpublications.com\/de\/wp-json\/wp\/v2\/product"}],"about":[{"href":"https:\/\/mgvpublications.com\/de\/wp-json\/wp\/v2\/types\/product"}],"wp:featuredmedia":[{"embeddable":true,"href":"https:\/\/mgvpublications.com\/de\/wp-json\/wp\/v2\/media\/20619"}],"wp:attachment":[{"href":"https:\/\/mgvpublications.com\/de\/wp-json\/wp\/v2\/media?parent=20620"}],"wp:term":[{"taxonomy":"product_cat","embeddable":true,"href":"https:\/\/mgvpublications.com\/de\/wp-json\/wp\/v2\/product_cat?post=20620"},{"taxonomy":"product_tag","embeddable":true,"href":"https:\/\/mgvpublications.com\/de\/wp-json\/wp\/v2\/product_tag?post=20620"},{"taxonomy":"item","embeddable":true,"href":"https:\/\/mgvpublications.com\/de\/wp-json\/wp\/v2\/item?post=20620"}],"curies":[{"name":"wp","href":"https:\/\/api.w.org\/{rel}","templated":true}]}}