{"id":20618,"date":"2021-10-08T22:50:00","date_gmt":"2021-10-08T20:50:00","guid":{"rendered":"https:\/\/mgvpublications.com\/produkt\/kirmizi-kanatli-baykus\/"},"modified":"2022-03-08T22:55:54","modified_gmt":"2022-03-08T21:55:54","slug":"kirmizi-kanatli-baykus","status":"publish","type":"product","link":"https:\/\/mgvpublications.com\/de\/kirmizi-kanatli-baykus\/","title":{"rendered":"K\u0131rm\u0131z\u0131 Kanatl\u0131 Bayku\u015f"},"content":{"rendered":"<p>Yay\u0131n Tarihi: 21.05.2019<br \/>ISBN: 9789750823503<br \/>Dil: T\u00dcRK\u00c7E<br \/>Sayfa Say\u0131s\u0131: 36<br \/>Cilt Tipi: Ciltli<br \/>Ka\u011f\u0131t Cinsi: Kitap Ka\u011f\u0131d\u0131<br \/>Boyut: 24 x 29 cm<br \/>Di\u011fer \u00d6zellik: 3-8 Ya\u015f<\/p>","protected":false},"excerpt":{"rendered":"<p>K\u00fc\u00e7\u00fck bayku\u015fun kanatlar\u0131 k\u0131rm\u0131z\u0131 ve g\u00fc\u00e7l\u00fc de\u011fildi. Ke\u015fke bir arkada\u015f\u0131 olsayd\u0131, onunla ne \u00e7ok oyun oynard\u0131. Belki u\u00e7mas\u0131na yard\u0131m ederdi. R\u00fczg\u00e2rl\u0131 bir gece \u00fczg\u00fcn \u00fczg\u00fcn otururken bir \u00e7\u0131t\u0131rt\u0131 duyuldu. K\u00fc\u00e7\u00fck bir fareydi bu\u2026 K\u00fc\u00e7\u00fck bayku\u015f ile farenin dostlu\u011funa d\u00f6n\u00fc\u015fen hik\u00e2yesini Feridun Oral yazd\u0131 ve resimledi.<\/p>","protected":false},"featured_media":20617,"template":"","meta":{"spay_email":""},"product_cat":[172],"product_tag":[],"item":[448],"acf":[],"_links":{"self":[{"href":"https:\/\/mgvpublications.com\/de\/wp-json\/wp\/v2\/product\/20618"}],"collection":[{"href":"https:\/\/mgvpublications.com\/de\/wp-json\/wp\/v2\/product"}],"about":[{"href":"https:\/\/mgvpublications.com\/de\/wp-json\/wp\/v2\/types\/product"}],"wp:featuredmedia":[{"embeddable":true,"href":"https:\/\/mgvpublications.com\/de\/wp-json\/wp\/v2\/media\/20617"}],"wp:attachment":[{"href":"https:\/\/mgvpublications.com\/de\/wp-json\/wp\/v2\/media?parent=20618"}],"wp:term":[{"taxonomy":"product_cat","embeddable":true,"href":"https:\/\/mgvpublications.com\/de\/wp-json\/wp\/v2\/product_cat?post=20618"},{"taxonomy":"product_tag","embeddable":true,"href":"https:\/\/mgvpublications.com\/de\/wp-json\/wp\/v2\/product_tag?post=20618"},{"taxonomy":"item","embeddable":true,"href":"https:\/\/mgvpublications.com\/de\/wp-json\/wp\/v2\/item?post=20618"}],"curies":[{"name":"wp","href":"https:\/\/api.w.org\/{rel}","templated":true}]}}