{"id":20610,"date":"2021-10-08T22:49:57","date_gmt":"2021-10-08T20:49:57","guid":{"rendered":"https:\/\/mgvpublications.com\/produkt\/yitik-cennet\/"},"modified":"2022-03-25T12:13:45","modified_gmt":"2022-03-25T11:13:45","slug":"yitik-cennet","status":"publish","type":"product","link":"https:\/\/mgvpublications.com\/de\/yitik-cennet\/","title":{"rendered":"Yitik Cennet"},"content":{"rendered":"<p>Yay\u0131n Tarihi: 01.05.2013<br \/>ISBN: 9789123493937<br \/>Dil: T\u00dcRK\u00c7E<br \/>Sayfa Say\u0131s\u0131: 144<br \/>Cilt Tipi: Karton Kapak<br \/>Ka\u011f\u0131t Cinsi: Kitap Ka\u011f\u0131d\u0131<br \/>Boyut: 13 x 19.5 cm<\/p>","protected":false},"excerpt":{"rendered":"<p>Yay\u0131n Tarihi: 01.05.2013ISBN: 9789123493937Dil: T\u00dcRK\u00c7ESayfa Say\u0131s\u0131: 144Cilt Tipi: Karton KapakKa\u011f\u0131t Cinsi: Kitap Ka\u011f\u0131d\u0131Boyut: 13 x 19.5 cm<\/p>","protected":false},"featured_media":20609,"template":"","meta":{"spay_email":""},"product_cat":[174],"product_tag":[],"item":[705],"acf":[],"_links":{"self":[{"href":"https:\/\/mgvpublications.com\/de\/wp-json\/wp\/v2\/product\/20610"}],"collection":[{"href":"https:\/\/mgvpublications.com\/de\/wp-json\/wp\/v2\/product"}],"about":[{"href":"https:\/\/mgvpublications.com\/de\/wp-json\/wp\/v2\/types\/product"}],"wp:featuredmedia":[{"embeddable":true,"href":"https:\/\/mgvpublications.com\/de\/wp-json\/wp\/v2\/media\/20609"}],"wp:attachment":[{"href":"https:\/\/mgvpublications.com\/de\/wp-json\/wp\/v2\/media?parent=20610"}],"wp:term":[{"taxonomy":"product_cat","embeddable":true,"href":"https:\/\/mgvpublications.com\/de\/wp-json\/wp\/v2\/product_cat?post=20610"},{"taxonomy":"product_tag","embeddable":true,"href":"https:\/\/mgvpublications.com\/de\/wp-json\/wp\/v2\/product_tag?post=20610"},{"taxonomy":"item","embeddable":true,"href":"https:\/\/mgvpublications.com\/de\/wp-json\/wp\/v2\/item?post=20610"}],"curies":[{"name":"wp","href":"https:\/\/api.w.org\/{rel}","templated":true}]}}