{"id":20606,"date":"2021-10-08T22:49:56","date_gmt":"2021-10-08T20:49:56","guid":{"rendered":"https:\/\/mgvpublications.com\/produkt\/unutus-ve-hatirlayis\/"},"modified":"2022-03-08T22:55:52","modified_gmt":"2022-03-08T21:55:52","slug":"unutus-ve-hatirlayis","status":"publish","type":"product","link":"https:\/\/mgvpublications.com\/de\/unutus-ve-hatirlayis\/","title":{"rendered":"Unutu\u015f Ve Hat\u0131rlay\u0131\u015f"},"content":{"rendered":"<p>Yay\u0131n Tarihi: 01.01.2015<br \/>ISBN: 9789123494200<br \/>Dil: T\u00dcRK\u00c7E<br \/>Cilt Tipi: Karton Kapak<br \/>Ka\u011f\u0131t Cinsi: 3. Hm. Ka\u011f\u0131t<\/p>","protected":false},"excerpt":{"rendered":"<p>Yay\u0131n Tarihi: 01.01.2015ISBN: 9789123494200Dil: T\u00dcRK\u00c7ECilt Tipi: Karton KapakKa\u011f\u0131t Cinsi: 3. Hm. Ka\u011f\u0131t<\/p>","protected":false},"featured_media":20605,"template":"","meta":{"spay_email":""},"product_cat":[168],"product_tag":[],"item":[705],"acf":[],"_links":{"self":[{"href":"https:\/\/mgvpublications.com\/de\/wp-json\/wp\/v2\/product\/20606"}],"collection":[{"href":"https:\/\/mgvpublications.com\/de\/wp-json\/wp\/v2\/product"}],"about":[{"href":"https:\/\/mgvpublications.com\/de\/wp-json\/wp\/v2\/types\/product"}],"wp:featuredmedia":[{"embeddable":true,"href":"https:\/\/mgvpublications.com\/de\/wp-json\/wp\/v2\/media\/20605"}],"wp:attachment":[{"href":"https:\/\/mgvpublications.com\/de\/wp-json\/wp\/v2\/media?parent=20606"}],"wp:term":[{"taxonomy":"product_cat","embeddable":true,"href":"https:\/\/mgvpublications.com\/de\/wp-json\/wp\/v2\/product_cat?post=20606"},{"taxonomy":"product_tag","embeddable":true,"href":"https:\/\/mgvpublications.com\/de\/wp-json\/wp\/v2\/product_tag?post=20606"},{"taxonomy":"item","embeddable":true,"href":"https:\/\/mgvpublications.com\/de\/wp-json\/wp\/v2\/item?post=20606"}],"curies":[{"name":"wp","href":"https:\/\/api.w.org\/{rel}","templated":true}]}}