{"id":20596,"date":"2021-10-08T22:49:53","date_gmt":"2021-10-08T20:49:53","guid":{"rendered":"https:\/\/mgvpublications.com\/produkt\/mehmed-akif\/"},"modified":"2022-03-08T22:55:52","modified_gmt":"2022-03-08T21:55:52","slug":"mehmed-akif","status":"publish","type":"product","link":"https:\/\/mgvpublications.com\/de\/mehmed-akif\/","title":{"rendered":"Mehmed Akif"},"content":{"rendered":"<p>Yay\u0131n Tarihi: 01.02.2007<br \/>ISBN: 9789123504947<br \/>Dil: T\u00dcRK\u00c7E<br \/>Sayfa Say\u0131s\u0131: 95<br \/>Cilt Tipi: Karton Kapak<br \/>Ka\u011f\u0131t Cinsi: 3. Hm. Ka\u011f\u0131t<br \/>Boyut: 13 x 19.5 cm<\/p>","protected":false},"excerpt":{"rendered":"<p>Yay\u0131n Tarihi: 01.02.2007ISBN: 9789123504947Dil: T\u00dcRK\u00c7ESayfa Say\u0131s\u0131: 95Cilt Tipi: Karton KapakKa\u011f\u0131t Cinsi: 3. Hm. Ka\u011f\u0131tBoyut: 13 x 19.5 cm<\/p>","protected":false},"featured_media":20595,"template":"","meta":{"spay_email":""},"product_cat":[168],"product_tag":[],"item":[705],"acf":[],"_links":{"self":[{"href":"https:\/\/mgvpublications.com\/de\/wp-json\/wp\/v2\/product\/20596"}],"collection":[{"href":"https:\/\/mgvpublications.com\/de\/wp-json\/wp\/v2\/product"}],"about":[{"href":"https:\/\/mgvpublications.com\/de\/wp-json\/wp\/v2\/types\/product"}],"wp:featuredmedia":[{"embeddable":true,"href":"https:\/\/mgvpublications.com\/de\/wp-json\/wp\/v2\/media\/20595"}],"wp:attachment":[{"href":"https:\/\/mgvpublications.com\/de\/wp-json\/wp\/v2\/media?parent=20596"}],"wp:term":[{"taxonomy":"product_cat","embeddable":true,"href":"https:\/\/mgvpublications.com\/de\/wp-json\/wp\/v2\/product_cat?post=20596"},{"taxonomy":"product_tag","embeddable":true,"href":"https:\/\/mgvpublications.com\/de\/wp-json\/wp\/v2\/product_tag?post=20596"},{"taxonomy":"item","embeddable":true,"href":"https:\/\/mgvpublications.com\/de\/wp-json\/wp\/v2\/item?post=20596"}],"curies":[{"name":"wp","href":"https:\/\/api.w.org\/{rel}","templated":true}]}}