{"id":20588,"date":"2021-10-08T22:49:52","date_gmt":"2021-10-08T20:49:52","guid":{"rendered":"https:\/\/mgvpublications.com\/produkt\/siirler-vii-leyla-ile-mecnun\/"},"modified":"2022-03-08T22:55:50","modified_gmt":"2022-03-08T21:55:50","slug":"siirler-vii-leyla-ile-mecnun","status":"publish","type":"product","link":"https:\/\/mgvpublications.com\/de\/siirler-vii-leyla-ile-mecnun\/","title":{"rendered":"\u015eiirler &#8211; VII (Leyla ile Mecnun)"},"content":{"rendered":"<p>Yay\u0131n Tarihi: 01.03.2012<br \/>ISBN: 9789000185504<br \/>Dil: T\u00dcRK\u00c7E<br \/>Sayfa Say\u0131s\u0131: 100<br \/>Cilt Tipi: Karton Kapak<br \/>Ka\u011f\u0131t Cinsi: Kitap Ka\u011f\u0131d\u0131<br \/>Boyut: 13 x 19.5 cm<\/p>","protected":false},"excerpt":{"rendered":"<p>LEYLA&#8217;NIN B\u0130R I\u015eI\u011eA D\u00d6N\u00dc\u015eMES\u0130 Mecnun&#8217;la ayni anda m\u0131 Biraz \u00f6nce mi biraz sonra m\u0131 En ye\u015fil vahalar bereketinde Bir \u0131\u015f\u0131\u011fa d\u00f6n\u00fc\u015ft\u00fc Leyla Ece Evden y\u00fckselen bir \u0131\u015f\u0131k s\u00fctunu Y\u00fckselip tuttu \u0131\u015f\u0131k olan Mecnun&#8217;u G\u00f6rd\u00fc herkes g\u00f6kte yar\u0131\u015ft\u0131 iki \u0131\u015f\u0131k Birbirine kavu\u015ftu iki \u0131\u015f\u0131k<\/p>","protected":false},"featured_media":20587,"template":"","meta":{"spay_email":""},"product_cat":[168],"product_tag":[],"item":[705],"acf":[],"_links":{"self":[{"href":"https:\/\/mgvpublications.com\/de\/wp-json\/wp\/v2\/product\/20588"}],"collection":[{"href":"https:\/\/mgvpublications.com\/de\/wp-json\/wp\/v2\/product"}],"about":[{"href":"https:\/\/mgvpublications.com\/de\/wp-json\/wp\/v2\/types\/product"}],"wp:featuredmedia":[{"embeddable":true,"href":"https:\/\/mgvpublications.com\/de\/wp-json\/wp\/v2\/media\/20587"}],"wp:attachment":[{"href":"https:\/\/mgvpublications.com\/de\/wp-json\/wp\/v2\/media?parent=20588"}],"wp:term":[{"taxonomy":"product_cat","embeddable":true,"href":"https:\/\/mgvpublications.com\/de\/wp-json\/wp\/v2\/product_cat?post=20588"},{"taxonomy":"product_tag","embeddable":true,"href":"https:\/\/mgvpublications.com\/de\/wp-json\/wp\/v2\/product_tag?post=20588"},{"taxonomy":"item","embeddable":true,"href":"https:\/\/mgvpublications.com\/de\/wp-json\/wp\/v2\/item?post=20588"}],"curies":[{"name":"wp","href":"https:\/\/api.w.org\/{rel}","templated":true}]}}