{"id":20586,"date":"2021-10-08T22:49:52","date_gmt":"2021-10-08T20:49:52","guid":{"rendered":"https:\/\/mgvpublications.com\/produkt\/dusunceler-1-kavramlar\/"},"modified":"2022-03-08T22:55:50","modified_gmt":"2022-03-08T21:55:50","slug":"dusunceler-1-kavramlar","status":"publish","type":"product","link":"https:\/\/mgvpublications.com\/de\/dusunceler-1-kavramlar\/","title":{"rendered":"D\u00fc\u015f\u00fcnceler -1\/ Kavramlar"},"content":{"rendered":"<p>Yay\u0131n Tarihi: 01.02.2012<br \/>ISBN: 9789123441754<br \/>Dil: T\u00dcRK\u00c7E<br \/>Sayfa Say\u0131s\u0131: 68<br \/>Cilt Tipi: Karton Kapak<br \/>Ka\u011f\u0131t Cinsi: Kitap Ka\u011f\u0131d\u0131<br \/>Boyut: 13 x 19.5 cm<\/p>","protected":false},"excerpt":{"rendered":"<p>Biz, insan\u00ee olguda, marksizmin ve her t\u00fcrl\u00fc materyalizmin z\u0131dd\u0131na, ruh\u00ee fakt\u00f6r\u00fc altyap\u0131, temel olarak kabul ediyoruz. Madd\u00ee &#8211; ekonomik faaliyetler bunun bir sonucu ve yans\u0131mas\u0131, netice itibariyle \u00fcstyap\u0131s\u0131n\u0131 te\u015fkil ederler. Ayni iklimde, medeniyet\u00e7e y\u00fckseli\u015f ve al\u00e7al\u0131\u015f d\u00f6nemlerinin olmas\u0131 ba\u015fka t\u00fcrl\u00fc a\u00e7\u0131klanamaz. Bize, medeniyet, bir ideali olan insanlar\u0131n b\u00fcy\u00fck fedak\u00e2rl\u0131klarla ger\u00e7ekle\u015ftirdikleri bir harekettir. &#8220;\u0130deal&#8221; ve &#8220;fedak\u00e2rl\u0131k&#8221;, &#8220;\u00f6zveri&#8221; ise, madd\u00ee fakt\u00f6rlere ayk\u0131r\u0131 ve kar\u015f\u0131t terimlerdir. &#8220;Fayda&#8221; fakt\u00f6r\u00fc medeniyette bir ama\u00e7 de\u011fil, bir ara\u00e7t\u0131r. \u0130nsanlar\u0131n &#8220;iyi ya\u015fama&#8221; istekleri, d\u00fc\u015f\u00fcn\u00fcl\u00fcrse, bir ama\u00e7 de\u011fli, as\u0131l ama\u00e7lar\u0131n\u0131 ger\u00e7ekle\u015ftirmede bir ara\u00e7t\u0131r. Ama, amaca biti\u015fik bir ara\u00e7 buldu\u011fundan, bir yan\u0131lt\u0131\u015fla, kimi insanlara ama\u00e7 gibi g\u00f6z\u00fckebilir. (Kitap&#8217;tan sf.8)<\/p>","protected":false},"featured_media":20585,"template":"","meta":{"spay_email":""},"product_cat":[232],"product_tag":[],"item":[705],"acf":[],"_links":{"self":[{"href":"https:\/\/mgvpublications.com\/de\/wp-json\/wp\/v2\/product\/20586"}],"collection":[{"href":"https:\/\/mgvpublications.com\/de\/wp-json\/wp\/v2\/product"}],"about":[{"href":"https:\/\/mgvpublications.com\/de\/wp-json\/wp\/v2\/types\/product"}],"wp:featuredmedia":[{"embeddable":true,"href":"https:\/\/mgvpublications.com\/de\/wp-json\/wp\/v2\/media\/20585"}],"wp:attachment":[{"href":"https:\/\/mgvpublications.com\/de\/wp-json\/wp\/v2\/media?parent=20586"}],"wp:term":[{"taxonomy":"product_cat","embeddable":true,"href":"https:\/\/mgvpublications.com\/de\/wp-json\/wp\/v2\/product_cat?post=20586"},{"taxonomy":"product_tag","embeddable":true,"href":"https:\/\/mgvpublications.com\/de\/wp-json\/wp\/v2\/product_tag?post=20586"},{"taxonomy":"item","embeddable":true,"href":"https:\/\/mgvpublications.com\/de\/wp-json\/wp\/v2\/item?post=20586"}],"curies":[{"name":"wp","href":"https:\/\/api.w.org\/{rel}","templated":true}]}}