{"id":20584,"date":"2021-10-08T22:49:52","date_gmt":"2021-10-08T20:49:52","guid":{"rendered":"https:\/\/mgvpublications.com\/produkt\/siirler-v-zamana-adanmis-sozler\/"},"modified":"2022-03-08T22:55:50","modified_gmt":"2022-03-08T21:55:50","slug":"siirler-v-zamana-adanmis-sozler","status":"publish","type":"product","link":"https:\/\/mgvpublications.com\/de\/siirler-v-zamana-adanmis-sozler\/","title":{"rendered":"\u015eiirler &#8211; V (Zamana Adanm\u0131\u015f S\u00f6zler)"},"content":{"rendered":"<p>Yay\u0131n Tarihi: 01.02.2011<br \/>ISBN: 9789000185481<br \/>Dil: T\u00dcRK\u00c7E<br \/>Sayfa Say\u0131s\u0131: 72<br \/>Cilt Tipi: Karton Kapak<br \/>Ka\u011f\u0131t Cinsi: Kitap Ka\u011f\u0131d\u0131<br \/>Boyut: 13 x 19.5 cm<\/p>","protected":false},"excerpt":{"rendered":"<p>Bu \u00fclkede ilham ya\u011fmur ve r\u00fczgarlara bakar Donmu\u015f ruh ancak baharla kanatlar\u0131n\u0131 a\u00e7ar K\u0131\u015f\u0131 b\u0131rakmak yeniden yarat\u0131lmak gibi Yeniden olmak gibi bir fizik\u00f6tesi t\u00f6reni Deride ve zarda kendini aramaktan \u00f6tede \u015eeytan uyumsuzlu\u011fundan ve umutsuzlu\u011fundan \u00f6tede \u00c7\u0131\u011fdan ve \u015eim\u015fekten bi\u00e7ilmi\u015f al\u0131nyaz\u0131lar\u0131yla Beni \u00e7evreleyen geceyi a\u015fman\u0131n \u00e7\u0131lg\u0131n n\u00f6beti.<\/p>","protected":false},"featured_media":20583,"template":"","meta":{"spay_email":""},"product_cat":[168],"product_tag":[],"item":[705],"acf":[],"_links":{"self":[{"href":"https:\/\/mgvpublications.com\/de\/wp-json\/wp\/v2\/product\/20584"}],"collection":[{"href":"https:\/\/mgvpublications.com\/de\/wp-json\/wp\/v2\/product"}],"about":[{"href":"https:\/\/mgvpublications.com\/de\/wp-json\/wp\/v2\/types\/product"}],"wp:featuredmedia":[{"embeddable":true,"href":"https:\/\/mgvpublications.com\/de\/wp-json\/wp\/v2\/media\/20583"}],"wp:attachment":[{"href":"https:\/\/mgvpublications.com\/de\/wp-json\/wp\/v2\/media?parent=20584"}],"wp:term":[{"taxonomy":"product_cat","embeddable":true,"href":"https:\/\/mgvpublications.com\/de\/wp-json\/wp\/v2\/product_cat?post=20584"},{"taxonomy":"product_tag","embeddable":true,"href":"https:\/\/mgvpublications.com\/de\/wp-json\/wp\/v2\/product_tag?post=20584"},{"taxonomy":"item","embeddable":true,"href":"https:\/\/mgvpublications.com\/de\/wp-json\/wp\/v2\/item?post=20584"}],"curies":[{"name":"wp","href":"https:\/\/api.w.org\/{rel}","templated":true}]}}