{"id":20580,"date":"2021-10-08T22:49:51","date_gmt":"2021-10-08T20:49:51","guid":{"rendered":"https:\/\/mgvpublications.com\/produkt\/nizamulmulk\/"},"modified":"2022-03-08T22:55:49","modified_gmt":"2022-03-08T21:55:49","slug":"nizamulmulk","status":"publish","type":"product","link":"https:\/\/mgvpublications.com\/de\/nizamulmulk\/","title":{"rendered":"Nizam\u00fclm\u00fclk"},"content":{"rendered":"<p>Yay\u0131n Tarihi: 19.09.2021<br \/>ISBN: 9786057948441<br \/>Dil: T\u00dcRK\u00c7E<br \/>Sayfa Say\u0131s\u0131: 224<br \/>Cilt Tipi: Karton Kapak<br \/>Ka\u011f\u0131t Cinsi: Kitap Ka\u011f\u0131d\u0131<br \/>Boyut: 13.5 x 21 cm<\/p>","protected":false},"excerpt":{"rendered":"<p>Siyaseti yeniden yazan derin bir ak\u0131l. Bir yanda Hasan Sabbah ile sava\u015f\u0131rken di\u011fer yandan sultanlar\u0131 ayakta tutan ak\u0131l dolu sava\u015flara giriyordu. Bu kitapta ise onun aksiyon dolu hayat\u0131na \u015fahit olurken bir yandan da siyasetnamesin de yer alan ilgin\u00e7 ve dahice tavsiyeleri okuyacaks\u0131n\u0131z. Ramazan \u0130zol&#8217;un ak\u0131c\u0131 \u00fcslubu ve tarihi ya\u015fatan kalemiyle bitirmeden \u00e7\u0131kamayaca\u011f\u0131n\u0131z bu d\u00fcnya sizi bekliyor. Mevlana, Nizam\u00fclm\u00fclk&#8217;\u00fc bize \u015f\u00f6yle anlat\u0131r; \u201cVezirlik dayana\u011f\u0131, efendilik sediri, padi\u015fahlarla sultanlar\u0131n babas\u0131\u2026 \u0130ki kutlulu\u011fu kendisinde birle\u015ftiren, bilgide olgun, ger\u00e7ekler do\u011fusu, dalgal\u0131 deniz, \u00f6v\u00fclecek inci; devletin ta kendisi\u2026\u201d<\/p>","protected":false},"featured_media":20579,"template":"","meta":{"spay_email":""},"product_cat":[173],"product_tag":[],"item":[1390],"acf":[],"_links":{"self":[{"href":"https:\/\/mgvpublications.com\/de\/wp-json\/wp\/v2\/product\/20580"}],"collection":[{"href":"https:\/\/mgvpublications.com\/de\/wp-json\/wp\/v2\/product"}],"about":[{"href":"https:\/\/mgvpublications.com\/de\/wp-json\/wp\/v2\/types\/product"}],"wp:featuredmedia":[{"embeddable":true,"href":"https:\/\/mgvpublications.com\/de\/wp-json\/wp\/v2\/media\/20579"}],"wp:attachment":[{"href":"https:\/\/mgvpublications.com\/de\/wp-json\/wp\/v2\/media?parent=20580"}],"wp:term":[{"taxonomy":"product_cat","embeddable":true,"href":"https:\/\/mgvpublications.com\/de\/wp-json\/wp\/v2\/product_cat?post=20580"},{"taxonomy":"product_tag","embeddable":true,"href":"https:\/\/mgvpublications.com\/de\/wp-json\/wp\/v2\/product_tag?post=20580"},{"taxonomy":"item","embeddable":true,"href":"https:\/\/mgvpublications.com\/de\/wp-json\/wp\/v2\/item?post=20580"}],"curies":[{"name":"wp","href":"https:\/\/api.w.org\/{rel}","templated":true}]}}