{"id":20576,"date":"2021-10-08T22:49:49","date_gmt":"2021-10-08T20:49:49","guid":{"rendered":"https:\/\/mgvpublications.com\/produkt\/ayakli-kutuphaneler\/"},"modified":"2022-03-08T22:55:49","modified_gmt":"2022-03-08T21:55:49","slug":"ayakli-kutuphaneler","status":"publish","type":"product","link":"https:\/\/mgvpublications.com\/de\/ayakli-kutuphaneler\/","title":{"rendered":"Ayakl\u0131 K\u00fct\u00fcphaneler"},"content":{"rendered":"<p>Yay\u0131n Tarihi: 08.01.2019<br \/>ISBN: 9786050827286<br \/>Dil: T\u00dcRK\u00c7E<br \/>Sayfa Say\u0131s\u0131: 392<br \/>Cilt Tipi: Karton Kapak<br \/>Ka\u011f\u0131t Cinsi: Kitap Ka\u011f\u0131d\u0131<br \/>Boyut: 13.5 x 21 cm<\/p>","protected":false},"excerpt":{"rendered":"<p>Dursun G\u00fcrlek, Ayakl\u0131 K\u00fct\u00fcphaneler isimli eserinde bize, hakiki kitap \u00e2\u015f\u0131klar\u0131n\u0131 ve \u201cayakl\u0131 k\u00fct\u00fcphane\u201d, \u201ccanl\u0131 kitap\u201d gibi deyimlerin hakk\u0131n\u0131 veren, kafas\u0131nda k\u00fct\u00fcphane ta\u015f\u0131yan, kitaplar\u0131n kadrini k\u0131ymetini bilen \u00e2limlerin hayatlar\u0131n\u0131 ilgin\u00e7 anekdotlar e\u015fli\u011finde anlat\u0131yor. Bu kitab\u0131 okuduktan sonra \u201cy\u0131ld\u0131zlar\u0131 konu\u015fturan \u00e2lim\u201dle, \u201ckafas\u0131n\u0131n i\u00e7i m\u00fcd\u00fcrl\u00fc\u011f\u00fcn\u00fc yapt\u0131\u011f\u0131 k\u00fct\u00fcphane kadar zengin olan hoca efendi\u201dyle, \u201c\u00f6l\u00fcleri dirilten ve mezarl\u0131klara hayat veren biyografi bilgini\u201dyle, \u201ckahvelerde ders veren \u00fcnl\u00fc tarih\u00e7i\u201dyle, \u201cOsmanl\u0131 ar\u015fivi belgelerini Bulgarlar\u0131n elinden kurtarmak i\u00e7in \u00e7\u0131rp\u0131nan, akmayan \u00e7e\u015fmeleri g\u00f6r\u00fcnce g\u00f6zya\u015f\u0131 ak\u0131tan muallim\u201dle, &#8220;Frans\u0131z i\u015fgal komutan\u0131n\u0131 k\u00fct\u00fcphanesinden kovan Haf\u0131z-\u0131 K\u00fct\u00fcp\u201dle ve \u201ckitaplar\u0131n ve kitap\u00e7\u0131lar\u0131n \u015feyhi kabul edilen sahhaf\u201dla tan\u0131\u015facaks\u0131n\u0131z. Bu \u00e7al\u0131\u015fmayla kitab\u0131n, k\u00fct\u00fcphanenin ve k\u00fclt\u00fcr tarihimizdeki \u201cayakl\u0131 k\u00fct\u00fcphaneler\u201din gizemli d\u00fcnyalar\u0131na yolculuk yapma f\u0131rsat\u0131n\u0131 yakalayacaks\u0131n\u0131z&#8230;<\/p>","protected":false},"featured_media":21849,"template":"","meta":{"spay_email":""},"product_cat":[1588],"product_tag":[],"item":[360],"acf":[],"_links":{"self":[{"href":"https:\/\/mgvpublications.com\/de\/wp-json\/wp\/v2\/product\/20576"}],"collection":[{"href":"https:\/\/mgvpublications.com\/de\/wp-json\/wp\/v2\/product"}],"about":[{"href":"https:\/\/mgvpublications.com\/de\/wp-json\/wp\/v2\/types\/product"}],"wp:featuredmedia":[{"embeddable":true,"href":"https:\/\/mgvpublications.com\/de\/wp-json\/wp\/v2\/media\/21849"}],"wp:attachment":[{"href":"https:\/\/mgvpublications.com\/de\/wp-json\/wp\/v2\/media?parent=20576"}],"wp:term":[{"taxonomy":"product_cat","embeddable":true,"href":"https:\/\/mgvpublications.com\/de\/wp-json\/wp\/v2\/product_cat?post=20576"},{"taxonomy":"product_tag","embeddable":true,"href":"https:\/\/mgvpublications.com\/de\/wp-json\/wp\/v2\/product_tag?post=20576"},{"taxonomy":"item","embeddable":true,"href":"https:\/\/mgvpublications.com\/de\/wp-json\/wp\/v2\/item?post=20576"}],"curies":[{"name":"wp","href":"https:\/\/api.w.org\/{rel}","templated":true}]}}