{"id":20574,"date":"2021-10-08T22:49:49","date_gmt":"2021-10-08T20:49:49","guid":{"rendered":"https:\/\/mgvpublications.com\/produkt\/turkce-sozluk-adan-zye-tdk-uyumlu-plastik-kapak-canta-boy\/"},"modified":"2022-03-08T22:55:48","modified_gmt":"2022-03-08T21:55:48","slug":"turkce-sozluk-adan-zye-tdk-uyumlu-plastik-kapak-canta-boy","status":"publish","type":"product","link":"https:\/\/mgvpublications.com\/de\/turkce-sozluk-adan-zye-tdk-uyumlu-plastik-kapak-canta-boy\/","title":{"rendered":"T\u00fcrk\u00e7e S\u00f6zl\u00fck A&#8217;dan Z&#8217;ye TDK Uyumlu (Plastik Kapak, \u00c7anta Boy)"},"content":{"rendered":"<p>Yay\u0131n Tarihi: 03.09.2021<br \/>ISBN: 9786059657358<br \/>Dil: T\u00dcRK\u00c7E<br \/>Sayfa Say\u0131s\u0131: 384<br \/>Cilt Tipi: Plastik<br \/>Ka\u011f\u0131t Cinsi: 1. Hm. Ka\u011f\u0131t<br \/>Boyut: 12 x 16 cm<\/p>","protected":false},"excerpt":{"rendered":"<p>A&#8217;dan Z&#8217;ye TDK&#8217;n\u0131n son de\u011fi\u015fikliklerine g\u00f6re haz\u0131rlanm\u0131\u015ft\u0131r. D\u0130L\u0130N \u00d6NEM\u0130 Konf\u00fc\u00e7y\u00fcs&#8217;e sormu\u015flar: Bir \u00fclkeyi y\u00f6netmeye \u00e7a\u011fr\u0131lsayd\u0131n\u0131z yapaca\u011f\u0131n\u0131z ilk i\u015f ne olurdu? B\u00fcy\u00fck filozof \u015f\u00f6yle cevap vermi\u015f: Hi\u00e7 ku\u015fkusuz, dili g\u00f6zden ge\u00e7irmekle ba\u015flard\u0131m. \u00c7\u00fcnk\u00fc dil kusurlu olursa, kelimeler d\u00fc\u015f\u00fcnceyi iyi anlatamaz. D\u00fc\u015f\u00fcnce iyi anlat\u0131lamazsa, yap\u0131lmas\u0131 gereken \u015feyler do\u011fru yap\u0131lamaz. \u00d6devler gere\u011fi gibi yap\u0131lmazsa, t\u00f6re ve k\u00fclt\u00fcr bozulur. T\u00f6re ve k\u00fclt\u00fcr bozulursa, adalet yanl\u0131\u015f yola sapar. Adalet yoldan \u00e7\u0131karsa, \u015fa\u015fk\u0131nl\u0131k i\u00e7ine d\u00fc\u015fen halk, ne yapaca\u011f\u0131n\u0131, i\u015fin nereye varaca\u011f\u0131n\u0131 bilmez. \u0130\u015fte bunun i\u00e7indir ki, hi\u00e7bir \u015fey dil kadar \u00f6nemli de\u011fildir.<\/p>","protected":false},"featured_media":20573,"template":"","meta":{"spay_email":""},"product_cat":[180],"product_tag":[],"item":[1844],"acf":[],"_links":{"self":[{"href":"https:\/\/mgvpublications.com\/de\/wp-json\/wp\/v2\/product\/20574"}],"collection":[{"href":"https:\/\/mgvpublications.com\/de\/wp-json\/wp\/v2\/product"}],"about":[{"href":"https:\/\/mgvpublications.com\/de\/wp-json\/wp\/v2\/types\/product"}],"wp:featuredmedia":[{"embeddable":true,"href":"https:\/\/mgvpublications.com\/de\/wp-json\/wp\/v2\/media\/20573"}],"wp:attachment":[{"href":"https:\/\/mgvpublications.com\/de\/wp-json\/wp\/v2\/media?parent=20574"}],"wp:term":[{"taxonomy":"product_cat","embeddable":true,"href":"https:\/\/mgvpublications.com\/de\/wp-json\/wp\/v2\/product_cat?post=20574"},{"taxonomy":"product_tag","embeddable":true,"href":"https:\/\/mgvpublications.com\/de\/wp-json\/wp\/v2\/product_tag?post=20574"},{"taxonomy":"item","embeddable":true,"href":"https:\/\/mgvpublications.com\/de\/wp-json\/wp\/v2\/item?post=20574"}],"curies":[{"name":"wp","href":"https:\/\/api.w.org\/{rel}","templated":true}]}}