{"id":20570,"date":"2021-10-08T22:49:48","date_gmt":"2021-10-08T20:49:48","guid":{"rendered":"https:\/\/mgvpublications.com\/produkt\/bir-aksam-gezintisi-degil-bir-istiklal-yuruyusu\/"},"modified":"2022-03-08T22:55:47","modified_gmt":"2022-03-08T21:55:47","slug":"bir-aksam-gezintisi-degil-bir-istiklal-yuruyusu","status":"publish","type":"product","link":"https:\/\/mgvpublications.com\/de\/bir-aksam-gezintisi-degil-bir-istiklal-yuruyusu\/","title":{"rendered":"Bir Ak\u015fam Gezintisi De\u011fil Bir \u0130stiklal Y\u00fcr\u00fcy\u00fc\u015f\u00fc"},"content":{"rendered":"<p>Yay\u0131n Tarihi: 12.01.2018<br \/>ISBN: 9786054893249<br \/>Dil: T\u00dcRK\u00c7E<br \/>Sayfa Say\u0131s\u0131: 576<br \/>Cilt Tipi: Karton Kapak<br \/>Ka\u011f\u0131t Cinsi: Kitap Ka\u011f\u0131d\u0131<br \/>Boyut: 16 x 23 cm<\/p>","protected":false},"excerpt":{"rendered":"<p>\u0130smet \u00d6zel\u2019in, Genel Ba\u015fkan\u0131 oldu\u011fu \u0130stikl\u00e2l Mar\u015f\u0131 Derne\u011fi\u2019nde Temmuz 2007 itibariyle yakla\u015f\u0131k iki sene boyunca yapt\u0131\u011f\u0131 \u201c\u0130ST\u0130KL\u00c2L Y\u00dcR\u00dcY\u00dc\u015e\u00dc\u201d serlevhal\u0131 konu\u015fmalar\u0131n\u0131n t\u00fcm\u00fc derlenip \u201cB\u0130R AK\u015eAM GEZ\u0130NT\u0130S\u0130 DE\u011e\u0130L, B\u0130R \u0130ST\u0130KL\u00c2L Y\u00dcR\u00dcY\u00dc\u015e\u00dc\u201d ad\u0131yla ne\u015fredildi. G\u00fcn\u00fcm\u00fczde neler olup bitti\u011finin, d\u00fcnya sisteminin nemenem bir \u015fey oldu\u011funun, \u0130stikl\u00e2l Mar\u015f\u0131 Derne\u011fi\u2019nin ni\u00e7in kuruldu\u011funun, k\u0131sacas\u0131 bug\u00fcn T\u00fcrkiye\u2019de ve d\u00fcnyada nas\u0131l i\u015fler d\u00f6nd\u00fc\u011f\u00fcn\u00fcn anla\u015f\u0131lmas\u0131na bu kitab\u0131n \u00e7ok faydas\u0131 olacakt\u0131r. Kitab\u0131n arka kapa\u011f\u0131nda ise \u015funlar yaz\u0131l\u0131d\u0131r: \u00abZihn\u00ee melekelerimizi harekete ge\u00e7irmeden M\u00fcsl\u00fcman olamay\u0131z. Yani bir muhakeme s\u00fcreci ya\u015famaks\u0131z\u0131n M\u00fcsl\u00fcman olmam\u0131z bahis konusu de\u011fil; kendinden ge\u00e7me, vecd halinde olacak bir \u015fey de\u011fil. \u201cBa\u015f\u0131ma saks\u0131 d\u00fc\u015ft\u00fc M\u00fcsl\u00fcman oldum.\u201d olmaz. M\u00fcsl\u00fcman i\u00e7in bu d\u00fcnyan\u0131n ne oldu\u011fu, daha hay\u0131rl\u0131s\u0131n\u0131 fark etti\u011fi zaman ayan olan bir \u015feydir. Yani d\u00fcnya hayat\u0131 ile ahiret hayat\u0131 aras\u0131nda bir mukayese yapma g\u00fcc\u00fcne ula\u015ft\u0131\u011f\u0131m\u0131zda biz d\u00fcnyan\u0131n mahiyeti hakk\u0131nda bir fikir sahibi oluruz. \u0130sl\u00e2m\u2019\u0131n bize te\u00e7hizat olarak temin etti\u011fi \u015feyler konusunda k\u00fc\u00e7\u00fcmseyici bir tavra sahip olmak k\u00fclliyen dini terk etmeyi gerektirir. \u00c7\u00fcnk\u00fc bir kere, bir yerinden \u201cBu, insanlar\u0131n o s\u0131rada uygun bulduklar\u0131 bir \u015feydir, o zaman \u00f6yle demi\u015fler.\u201d dedi\u011fimiz bir \u015fey varsa o hepsini kapsar. Onun i\u00e7in iman\u0131n \u015fartlar\u0131 olan \u015feyler bizim kendi d\u00fcnyam\u0131z\u0131n oldu\u011funun delilidir. Kendi d\u00fcnyam\u0131z diye bir \u015fey var. M\u00fcsl\u00fcman olmak bir \u015feyi d\u0131\u015far\u0131da b\u0131rakmak demek. Neyi d\u0131\u015far\u0131da b\u0131rakmak? \u0130fsad edici her \u015feyi d\u0131\u015far\u0131da b\u0131rakmak demektir. M\u00fcsl\u00fcman olmak demek sizi ar\u0131, berrak, net, a\u00e7\u0131k olmaktan al\u0131koyan neyse bunlar\u0131n hepsini d\u0131\u015far\u0131da b\u0131rakmak demektir.\u00bb<\/p>","protected":false},"featured_media":20569,"template":"","meta":{"spay_email":""},"product_cat":[173],"product_tag":[],"item":[718],"acf":[],"_links":{"self":[{"href":"https:\/\/mgvpublications.com\/de\/wp-json\/wp\/v2\/product\/20570"}],"collection":[{"href":"https:\/\/mgvpublications.com\/de\/wp-json\/wp\/v2\/product"}],"about":[{"href":"https:\/\/mgvpublications.com\/de\/wp-json\/wp\/v2\/types\/product"}],"wp:featuredmedia":[{"embeddable":true,"href":"https:\/\/mgvpublications.com\/de\/wp-json\/wp\/v2\/media\/20569"}],"wp:attachment":[{"href":"https:\/\/mgvpublications.com\/de\/wp-json\/wp\/v2\/media?parent=20570"}],"wp:term":[{"taxonomy":"product_cat","embeddable":true,"href":"https:\/\/mgvpublications.com\/de\/wp-json\/wp\/v2\/product_cat?post=20570"},{"taxonomy":"product_tag","embeddable":true,"href":"https:\/\/mgvpublications.com\/de\/wp-json\/wp\/v2\/product_tag?post=20570"},{"taxonomy":"item","embeddable":true,"href":"https:\/\/mgvpublications.com\/de\/wp-json\/wp\/v2\/item?post=20570"}],"curies":[{"name":"wp","href":"https:\/\/api.w.org\/{rel}","templated":true}]}}