{"id":20568,"date":"2021-10-08T22:49:48","date_gmt":"2021-10-08T20:49:48","guid":{"rendered":"https:\/\/mgvpublications.com\/produkt\/kes-on-di-teybil\/"},"modified":"2022-03-08T22:55:47","modified_gmt":"2022-03-08T21:55:47","slug":"kes-on-di-teybil","status":"publish","type":"product","link":"https:\/\/mgvpublications.com\/de\/kes-on-di-teybil\/","title":{"rendered":"Ke\u015f On D\u0131 Teyb\u0131l"},"content":{"rendered":"<p>Yay\u0131n Tarihi: 22.02.2018<br \/>ISBN: 9789751038685<br \/>Dil: T\u00dcRK\u00c7E<br \/>Sayfa Say\u0131s\u0131: 271<br \/>Cilt Tipi: Karton Kapak<br \/>Ka\u011f\u0131t Cinsi: Kitap Ka\u011f\u0131d\u0131<br \/>Boyut: 13.5 x 19.5 cm<\/p>","protected":false},"excerpt":{"rendered":"<p>\u201cZafer Alg\u00f6z\u2019\u00fcn ilk kitab\u0131 Ha\u015f\u0131rt D\u0131 Bilekbord sat\u0131\u015f rekorlar\u0131 k\u0131rd\u0131. Haftalarca en \u00e7ok okunanlar listesinin en tepesinde kald\u0131. \u00dcniversitelerde, kitap fuarlar\u0131nda her ya\u015ftan, her kesimden okuyucular\u0131 ellerinde kitaplar\u0131yla metrelerce kuyruk olu\u015fturdu. Eminim ki, \u015fu an elinizde tuttu\u011funuz ikinci kitab\u0131 Ke\u015f On D\u0131 Teyb\u0131l ilk kitab\u0131ndan \u00e7ok daha fazla okuyucuyla bulu\u015facak. Zafer Alg\u00f6z art\u0131k sadece T\u00fcrkiye\u2019nin yeti\u015ftirdi\u011fi en b\u00fcy\u00fck akt\u00f6rlerden biri de\u011fil, o ayn\u0131 zamanda kalemi eline ald\u0131\u011f\u0131nda okuyucusuna e\u015fi benzeri olmayan ziyafetler sunan m\u00fcthi\u015f bir yazar.\u201d Canda\u015f Tolga I\u015f\u0131k Zafer Alg\u00f6z\u2019\u00fcn hem \u00e7ok g\u00fcld\u00fcren hem de \u00e7ok \u015fa\u015f\u0131rtan ilk kitab\u0131 Ha\u015f\u0131rt D\u0131 Bilekbord\u2019da ba\u015flayan kahkaha tufan\u0131 Ke\u015f On D\u0131 Teyb\u0131l\u2019da s\u00fcr\u00fcyor! Zafer Alg\u00f6z, Ke\u015f On D\u0131 Teyb\u0131l\u2019da okurlar\u0131n\u0131 Ertu\u011frul \u0130lgin, C\u00fcneyt G\u00f6k\u00e7er, Fikret Hakan, \u00d6zt\u00fcrk Serengil, Nur Suba\u015f\u0131 (ve elbette kedisi Siyami Bey), S\u00fcleyman Seba, Kamran Usluer, Cem Y\u0131lmaz, Can Y\u0131lmaz ve daha bir\u00e7ok \u00f6nemli isimle ya\u015fad\u0131\u011f\u0131 ilgin\u00e7 an\u0131lara davet ediyor. Sinema ve tiyatro d\u00fcnyas\u0131nda ya\u015fanan komik, h\u00fcz\u00fcnl\u00fc, daima \u015fa\u015f\u0131rt\u0131c\u0131 ve hi\u00e7 bilmedi\u011finiz yeni maceralara haz\u0131r m\u0131s\u0131n\u0131z?<\/p>","protected":false},"featured_media":20567,"template":"","meta":{"spay_email":""},"product_cat":[168],"product_tag":[],"item":[741],"acf":[],"_links":{"self":[{"href":"https:\/\/mgvpublications.com\/de\/wp-json\/wp\/v2\/product\/20568"}],"collection":[{"href":"https:\/\/mgvpublications.com\/de\/wp-json\/wp\/v2\/product"}],"about":[{"href":"https:\/\/mgvpublications.com\/de\/wp-json\/wp\/v2\/types\/product"}],"wp:featuredmedia":[{"embeddable":true,"href":"https:\/\/mgvpublications.com\/de\/wp-json\/wp\/v2\/media\/20567"}],"wp:attachment":[{"href":"https:\/\/mgvpublications.com\/de\/wp-json\/wp\/v2\/media?parent=20568"}],"wp:term":[{"taxonomy":"product_cat","embeddable":true,"href":"https:\/\/mgvpublications.com\/de\/wp-json\/wp\/v2\/product_cat?post=20568"},{"taxonomy":"product_tag","embeddable":true,"href":"https:\/\/mgvpublications.com\/de\/wp-json\/wp\/v2\/product_tag?post=20568"},{"taxonomy":"item","embeddable":true,"href":"https:\/\/mgvpublications.com\/de\/wp-json\/wp\/v2\/item?post=20568"}],"curies":[{"name":"wp","href":"https:\/\/api.w.org\/{rel}","templated":true}]}}