{"id":20566,"date":"2021-10-08T22:49:48","date_gmt":"2021-10-08T20:49:48","guid":{"rendered":"https:\/\/mgvpublications.com\/produkt\/hasirt-di-bilekbord\/"},"modified":"2022-03-08T22:55:47","modified_gmt":"2022-03-08T21:55:47","slug":"hasirt-di-bilekbord","status":"publish","type":"product","link":"https:\/\/mgvpublications.com\/de\/hasirt-di-bilekbord\/","title":{"rendered":"Ha\u015f\u0131rt D\u0131 Bilekbord"},"content":{"rendered":"<p>Yay\u0131n Tarihi: 01.03.2018<br \/>ISBN: 9789751037459<br \/>Dil: T\u00dcRK\u00c7E<br \/>Sayfa Say\u0131s\u0131: 224<br \/>Cilt Tipi: Karton Kapak<br \/>Ka\u011f\u0131t Cinsi: Kitap Ka\u011f\u0131d\u0131<br \/>Boyut: 13.5 x 19.5 cm<\/p>","protected":false},"excerpt":{"rendered":"<p>\u201cZafer Abimin bu yaz\u0131lar\u0131n\u0131 okurken ger\u00e7ekten \u00e7ok g\u00fcld\u00fcm. Mal g\u00fczel. M\u00fcthi\u015f bir zamanlama ile yaz\u0131lm\u0131\u015f performanslar gibiler. Bazen bu performanslara canl\u0131 tan\u0131kl\u0131k da ettim, \u00e7ok \u015fansl\u0131y\u0131m. Hem esnek hem beton gibi sa\u011flam \u00f6yk\u00fcler. Peki, hi\u00e7 d\u00fc\u015f\u00fcnd\u00fcn\u00fcz m\u00fc nedir bunun sebebi? Ben d\u00fc\u015f\u00fcnd\u00fcm. \u0130yi \u015feyleri ancak iyi \u00e7ocuklar yapar. Zafer Abim de hi\u00e7 ya\u015flanmayan o iyi \u00e7ocuklardand\u0131r.\u201d Cem Y\u0131lmaz Zafer Alg\u00f6z; Kemal Sunal\u2019dan Sadri Al\u0131\u015f\u0131k\u2019a, \u00d6zt\u00fcrk Serengil\u2019den Fatma Girik\u2019e, Erkan Can\u2019dan Cem Y\u0131lmaz\u2019a pek \u00e7ok sanat\u00e7\u0131yla setlerde, sahnede ve dost meclislerinde ya\u015fad\u0131klar\u0131n\u0131 anlat\u0131yor. Ha\u015f\u0131rt D\u0131 Bilekbord g\u00fcld\u00fcr\u00fcyor, h\u00fcz\u00fcnlendiriyor ve sanat d\u00fcnyas\u0131n\u0131n \u00f6nemli isimlerini daha yak\u0131ndan tan\u0131ma f\u0131rsat\u0131 sa\u011fl\u0131yor. Usta bir oyuncunun tan\u0131kl\u0131klar\u0131yla sese ve zamana soluk veren \u00f6yk\u00fcler\u2026<\/p>","protected":false},"featured_media":20565,"template":"","meta":{"spay_email":""},"product_cat":[168],"product_tag":[],"item":[741],"acf":[],"_links":{"self":[{"href":"https:\/\/mgvpublications.com\/de\/wp-json\/wp\/v2\/product\/20566"}],"collection":[{"href":"https:\/\/mgvpublications.com\/de\/wp-json\/wp\/v2\/product"}],"about":[{"href":"https:\/\/mgvpublications.com\/de\/wp-json\/wp\/v2\/types\/product"}],"wp:featuredmedia":[{"embeddable":true,"href":"https:\/\/mgvpublications.com\/de\/wp-json\/wp\/v2\/media\/20565"}],"wp:attachment":[{"href":"https:\/\/mgvpublications.com\/de\/wp-json\/wp\/v2\/media?parent=20566"}],"wp:term":[{"taxonomy":"product_cat","embeddable":true,"href":"https:\/\/mgvpublications.com\/de\/wp-json\/wp\/v2\/product_cat?post=20566"},{"taxonomy":"product_tag","embeddable":true,"href":"https:\/\/mgvpublications.com\/de\/wp-json\/wp\/v2\/product_tag?post=20566"},{"taxonomy":"item","embeddable":true,"href":"https:\/\/mgvpublications.com\/de\/wp-json\/wp\/v2\/item?post=20566"}],"curies":[{"name":"wp","href":"https:\/\/api.w.org\/{rel}","templated":true}]}}