{"id":20564,"date":"2021-10-08T22:49:48","date_gmt":"2021-10-08T20:49:48","guid":{"rendered":"https:\/\/mgvpublications.com\/produkt\/kurani-sevdiren-oyunlar-ve-etkinlikler\/"},"modified":"2022-03-08T22:55:47","modified_gmt":"2022-03-08T21:55:47","slug":"kurani-sevdiren-oyunlar-ve-etkinlikler","status":"publish","type":"product","link":"https:\/\/mgvpublications.com\/de\/kurani-sevdiren-oyunlar-ve-etkinlikler\/","title":{"rendered":"Kur\u2019an\u2019\u0131 Sevdiren Oyunlar ve Etkinlikler"},"content":{"rendered":"<p>Kapak: Nagihan Atay<br \/>Yay\u0131n Tarihi: 26.07.2021<br \/>ISBN: 9786257685689<br \/>Dil: T\u00dcRK\u00c7E<br \/>Sayfa Say\u0131s\u0131: 96<br \/>Cilt Tipi: Karton Kapak<br \/>Ka\u011f\u0131t Cinsi: 1. Hm. Ka\u011f\u0131t<br \/>Boyut: 20 x 28 cm<br \/>\u00c7izer: M\u00fcmine Ye\u015filmen<br \/>Editor: Canan \u00d6zt\u00fcrk<\/p>","protected":false},"excerpt":{"rendered":"<p>\u00c7ok say\u0131da oyun ve etkinlikle \u00e7ocuklar\u0131m\u0131z Kur\u2019an-\u0131 Kerim sevgisi kazans\u0131n, manevi de\u011ferlerimizi \u00f6\u011frensin. \u201c\u00c7ocu\u011fun eline veremedi\u011finiz hi\u00e7bir \u015feyi akl\u0131na koyamazs\u0131n\u0131z.\u201d der Maria Montessori. Bu kitap, 4-6 ya\u015f grubundaki \u00e7ocuklar\u0131m\u0131za, kendilerinin d\u00e2hil olabilecekleri, ke\u015ffedip deneyimleyebilecekleri \u00e7ok say\u0131da oyun ve etkinlikle Kur\u2019an-\u0131 Kerim sevgisi kazand\u0131r\u0131yor, manevi de\u011ferlerimizi \u00f6\u011fretiyor. Unutmayal\u0131m oyun ve etkinlik anlar\u0131, \u00e7ocu\u011fumuzun d\u00fcnyas\u0131nda onunla hemhal oldu\u011fumuz, her an ba\u011f\u0131m\u0131z\u0131 g\u00fc\u00e7lendirdi\u011fimiz, yeniden olu\u015fturdu\u011fumuz anlard\u0131r. Oyunlardaki e\u015f duyum, i\u015f birli\u011fi, empati, tensel temas yavrumuzla ili\u015fkimizi kuvvetlendirerek bamba\u015fka bir boyuta ta\u015f\u0131r. \u00c7ocuklar\u0131m\u0131z e\u011flenerek daha kolay \u00f6\u011frenir. Bu kitaptaki oyun ve etkinlikler, siz ebeveynler i\u00e7in Kur\u2019an-\u0131 Kerim\u2019i \u00e7ocu\u011fun kalbine koymak ve yavrumuzun kalbine giden yolda onun g\u00f6z\u00fcyle d\u00fcnyaya e\u015flik edebilmek i\u00e7in e\u015fsiz bir k\u0131lavuz niteli\u011finde.<\/p>","protected":false},"featured_media":21845,"template":"","meta":{"spay_email":""},"product_cat":[172],"product_tag":[],"item":[685],"acf":[],"_links":{"self":[{"href":"https:\/\/mgvpublications.com\/de\/wp-json\/wp\/v2\/product\/20564"}],"collection":[{"href":"https:\/\/mgvpublications.com\/de\/wp-json\/wp\/v2\/product"}],"about":[{"href":"https:\/\/mgvpublications.com\/de\/wp-json\/wp\/v2\/types\/product"}],"wp:featuredmedia":[{"embeddable":true,"href":"https:\/\/mgvpublications.com\/de\/wp-json\/wp\/v2\/media\/21845"}],"wp:attachment":[{"href":"https:\/\/mgvpublications.com\/de\/wp-json\/wp\/v2\/media?parent=20564"}],"wp:term":[{"taxonomy":"product_cat","embeddable":true,"href":"https:\/\/mgvpublications.com\/de\/wp-json\/wp\/v2\/product_cat?post=20564"},{"taxonomy":"product_tag","embeddable":true,"href":"https:\/\/mgvpublications.com\/de\/wp-json\/wp\/v2\/product_tag?post=20564"},{"taxonomy":"item","embeddable":true,"href":"https:\/\/mgvpublications.com\/de\/wp-json\/wp\/v2\/item?post=20564"}],"curies":[{"name":"wp","href":"https:\/\/api.w.org\/{rel}","templated":true}]}}