{"id":20562,"date":"2021-10-08T22:49:47","date_gmt":"2021-10-08T20:49:47","guid":{"rendered":"https:\/\/mgvpublications.com\/produkt\/cocuklar-icin-elifba-hikayelerle-kuran-okumayi-ogreniyorum\/"},"modified":"2022-03-08T22:55:47","modified_gmt":"2022-03-08T21:55:47","slug":"cocuklar-icin-elifba-hikayelerle-kuran-okumayi-ogreniyorum","status":"publish","type":"product","link":"https:\/\/mgvpublications.com\/de\/cocuklar-icin-elifba-hikayelerle-kuran-okumayi-ogreniyorum\/","title":{"rendered":"\u00c7ocuklar \u0130\u00e7in Elifba: Hikayelerle Kur\u2019an Okumay\u0131 \u00d6\u011freniyorum"},"content":{"rendered":"<p>Kapak: Cemile Kocaer<br \/>Yay\u0131n Tarihi: 26.07.2021<br \/>ISBN: 9786257685672<br \/>Dil: T\u00dcRK\u00c7E<br \/>Sayfa Say\u0131s\u0131: 64<br \/>Cilt Tipi: Karton Kapak<br \/>Ka\u011f\u0131t Cinsi: 1. Hm. Ka\u011f\u0131t<br \/>Boyut: 20 x 28 cm<br \/>\u00c7izer: Murat Tanhu Y\u0131lmaz<br \/>Editor: \u00d6mer Faruk Paksu<\/p>","protected":false},"excerpt":{"rendered":"<p>Sen de Elif\u2019le birlikte bu harfleri tan\u0131y\u0131p Rabbimizin s\u00f6zleri olan Kur\u2019an-\u0131 Kerim\u2019i okumak istemez misin? Elif \u00e7ok heyecanl\u0131. \u00c7\u00fcnk\u00fc yaz tatili ba\u015flad\u0131. Yaz tatili olunca anneannesi onlara gelir, onun i\u00e7in kendisi gibi tonton po\u011fa\u00e7alar, tatl\u0131 kurabiyeler yapar. Dinlemeye doyamad\u0131\u011f\u0131 hik\u00e2yeler anlat\u0131r. Bu sefer ona \u00e7ok g\u00fczel bir s\u00fcrprizi var anneannesinin. \u2013 Biliyor musun Elif, senin i\u00e7in \u00e7ok \u00f6zel bir \u015fey getirdim. \u2013 Ne getirdin anneanne? Yoksa \u00e7ikolatal\u0131 kurabiye mi? \u2013 Hay\u0131r Elif\u00e7i\u011fim, \u00e7ikolatal\u0131 kurabiye de\u011fil. Ama \u00e7ikolatal\u0131 kurabiye kadar tatl\u0131 bir \u015fey. Seninle tan\u0131\u015fmak i\u00e7in can atan tatl\u0131 m\u0131 tatl\u0131 arkada\u015flar. Hem bu arkada\u015flar \u00e7ok uzak bir yerden geldiler. Harfler \u00dclkesi\u2019nden\u2026 \u2013 Harfler \u00dclkesi mi? Oras\u0131 da neresi? \u2013 Farkl\u0131 dillerdeki t\u00fcm harfler Harfler \u00dclkesi\u2019nde ya\u015farlar. O \u00fclkenin en tatl\u0131 sakinleri de Kur\u2019an-\u0131 Kerim\u2019in harfleridir. Seni onlarla tan\u0131\u015ft\u0131ray\u0131m ister misin? \u2013 Hem de \u00e7ooook isterim! Sen de Elif\u2019le birlikte bu harfleri tan\u0131y\u0131p Rabbimizin s\u00f6zleri olan Kur\u2019an-\u0131 Kerim\u2019i okumak istemez misin? O halde ne duruyoruz, haydi ba\u015flayal\u0131m!<\/p>","protected":false},"featured_media":21843,"template":"","meta":{"spay_email":""},"product_cat":[172],"product_tag":[],"item":[685],"acf":[],"_links":{"self":[{"href":"https:\/\/mgvpublications.com\/de\/wp-json\/wp\/v2\/product\/20562"}],"collection":[{"href":"https:\/\/mgvpublications.com\/de\/wp-json\/wp\/v2\/product"}],"about":[{"href":"https:\/\/mgvpublications.com\/de\/wp-json\/wp\/v2\/types\/product"}],"wp:featuredmedia":[{"embeddable":true,"href":"https:\/\/mgvpublications.com\/de\/wp-json\/wp\/v2\/media\/21843"}],"wp:attachment":[{"href":"https:\/\/mgvpublications.com\/de\/wp-json\/wp\/v2\/media?parent=20562"}],"wp:term":[{"taxonomy":"product_cat","embeddable":true,"href":"https:\/\/mgvpublications.com\/de\/wp-json\/wp\/v2\/product_cat?post=20562"},{"taxonomy":"product_tag","embeddable":true,"href":"https:\/\/mgvpublications.com\/de\/wp-json\/wp\/v2\/product_tag?post=20562"},{"taxonomy":"item","embeddable":true,"href":"https:\/\/mgvpublications.com\/de\/wp-json\/wp\/v2\/item?post=20562"}],"curies":[{"name":"wp","href":"https:\/\/api.w.org\/{rel}","templated":true}]}}