{"id":20560,"date":"2021-10-08T22:49:47","date_gmt":"2021-10-08T20:49:47","guid":{"rendered":"https:\/\/mgvpublications.com\/produkt\/cocuklar-icin-ayet-ayet-allah-sevgisi\/"},"modified":"2022-03-08T22:55:46","modified_gmt":"2022-03-08T21:55:46","slug":"cocuklar-icin-ayet-ayet-allah-sevgisi","status":"publish","type":"product","link":"https:\/\/mgvpublications.com\/de\/cocuklar-icin-ayet-ayet-allah-sevgisi\/","title":{"rendered":"\u00c7ocuklar \u0130\u00e7in Ayet Ayet Allah Sevgisi"},"content":{"rendered":"<p>Kapak: Cemile Kocaer<br \/>Yay\u0131n Tarihi: 26.07.2021<br \/>ISBN: 9786257685665<br \/>Dil: T\u00dcRK\u00c7E<br \/>Sayfa Say\u0131s\u0131: 56<br \/>Cilt Tipi: Karton Kapak<br \/>Ka\u011f\u0131t Cinsi: 1. Hm. Ka\u011f\u0131t<br \/>Boyut: 20 x 28 cm<br \/>\u00c7izer: Murat Tanhu Y\u0131lmaz<br \/>Editor: \u00d6mer Faruk Paksu<\/p>","protected":false},"excerpt":{"rendered":"<p>Haz\u0131rsan yelkenlerini a\u00e7 bakal\u0131m! Kur\u2019an-\u0131 Kerim\u2019in sayfalar\u0131nda ayet denizine a\u00e7\u0131l\u0131yoruuuz! Sana bir mektuptan bahsedece\u011fim. G\u00fczel Rabbimizin bize g\u00f6nderdi\u011fi \u00e7ok \u00f6zel bir mektuptan\u2026 Bu mektubun ad\u0131 \u201cKur\u2019an-\u0131 Kerim\u201d. Peki neler yaz\u0131yor bu mektupta? Allah\u2019\u0131n bizi \u00e7ok sevdi\u011fi, yoktan var edip \u015fahane bir sistemle yaratt\u0131\u011f\u0131 ve bize \u00e7e\u015fit \u00e7e\u015fit nimetler verdi\u011fi yaz\u0131yor. Hep iyi olmam\u0131z\u0131 istedi\u011fi, bizimle s\u00fcrekli alakadar olup yol g\u00f6sterdi\u011fi, k\u00f6t\u00fcl\u00fcklerden koruyup hep yan\u0131m\u0131zda oldu\u011fu anlat\u0131l\u0131yor. \u0130steklerimize cevap verdi\u011fi, hatta istedi\u011fimiz \u015feylerden \u00e7ok daha g\u00fczelleriyle bizi sevindirdi\u011fi, bizi \u015fefkat ve merhametiyle ku\u015fatt\u0131\u011f\u0131 bildiriliyor bu mektupta. Bu mektup nas\u0131l m\u0131 olu\u015ftu? Harfler yan yana geldi, ayetler olu\u015ftu, her bir ayet bu kitab\u0131n sayfalar\u0131na ko\u015ftu. Okuyan \u00e7ocuklar\u0131n kalbi ferahlad\u0131, zihni a\u00e7\u0131ld\u0131, i\u00e7ine bol miktarda sevin\u00e7 ve ne\u015fe doldu. Haz\u0131rsan yelkenlerini a\u00e7 bakal\u0131m! Kur\u2019an-\u0131 Kerim\u2019in sayfalar\u0131nda ayet denizine a\u00e7\u0131l\u0131yoruuuz!<\/p>","protected":false},"featured_media":21395,"template":"","meta":{"spay_email":""},"product_cat":[172],"product_tag":[],"item":[685],"acf":[],"_links":{"self":[{"href":"https:\/\/mgvpublications.com\/de\/wp-json\/wp\/v2\/product\/20560"}],"collection":[{"href":"https:\/\/mgvpublications.com\/de\/wp-json\/wp\/v2\/product"}],"about":[{"href":"https:\/\/mgvpublications.com\/de\/wp-json\/wp\/v2\/types\/product"}],"wp:featuredmedia":[{"embeddable":true,"href":"https:\/\/mgvpublications.com\/de\/wp-json\/wp\/v2\/media\/21395"}],"wp:attachment":[{"href":"https:\/\/mgvpublications.com\/de\/wp-json\/wp\/v2\/media?parent=20560"}],"wp:term":[{"taxonomy":"product_cat","embeddable":true,"href":"https:\/\/mgvpublications.com\/de\/wp-json\/wp\/v2\/product_cat?post=20560"},{"taxonomy":"product_tag","embeddable":true,"href":"https:\/\/mgvpublications.com\/de\/wp-json\/wp\/v2\/product_tag?post=20560"},{"taxonomy":"item","embeddable":true,"href":"https:\/\/mgvpublications.com\/de\/wp-json\/wp\/v2\/item?post=20560"}],"curies":[{"name":"wp","href":"https:\/\/api.w.org\/{rel}","templated":true}]}}